{"id":957,"date":"2021-05-24T12:38:30","date_gmt":"2021-05-24T09:38:30","guid":{"rendered":"https:\/\/ciygifts.com\/?post_type=product&#038;p=957"},"modified":"2023-11-28T23:06:35","modified_gmt":"2023-11-28T21:06:35","slug":"card-set-colour-in-your-money-holder-card-5-envelopes","status":"publish","type":"product","link":"https:\/\/ciygifts.com\/et\/toode\/card-set-colour-in-your-money-holder-card-5-envelopes","title":{"rendered":"Kaardikomplekt \"V\u00e4rvi ise rahakaart\" + 5 \u00fcmbrikku"},"content":{"rendered":"<p>K\u00f5ik kaardid on joonistanud meie disainer Maria M\u00e4nd. Saad need ise oman\u00e4oliseks v\u00e4rvida ning \u00fcmbrikuks voltida. V\u00e4rvimisr\u00f5\u00f5mu v\u00f5id muidugi j\u00e4tta ka saajale. \nKaardi sisek\u00fcljel on ruumi Sinu personaalseks s\u00f5numiks ja sinna mahuvad kenasti nii rahat\u00e4hed, kui erinevad kinkekaardid.<\/p>\n<p>Voldituna on kaardi m\u00f5\u00f5tmeks 145 x 90 mm.<br \/>\nKaart mahub kenasti C6 m\u00f5\u00f5dus \u00fcmbrikusse. See komplekt sisaldab 5 C6 \u00fcmbrikku ( m\u00f5\u00f5dus 114x162 mm, 120 g\/m\u00b2).\nKolmnurkse kinnitusega, liimiribaga. V\u00e4rv: elevandiluu, katmata paber.<\/p>\n<p>Kaardid on tr\u00fckitud kvaliteetsetsele 300 g paberile. <span title=\"\">Kaartide v\u00e4rvimiseks v\u00f5id kasutada endale meelep\u00e4raseid joonistusvahendeid (v\u00e4rvi,-vilt-, tindipliiatseid vms).<\/span>\u00a0Kasutamisel soovitame olla ettevaatlik, lasta v\u00e4rvil kuivada ning j\u00e4lgida, et see laiali ei l\u00e4heks.<\/p>","protected":false},"excerpt":{"rendered":"<p>Komplektis on 5 erinevat k\u00e4sitsi joonistatud rahakaarti, mille saad ise oman\u00e4oliseks v\u00e4rvida ning \u00fcmbrikuks voltida. Komplekti kuulub 5 eraldi \u00fcmbrikku, kui soovid kaarte posti teel saada v\u00f5i kaitsta m\u00e4\u00e4rdumise eest.  Kaardi sisek\u00fcljel on ruumi Sinu personaalseks s\u00f5numiks. Sobib ideaalselt s\u00fcnnip\u00e4evadeks, kooli l\u00f5petamisteks, pulmadeks ja k\u00f5igiks teisteks t\u00e4htp\u00e4evadeks ning erilisteks hetkedeks elus.<br \/>\nKaardi sisek\u00fcljel on ruumi Sinu personaalseks s\u00f5numiks. Rahakaardid sobivad ideaalselt kinkimiseks nii s\u00fcnnip\u00e4evade, kooli l\u00f5petamiste, pulmade ja k\u00f5ikide t\u00e4htp\u00e4evade puhul.<\/p>","protected":false},"featured_media":1940,"template":"","meta":{"_mi_skip_tracking":false,"_monsterinsights_sitenote_active":false,"_monsterinsights_sitenote_note":"","_monsterinsights_sitenote_category":0},"product_cat":[58],"product_tag":[],"yoast_head":"<!-- This site is optimized with the Yoast SEO plugin v20.11 - https:\/\/yoast.com\/wordpress\/plugins\/seo\/ -->\n<title>Card set &quot;Colour In Your money holder card&quot; + 5 envelopes - CIY Gifts<\/title>\n<meta name=\"description\" content=\"Buy for birthdays, anniversaries, graduations and any special events in life. Fits cash or gift gards of your liking. 5 envelopes included.\" \/>\n<meta name=\"robots\" content=\"index, follow, max-snippet:-1, max-image-preview:large, max-video-preview:-1\" \/>\n<link rel=\"canonical\" href=\"https:\/\/ciygifts.com\/et\/toode\/card-set-colour-in-your-money-holder-card-5-envelopes\/\" \/>\n<meta property=\"og:locale\" content=\"et_EE\" \/>\n<meta property=\"og:type\" content=\"article\" \/>\n<meta property=\"og:title\" content=\"Card set &quot;Colour In Your money holder card&quot; + 5 envelopes - CIY Gifts\" \/>\n<meta property=\"og:description\" content=\"Buy for birthdays, anniversaries, graduations and any special events in life. Fits cash or gift gards of your liking. 5 envelopes included.\" \/>\n<meta property=\"og:url\" content=\"https:\/\/ciygifts.com\/et\/toode\/card-set-colour-in-your-money-holder-card-5-envelopes\/\" \/>\n<meta property=\"og:site_name\" content=\"CIY Gifts\" \/>\n<meta property=\"article:modified_time\" content=\"2023-11-28T21:06:35+00:00\" \/>\n<meta property=\"og:image\" content=\"https:\/\/ciygifts.com\/wp-content\/uploads\/2021\/05\/rahakaart-9-2.jpg\" \/>\n\t<meta property=\"og:image:width\" content=\"3820\" \/>\n\t<meta property=\"og:image:height\" content=\"2149\" \/>\n\t<meta property=\"og:image:type\" content=\"image\/jpeg\" \/>\n<meta name=\"twitter:card\" content=\"summary_large_image\" \/>\n<meta name=\"twitter:label1\" content=\"Est. reading time\" \/>\n\t<meta name=\"twitter:data1\" content=\"1 minut\" \/>\n<script type=\"application\/ld+json\" class=\"yoast-schema-graph\">{\"@context\":\"https:\/\/schema.org\",\"@graph\":[{\"@type\":\"WebPage\",\"@id\":\"https:\/\/ciygifts.com\/en\/product\/card-set-colour-in-your-money-holder-card-5-envelopes\",\"url\":\"https:\/\/ciygifts.com\/en\/product\/card-set-colour-in-your-money-holder-card-5-envelopes\",\"name\":\"Card set \\\"Colour In Your money holder card\\\" + 5 envelopes - CIY Gifts\",\"isPartOf\":{\"@id\":\"https:\/\/ciygifts.com\/en\/#website\"},\"datePublished\":\"2021-05-24T09:38:30+00:00\",\"dateModified\":\"2023-11-28T21:06:35+00:00\",\"description\":\"Buy for birthdays, anniversaries, graduations and any special events in life. Fits cash or gift gards of your liking. 5 envelopes included.\",\"breadcrumb\":{\"@id\":\"https:\/\/ciygifts.com\/en\/product\/card-set-colour-in-your-money-holder-card-5-envelopes#breadcrumb\"},\"inLanguage\":\"et\",\"potentialAction\":[{\"@type\":\"ReadAction\",\"target\":[\"https:\/\/ciygifts.com\/en\/product\/card-set-colour-in-your-money-holder-card-5-envelopes\"]}]},{\"@type\":\"BreadcrumbList\",\"@id\":\"https:\/\/ciygifts.com\/en\/product\/card-set-colour-in-your-money-holder-card-5-envelopes#breadcrumb\",\"itemListElement\":[{\"@type\":\"ListItem\",\"position\":1,\"name\":\"Home\",\"item\":\"https:\/\/ciygifts.com\/en\/\"},{\"@type\":\"ListItem\",\"position\":2,\"name\":\"Shop\",\"item\":\"https:\/\/ciygifts.com\/et\/shop\"},{\"@type\":\"ListItem\",\"position\":3,\"name\":\"Card set &#8220;Colour In Your money holder card&#8221; + 5 envelopes\"}]},{\"@type\":\"WebSite\",\"@id\":\"https:\/\/ciygifts.com\/en\/#website\",\"url\":\"https:\/\/ciygifts.com\/en\/\",\"name\":\"CIY Gifts\",\"description\":\"Colour In Your meaningful moments and memories\",\"publisher\":{\"@id\":\"https:\/\/ciygifts.com\/en\/#organization\"},\"potentialAction\":[{\"@type\":\"SearchAction\",\"target\":{\"@type\":\"EntryPoint\",\"urlTemplate\":\"https:\/\/ciygifts.com\/en\/?s={search_term_string}\"},\"query-input\":\"required name=search_term_string\"}],\"inLanguage\":\"et\"},{\"@type\":\"Organization\",\"@id\":\"https:\/\/ciygifts.com\/en\/#organization\",\"name\":\"CIY Gifts\",\"url\":\"https:\/\/ciygifts.com\/en\/\",\"logo\":{\"@type\":\"ImageObject\",\"inLanguage\":\"et\",\"@id\":\"https:\/\/ciygifts.com\/en\/#\/schema\/logo\/image\/\",\"url\":\"https:\/\/ciygifts.com\/wp-content\/uploads\/2022\/04\/cropped-GIFT-SHOP.png\",\"contentUrl\":\"https:\/\/ciygifts.com\/wp-content\/uploads\/2022\/04\/cropped-GIFT-SHOP.png\",\"width\":300,\"height\":306,\"caption\":\"CIY Gifts\"},\"image\":{\"@id\":\"https:\/\/ciygifts.com\/en\/#\/schema\/logo\/image\/\"}}]}<\/script>\n<!-- \/ Yoast SEO plugin. -->","yoast_head_json":{"title":"Card set \"Colour In Your money holder card\" + 5 envelopes - CIY Gifts","description":"Buy for birthdays, anniversaries, graduations and any special events in life. Fits cash or gift gards of your liking. 5 envelopes included.","robots":{"index":"index","follow":"follow","max-snippet":"max-snippet:-1","max-image-preview":"max-image-preview:large","max-video-preview":"max-video-preview:-1"},"canonical":"https:\/\/ciygifts.com\/et\/toode\/card-set-colour-in-your-money-holder-card-5-envelopes\/","og_locale":"et_EE","og_type":"article","og_title":"Card set \"Colour In Your money holder card\" + 5 envelopes - CIY Gifts","og_description":"Buy for birthdays, anniversaries, graduations and any special events in life. Fits cash or gift gards of your liking. 5 envelopes included.","og_url":"https:\/\/ciygifts.com\/et\/toode\/card-set-colour-in-your-money-holder-card-5-envelopes\/","og_site_name":"CIY Gifts","article_modified_time":"2023-11-28T21:06:35+00:00","og_image":[{"width":3820,"height":2149,"url":"https:\/\/ciygifts.com\/wp-content\/uploads\/2021\/05\/rahakaart-9-2.jpg","type":"image\/jpeg"}],"twitter_card":"summary_large_image","twitter_misc":{"Est. reading time":"1 minut"},"schema":{"@context":"https:\/\/schema.org","@graph":[{"@type":"WebPage","@id":"https:\/\/ciygifts.com\/en\/product\/card-set-colour-in-your-money-holder-card-5-envelopes","url":"https:\/\/ciygifts.com\/en\/product\/card-set-colour-in-your-money-holder-card-5-envelopes","name":"Card set \"Colour In Your money holder card\" + 5 envelopes - CIY Gifts","isPartOf":{"@id":"https:\/\/ciygifts.com\/en\/#website"},"datePublished":"2021-05-24T09:38:30+00:00","dateModified":"2023-11-28T21:06:35+00:00","description":"Buy for birthdays, anniversaries, graduations and any special events in life. Fits cash or gift gards of your liking. 5 envelopes included.","breadcrumb":{"@id":"https:\/\/ciygifts.com\/en\/product\/card-set-colour-in-your-money-holder-card-5-envelopes#breadcrumb"},"inLanguage":"et","potentialAction":[{"@type":"ReadAction","target":["https:\/\/ciygifts.com\/en\/product\/card-set-colour-in-your-money-holder-card-5-envelopes"]}]},{"@type":"BreadcrumbList","@id":"https:\/\/ciygifts.com\/en\/product\/card-set-colour-in-your-money-holder-card-5-envelopes#breadcrumb","itemListElement":[{"@type":"ListItem","position":1,"name":"Home","item":"https:\/\/ciygifts.com\/en\/"},{"@type":"ListItem","position":2,"name":"Shop","item":"https:\/\/ciygifts.com\/et\/shop"},{"@type":"ListItem","position":3,"name":"Card set &#8220;Colour In Your money holder card&#8221; + 5 envelopes"}]},{"@type":"WebSite","@id":"https:\/\/ciygifts.com\/en\/#website","url":"https:\/\/ciygifts.com\/en\/","name":"CIY Gifts","description":"Colour In Your meaningful moments and memories","publisher":{"@id":"https:\/\/ciygifts.com\/en\/#organization"},"potentialAction":[{"@type":"SearchAction","target":{"@type":"EntryPoint","urlTemplate":"https:\/\/ciygifts.com\/en\/?s={search_term_string}"},"query-input":"required name=search_term_string"}],"inLanguage":"et"},{"@type":"Organization","@id":"https:\/\/ciygifts.com\/en\/#organization","name":"CIY Gifts","url":"https:\/\/ciygifts.com\/en\/","logo":{"@type":"ImageObject","inLanguage":"et","@id":"https:\/\/ciygifts.com\/en\/#\/schema\/logo\/image\/","url":"https:\/\/ciygifts.com\/wp-content\/uploads\/2022\/04\/cropped-GIFT-SHOP.png","contentUrl":"https:\/\/ciygifts.com\/wp-content\/uploads\/2022\/04\/cropped-GIFT-SHOP.png","width":300,"height":306,"caption":"CIY Gifts"},"image":{"@id":"https:\/\/ciygifts.com\/en\/#\/schema\/logo\/image\/"}}]}},"_links":{"self":[{"href":"https:\/\/ciygifts.com\/et\/wp-json\/wp\/v2\/product\/957"}],"collection":[{"href":"https:\/\/ciygifts.com\/et\/wp-json\/wp\/v2\/product"}],"about":[{"href":"https:\/\/ciygifts.com\/et\/wp-json\/wp\/v2\/types\/product"}],"wp:featuredmedia":[{"embeddable":true,"href":"https:\/\/ciygifts.com\/et\/wp-json\/wp\/v2\/media\/1940"}],"wp:attachment":[{"href":"https:\/\/ciygifts.com\/et\/wp-json\/wp\/v2\/media?parent=957"}],"wp:term":[{"taxonomy":"product_cat","embeddable":true,"href":"https:\/\/ciygifts.com\/et\/wp-json\/wp\/v2\/product_cat?post=957"},{"taxonomy":"product_tag","embeddable":true,"href":"https:\/\/ciygifts.com\/et\/wp-json\/wp\/v2\/product_tag?post=957"}],"curies":[{"name":"wp","href":"https:\/\/api.w.org\/{rel}","templated":true}]}}