{"id":816,"date":"2020-12-18T05:30:53","date_gmt":"2020-12-18T05:30:53","guid":{"rendered":"https:\/\/ciygifts.com\/?post_type=product&#038;p=816"},"modified":"2023-11-28T23:06:35","modified_gmt":"2023-11-28T21:06:35","slug":"single-card","status":"publish","type":"product","link":"https:\/\/ciygifts.com\/et\/toode\/single-card","title":{"rendered":"\u00dcksikud kaardid"},"content":{"rendered":"<p>Vali oma lemmikud. Telli koos sobivate \u00fcmbrike ja eestisiseste markidega ning saadki peatselt oma l\u00e4hedasi juba personaalse s\u00f5numi ja meelespidamisega \u00fcllatada.<\/p>","protected":false},"excerpt":{"rendered":"<p>V\u00f5imalus osta \u00fcksikuid kaarte, piiratud kogused. Vali oma lemmikud ja \u00fcllata l\u00e4hedasi \u00fche kauni ise v\u00e4rvitud kaardi ning personaalse s\u00f5numiga.<\/p>","protected":false},"featured_media":1907,"template":"","meta":{"_mi_skip_tracking":false,"_monsterinsights_sitenote_active":false,"_monsterinsights_sitenote_note":"","_monsterinsights_sitenote_category":0},"product_cat":[53],"product_tag":[],"yoast_head":"<!-- This site is optimized with the Yoast SEO plugin v20.11 - https:\/\/yoast.com\/wordpress\/plugins\/seo\/ -->\n<title>Single card - CIY Gifts<\/title>\n<meta name=\"description\" content=\"Select your favourite design from our card set.\" \/>\n<meta name=\"robots\" content=\"index, follow, max-snippet:-1, max-image-preview:large, max-video-preview:-1\" \/>\n<link rel=\"canonical\" href=\"https:\/\/ciygifts.com\/et\/toode\/single-card\/\" \/>\n<meta property=\"og:locale\" content=\"et_EE\" \/>\n<meta property=\"og:type\" content=\"article\" \/>\n<meta property=\"og:title\" content=\"Single card - CIY Gifts\" \/>\n<meta property=\"og:description\" content=\"Select your favourite design from our card set.\" \/>\n<meta property=\"og:url\" content=\"https:\/\/ciygifts.com\/et\/toode\/single-card\/\" \/>\n<meta property=\"og:site_name\" content=\"CIY Gifts\" \/>\n<meta property=\"article:modified_time\" content=\"2023-11-28T21:06:35+00:00\" \/>\n<meta property=\"og:image\" content=\"https:\/\/ciygifts.com\/wp-content\/uploads\/2020\/09\/joulukaart-2.jpg\" \/>\n\t<meta property=\"og:image:width\" content=\"3820\" \/>\n\t<meta property=\"og:image:height\" content=\"2160\" \/>\n\t<meta property=\"og:image:type\" content=\"image\/jpeg\" \/>\n<meta name=\"twitter:card\" content=\"summary_large_image\" \/>\n<meta name=\"twitter:label1\" content=\"Est. reading time\" \/>\n\t<meta name=\"twitter:data1\" content=\"1 minut\" \/>\n<script type=\"application\/ld+json\" class=\"yoast-schema-graph\">{\"@context\":\"https:\/\/schema.org\",\"@graph\":[{\"@type\":\"WebPage\",\"@id\":\"https:\/\/ciygifts.com\/en\/product\/single-card\",\"url\":\"https:\/\/ciygifts.com\/en\/product\/single-card\",\"name\":\"Single card - CIY Gifts\",\"isPartOf\":{\"@id\":\"https:\/\/ciygifts.com\/en\/#website\"},\"datePublished\":\"2020-12-18T05:30:53+00:00\",\"dateModified\":\"2023-11-28T21:06:35+00:00\",\"description\":\"Select your favourite design from our card set.\",\"breadcrumb\":{\"@id\":\"https:\/\/ciygifts.com\/en\/product\/single-card#breadcrumb\"},\"inLanguage\":\"et\",\"potentialAction\":[{\"@type\":\"ReadAction\",\"target\":[\"https:\/\/ciygifts.com\/en\/product\/single-card\"]}]},{\"@type\":\"BreadcrumbList\",\"@id\":\"https:\/\/ciygifts.com\/en\/product\/single-card#breadcrumb\",\"itemListElement\":[{\"@type\":\"ListItem\",\"position\":1,\"name\":\"Home\",\"item\":\"https:\/\/ciygifts.com\/en\/\"},{\"@type\":\"ListItem\",\"position\":2,\"name\":\"Shop\",\"item\":\"https:\/\/ciygifts.com\/et\/shop\"},{\"@type\":\"ListItem\",\"position\":3,\"name\":\"Single card\"}]},{\"@type\":\"WebSite\",\"@id\":\"https:\/\/ciygifts.com\/en\/#website\",\"url\":\"https:\/\/ciygifts.com\/en\/\",\"name\":\"CIY Gifts\",\"description\":\"Colour In Your meaningful moments and memories\",\"publisher\":{\"@id\":\"https:\/\/ciygifts.com\/en\/#organization\"},\"potentialAction\":[{\"@type\":\"SearchAction\",\"target\":{\"@type\":\"EntryPoint\",\"urlTemplate\":\"https:\/\/ciygifts.com\/en\/?s={search_term_string}\"},\"query-input\":\"required name=search_term_string\"}],\"inLanguage\":\"et\"},{\"@type\":\"Organization\",\"@id\":\"https:\/\/ciygifts.com\/en\/#organization\",\"name\":\"CIY Gifts\",\"url\":\"https:\/\/ciygifts.com\/en\/\",\"logo\":{\"@type\":\"ImageObject\",\"inLanguage\":\"et\",\"@id\":\"https:\/\/ciygifts.com\/en\/#\/schema\/logo\/image\/\",\"url\":\"https:\/\/ciygifts.com\/wp-content\/uploads\/2022\/04\/cropped-GIFT-SHOP.png\",\"contentUrl\":\"https:\/\/ciygifts.com\/wp-content\/uploads\/2022\/04\/cropped-GIFT-SHOP.png\",\"width\":300,\"height\":306,\"caption\":\"CIY Gifts\"},\"image\":{\"@id\":\"https:\/\/ciygifts.com\/en\/#\/schema\/logo\/image\/\"}}]}<\/script>\n<!-- \/ Yoast SEO plugin. -->","yoast_head_json":{"title":"Single card - CIY Gifts","description":"Select your favourite design from our card set.","robots":{"index":"index","follow":"follow","max-snippet":"max-snippet:-1","max-image-preview":"max-image-preview:large","max-video-preview":"max-video-preview:-1"},"canonical":"https:\/\/ciygifts.com\/et\/toode\/single-card\/","og_locale":"et_EE","og_type":"article","og_title":"Single card - CIY Gifts","og_description":"Select your favourite design from our card set.","og_url":"https:\/\/ciygifts.com\/et\/toode\/single-card\/","og_site_name":"CIY Gifts","article_modified_time":"2023-11-28T21:06:35+00:00","og_image":[{"width":3820,"height":2160,"url":"https:\/\/ciygifts.com\/wp-content\/uploads\/2020\/09\/joulukaart-2.jpg","type":"image\/jpeg"}],"twitter_card":"summary_large_image","twitter_misc":{"Est. reading time":"1 minut"},"schema":{"@context":"https:\/\/schema.org","@graph":[{"@type":"WebPage","@id":"https:\/\/ciygifts.com\/en\/product\/single-card","url":"https:\/\/ciygifts.com\/en\/product\/single-card","name":"Single card - CIY Gifts","isPartOf":{"@id":"https:\/\/ciygifts.com\/en\/#website"},"datePublished":"2020-12-18T05:30:53+00:00","dateModified":"2023-11-28T21:06:35+00:00","description":"Select your favourite design from our card set.","breadcrumb":{"@id":"https:\/\/ciygifts.com\/en\/product\/single-card#breadcrumb"},"inLanguage":"et","potentialAction":[{"@type":"ReadAction","target":["https:\/\/ciygifts.com\/en\/product\/single-card"]}]},{"@type":"BreadcrumbList","@id":"https:\/\/ciygifts.com\/en\/product\/single-card#breadcrumb","itemListElement":[{"@type":"ListItem","position":1,"name":"Home","item":"https:\/\/ciygifts.com\/en\/"},{"@type":"ListItem","position":2,"name":"Shop","item":"https:\/\/ciygifts.com\/et\/shop"},{"@type":"ListItem","position":3,"name":"Single card"}]},{"@type":"WebSite","@id":"https:\/\/ciygifts.com\/en\/#website","url":"https:\/\/ciygifts.com\/en\/","name":"CIY Gifts","description":"Colour In Your meaningful moments and memories","publisher":{"@id":"https:\/\/ciygifts.com\/en\/#organization"},"potentialAction":[{"@type":"SearchAction","target":{"@type":"EntryPoint","urlTemplate":"https:\/\/ciygifts.com\/en\/?s={search_term_string}"},"query-input":"required name=search_term_string"}],"inLanguage":"et"},{"@type":"Organization","@id":"https:\/\/ciygifts.com\/en\/#organization","name":"CIY Gifts","url":"https:\/\/ciygifts.com\/en\/","logo":{"@type":"ImageObject","inLanguage":"et","@id":"https:\/\/ciygifts.com\/en\/#\/schema\/logo\/image\/","url":"https:\/\/ciygifts.com\/wp-content\/uploads\/2022\/04\/cropped-GIFT-SHOP.png","contentUrl":"https:\/\/ciygifts.com\/wp-content\/uploads\/2022\/04\/cropped-GIFT-SHOP.png","width":300,"height":306,"caption":"CIY Gifts"},"image":{"@id":"https:\/\/ciygifts.com\/en\/#\/schema\/logo\/image\/"}}]}},"_links":{"self":[{"href":"https:\/\/ciygifts.com\/et\/wp-json\/wp\/v2\/product\/816"}],"collection":[{"href":"https:\/\/ciygifts.com\/et\/wp-json\/wp\/v2\/product"}],"about":[{"href":"https:\/\/ciygifts.com\/et\/wp-json\/wp\/v2\/types\/product"}],"wp:featuredmedia":[{"embeddable":true,"href":"https:\/\/ciygifts.com\/et\/wp-json\/wp\/v2\/media\/1907"}],"wp:attachment":[{"href":"https:\/\/ciygifts.com\/et\/wp-json\/wp\/v2\/media?parent=816"}],"wp:term":[{"taxonomy":"product_cat","embeddable":true,"href":"https:\/\/ciygifts.com\/et\/wp-json\/wp\/v2\/product_cat?post=816"},{"taxonomy":"product_tag","embeddable":true,"href":"https:\/\/ciygifts.com\/et\/wp-json\/wp\/v2\/product_tag?post=816"}],"curies":[{"name":"wp","href":"https:\/\/api.w.org\/{rel}","templated":true}]}}