{"id":487,"date":"2020-10-19T10:19:52","date_gmt":"2020-10-19T10:19:52","guid":{"rendered":"https:\/\/ciygifts.joyoreesti.ee\/?post_type=product&#038;p=487"},"modified":"2023-11-28T23:06:35","modified_gmt":"2023-11-28T21:06:35","slug":"card-set-colour-in-your-winter-wishes-10-envelopes","status":"publish","type":"product","link":"https:\/\/ciygifts.com\/et\/toode\/card-set-colour-in-your-winter-wishes-10-envelopes","title":{"rendered":"Kaardikomplekt \"V\u00e4rvi ise talvesoovid\" + 10 \u00fcmbrikku"},"content":{"rendered":"<p><span class=\"tlid-translation translation\" lang=\"en\"><span class=\"\" title=\"\">Kaardid on pakendatud kenasse CIY Gifts \u00fcmbrisesse. \nNeed sobivad ideaalselt kinkimiseks ning \u00fcmbrise vahel on neid mugav \u00fches kohas koos hoida.<br \/>\n<span class=\"tojvnm2t a6sixzi8 abs2jz4q a8s20v7p t1p8iaqh k5wvi7nf q3lfd5jv pk4s997a bipmatt0 cebpdrjk qowsmv63 owwhemhu dp1hu0rb dhp61c6y iyyx5f41\">Kaardid on illustreerinud Maria M\u00e4nd,  inspiratsiooniks Dreamstime ja k\u00f5ik meid \u00fcmbritsev.<\/span><br \/>\n<\/span><\/span><span class=\"tlid-translation translation\" lang=\"en\"><span class=\"\" title=\"\"><span title=\"\">Kaartide v\u00e4rvimiseks v\u00f5id kasutada endale meelep\u00e4raseid joonistusvahendeid (v\u00e4rvi,-vilt-, tindipliiatseid vms).<\/span> Kasutamisel soovitame olla ettevaatlik, lasta v\u00e4rvil kuivada ning j\u00e4lgida, et see laiali ei l\u00e4heks.<\/span><\/span><\/p>\n<p>Lisaks kuuluvad komplekti:<br \/>\n- 10 kvaliteetset \u00fcmbrikku m\u00f5\u00f5dus 114*162 mm, 120 g\/<span class=\"aCOpRe\">m\u00b2.<\/span><\/p>\n<p>&nbsp;<\/p>","protected":false},"excerpt":{"rendered":"<p><span class=\"tlid-translation translation\" lang=\"en\"><span class=\"\" title=\"\">Komplekti kuulub 10 erineva kujundusega postkaarti m\u00f5\u00f5dus 155*108mm + 10 C6 \u00fcmbrikku (elevandiluu v\u00e4rvi).<br \/>\n<\/span><br \/>\n<\/span><\/p>","protected":false},"featured_media":1922,"template":"","meta":{"_mi_skip_tracking":false,"_monsterinsights_sitenote_active":false,"_monsterinsights_sitenote_note":"","_monsterinsights_sitenote_category":0},"product_cat":[53],"product_tag":[],"yoast_head":"<!-- This site is optimized with the Yoast SEO plugin v20.11 - https:\/\/yoast.com\/wordpress\/plugins\/seo\/ -->\n<title>Card set &quot;Colour In Your winter wishes&quot; + 10 envelopes - CIY Gifts<\/title>\n<meta name=\"robots\" content=\"index, follow, max-snippet:-1, max-image-preview:large, max-video-preview:-1\" \/>\n<link rel=\"canonical\" href=\"https:\/\/ciygifts.com\/et\/toode\/card-set-colour-in-your-winter-wishes-10-envelopes\/\" \/>\n<meta property=\"og:locale\" content=\"et_EE\" \/>\n<meta property=\"og:type\" content=\"article\" \/>\n<meta property=\"og:title\" content=\"Card set &quot;Colour In Your winter wishes&quot; + 10 envelopes - CIY Gifts\" \/>\n<meta property=\"og:description\" content=\"This set includes 10 handmade postcards with different designs (size 155 * 108mm) + 10 C6 size envelopes (ivory).\" \/>\n<meta property=\"og:url\" content=\"https:\/\/ciygifts.com\/et\/toode\/card-set-colour-in-your-winter-wishes-10-envelopes\/\" \/>\n<meta property=\"og:site_name\" content=\"CIY Gifts\" \/>\n<meta property=\"article:modified_time\" content=\"2023-11-28T21:06:35+00:00\" \/>\n<meta property=\"og:image\" content=\"https:\/\/ciygifts.com\/wp-content\/uploads\/2020\/10\/puhasP1330622_taustamuutmiseks.jpg\" \/>\n\t<meta property=\"og:image:width\" content=\"3820\" \/>\n\t<meta property=\"og:image:height\" content=\"2149\" \/>\n\t<meta property=\"og:image:type\" content=\"image\/jpeg\" \/>\n<meta name=\"twitter:card\" content=\"summary_large_image\" \/>\n<meta name=\"twitter:label1\" content=\"Est. reading time\" \/>\n\t<meta name=\"twitter:data1\" content=\"1 minut\" \/>\n<script type=\"application\/ld+json\" class=\"yoast-schema-graph\">{\"@context\":\"https:\/\/schema.org\",\"@graph\":[{\"@type\":\"WebPage\",\"@id\":\"https:\/\/ciygifts.com\/en\/product\/card-set-colour-in-your-winter-wishes-10-envelopes\",\"url\":\"https:\/\/ciygifts.com\/en\/product\/card-set-colour-in-your-winter-wishes-10-envelopes\",\"name\":\"Card set \\\"Colour In Your winter wishes\\\" + 10 envelopes - CIY Gifts\",\"isPartOf\":{\"@id\":\"https:\/\/ciygifts.com\/en\/#website\"},\"datePublished\":\"2020-10-19T10:19:52+00:00\",\"dateModified\":\"2023-11-28T21:06:35+00:00\",\"breadcrumb\":{\"@id\":\"https:\/\/ciygifts.com\/en\/product\/card-set-colour-in-your-winter-wishes-10-envelopes#breadcrumb\"},\"inLanguage\":\"et\",\"potentialAction\":[{\"@type\":\"ReadAction\",\"target\":[\"https:\/\/ciygifts.com\/en\/product\/card-set-colour-in-your-winter-wishes-10-envelopes\"]}]},{\"@type\":\"BreadcrumbList\",\"@id\":\"https:\/\/ciygifts.com\/en\/product\/card-set-colour-in-your-winter-wishes-10-envelopes#breadcrumb\",\"itemListElement\":[{\"@type\":\"ListItem\",\"position\":1,\"name\":\"Home\",\"item\":\"https:\/\/ciygifts.com\/en\/\"},{\"@type\":\"ListItem\",\"position\":2,\"name\":\"Shop\",\"item\":\"https:\/\/ciygifts.com\/et\/shop\"},{\"@type\":\"ListItem\",\"position\":3,\"name\":\"Card set &#8220;Colour In Your winter wishes&#8221; + 10 envelopes\"}]},{\"@type\":\"WebSite\",\"@id\":\"https:\/\/ciygifts.com\/en\/#website\",\"url\":\"https:\/\/ciygifts.com\/en\/\",\"name\":\"CIY Gifts\",\"description\":\"Colour In Your meaningful moments and memories\",\"publisher\":{\"@id\":\"https:\/\/ciygifts.com\/en\/#organization\"},\"potentialAction\":[{\"@type\":\"SearchAction\",\"target\":{\"@type\":\"EntryPoint\",\"urlTemplate\":\"https:\/\/ciygifts.com\/en\/?s={search_term_string}\"},\"query-input\":\"required name=search_term_string\"}],\"inLanguage\":\"et\"},{\"@type\":\"Organization\",\"@id\":\"https:\/\/ciygifts.com\/en\/#organization\",\"name\":\"CIY Gifts\",\"url\":\"https:\/\/ciygifts.com\/en\/\",\"logo\":{\"@type\":\"ImageObject\",\"inLanguage\":\"et\",\"@id\":\"https:\/\/ciygifts.com\/en\/#\/schema\/logo\/image\/\",\"url\":\"https:\/\/ciygifts.com\/wp-content\/uploads\/2022\/04\/cropped-GIFT-SHOP.png\",\"contentUrl\":\"https:\/\/ciygifts.com\/wp-content\/uploads\/2022\/04\/cropped-GIFT-SHOP.png\",\"width\":300,\"height\":306,\"caption\":\"CIY Gifts\"},\"image\":{\"@id\":\"https:\/\/ciygifts.com\/en\/#\/schema\/logo\/image\/\"}}]}<\/script>\n<!-- \/ Yoast SEO plugin. -->","yoast_head_json":{"title":"Card set \"Colour In Your winter wishes\" + 10 envelopes - CIY Gifts","robots":{"index":"index","follow":"follow","max-snippet":"max-snippet:-1","max-image-preview":"max-image-preview:large","max-video-preview":"max-video-preview:-1"},"canonical":"https:\/\/ciygifts.com\/et\/toode\/card-set-colour-in-your-winter-wishes-10-envelopes\/","og_locale":"et_EE","og_type":"article","og_title":"Card set \"Colour In Your winter wishes\" + 10 envelopes - CIY Gifts","og_description":"This set includes 10 handmade postcards with different designs (size 155 * 108mm) + 10 C6 size envelopes (ivory).","og_url":"https:\/\/ciygifts.com\/et\/toode\/card-set-colour-in-your-winter-wishes-10-envelopes\/","og_site_name":"CIY Gifts","article_modified_time":"2023-11-28T21:06:35+00:00","og_image":[{"width":3820,"height":2149,"url":"https:\/\/ciygifts.com\/wp-content\/uploads\/2020\/10\/puhasP1330622_taustamuutmiseks.jpg","type":"image\/jpeg"}],"twitter_card":"summary_large_image","twitter_misc":{"Est. reading time":"1 minut"},"schema":{"@context":"https:\/\/schema.org","@graph":[{"@type":"WebPage","@id":"https:\/\/ciygifts.com\/en\/product\/card-set-colour-in-your-winter-wishes-10-envelopes","url":"https:\/\/ciygifts.com\/en\/product\/card-set-colour-in-your-winter-wishes-10-envelopes","name":"Card set \"Colour In Your winter wishes\" + 10 envelopes - CIY Gifts","isPartOf":{"@id":"https:\/\/ciygifts.com\/en\/#website"},"datePublished":"2020-10-19T10:19:52+00:00","dateModified":"2023-11-28T21:06:35+00:00","breadcrumb":{"@id":"https:\/\/ciygifts.com\/en\/product\/card-set-colour-in-your-winter-wishes-10-envelopes#breadcrumb"},"inLanguage":"et","potentialAction":[{"@type":"ReadAction","target":["https:\/\/ciygifts.com\/en\/product\/card-set-colour-in-your-winter-wishes-10-envelopes"]}]},{"@type":"BreadcrumbList","@id":"https:\/\/ciygifts.com\/en\/product\/card-set-colour-in-your-winter-wishes-10-envelopes#breadcrumb","itemListElement":[{"@type":"ListItem","position":1,"name":"Home","item":"https:\/\/ciygifts.com\/en\/"},{"@type":"ListItem","position":2,"name":"Shop","item":"https:\/\/ciygifts.com\/et\/shop"},{"@type":"ListItem","position":3,"name":"Card set &#8220;Colour In Your winter wishes&#8221; + 10 envelopes"}]},{"@type":"WebSite","@id":"https:\/\/ciygifts.com\/en\/#website","url":"https:\/\/ciygifts.com\/en\/","name":"CIY Gifts","description":"Colour In Your meaningful moments and memories","publisher":{"@id":"https:\/\/ciygifts.com\/en\/#organization"},"potentialAction":[{"@type":"SearchAction","target":{"@type":"EntryPoint","urlTemplate":"https:\/\/ciygifts.com\/en\/?s={search_term_string}"},"query-input":"required name=search_term_string"}],"inLanguage":"et"},{"@type":"Organization","@id":"https:\/\/ciygifts.com\/en\/#organization","name":"CIY Gifts","url":"https:\/\/ciygifts.com\/en\/","logo":{"@type":"ImageObject","inLanguage":"et","@id":"https:\/\/ciygifts.com\/en\/#\/schema\/logo\/image\/","url":"https:\/\/ciygifts.com\/wp-content\/uploads\/2022\/04\/cropped-GIFT-SHOP.png","contentUrl":"https:\/\/ciygifts.com\/wp-content\/uploads\/2022\/04\/cropped-GIFT-SHOP.png","width":300,"height":306,"caption":"CIY Gifts"},"image":{"@id":"https:\/\/ciygifts.com\/en\/#\/schema\/logo\/image\/"}}]}},"_links":{"self":[{"href":"https:\/\/ciygifts.com\/et\/wp-json\/wp\/v2\/product\/487"}],"collection":[{"href":"https:\/\/ciygifts.com\/et\/wp-json\/wp\/v2\/product"}],"about":[{"href":"https:\/\/ciygifts.com\/et\/wp-json\/wp\/v2\/types\/product"}],"wp:featuredmedia":[{"embeddable":true,"href":"https:\/\/ciygifts.com\/et\/wp-json\/wp\/v2\/media\/1922"}],"wp:attachment":[{"href":"https:\/\/ciygifts.com\/et\/wp-json\/wp\/v2\/media?parent=487"}],"wp:term":[{"taxonomy":"product_cat","embeddable":true,"href":"https:\/\/ciygifts.com\/et\/wp-json\/wp\/v2\/product_cat?post=487"},{"taxonomy":"product_tag","embeddable":true,"href":"https:\/\/ciygifts.com\/et\/wp-json\/wp\/v2\/product_tag?post=487"}],"curies":[{"name":"wp","href":"https:\/\/api.w.org\/{rel}","templated":true}]}}