{"id":2388,"date":"2024-08-05T16:58:22","date_gmt":"2024-08-05T13:58:22","guid":{"rendered":"https:\/\/ciygifts.com\/?post_type=product&#038;p=2388"},"modified":"2025-12-15T06:32:20","modified_gmt":"2025-12-15T04:32:20","slug":"kids-t-shirts","status":"publish","type":"product","link":"https:\/\/ciygifts.com\/et\/toode\/kids-t-shirts","title":{"rendered":"Laste T-s\u00e4rgid"},"content":{"rendered":"<p><strong>N\u00fc\u00fcd saadaval meie uued t-s\u00e4rgid k\u00f5ikidele pere pisikestele r\u00f5\u00f5mupallidele ja \u00f5nneseentele.\u00a0<\/strong><\/p>\n<table class=\"woocommerce-product-attributes shop_attributes\">\n<tbody>\n<tr class=\"woocommerce-product-attributes-item woocommerce-product-attributes-item--attribute_pa_suurus\">\n<th class=\"woocommerce-product-attributes-item__label\">Suurus<\/th>\n<td class=\"woocommerce-product-attributes-item__value\">12M, 18M, 2\/4 aastat, 4\/6 aastat<\/td>\n<\/tr>\n<tr class=\"woocommerce-product-attributes-item woocommerce-product-attributes-item--attribute_pa_materjal\">\n<th class=\"woocommerce-product-attributes-item__label\">Materjal<\/th>\n<td class=\"woocommerce-product-attributes-item__value\">Orgaaniline puuvill, 100%<\/td>\n<\/tr>\n<tr class=\"woocommerce-product-attributes-item woocommerce-product-attributes-item--attribute_pa_pesujuhend\">\n<th class=\"woocommerce-product-attributes-item__label\">V\u00e4rvid<\/th>\n<td class=\"woocommerce-product-attributes-item__value\">pastelne roheline (suurused 2\/4; 4\/6) , vanaroosa (suurused 2\/4; 4\/6), fuktsiaroosa (suurused 9M;18M), taevasinine (suurused 9M; 18M)<\/td>\n<\/tr>\n<tr class=\"woocommerce-product-attributes-item woocommerce-product-attributes-item--attribute_pa_moodud\">\n<th class=\"woocommerce-product-attributes-item__label\">Pesemine ja triikimine<\/th>\n<td class=\"woocommerce-product-attributes-item__value\">Soovitame T-s\u00e4rke pesta ja triikida pahema k\u00fclje poolt. Heledad v\u00e4rvid tumedatest eraldi.<\/td>\n<\/tr>\n<\/tbody>\n<\/table>\n<p>Palun tutvu enne ostmist m\u00f5\u00f5dutabeliga ja veendu, et tellid \u00f5ige suuruse.<\/p>\n<p><img loading=\"lazy\" decoding=\"async\" class=\"alignnone wp-image-2389\" src=\"https:\/\/ciygifts.com\/wp-content\/uploads\/2024\/08\/Sargi-moodud-300x221.png\" alt=\"\" width=\"195\" height=\"144\" srcset=\"https:\/\/ciygifts.com\/wp-content\/uploads\/2024\/08\/Sargi-moodud-300x221.png 300w, https:\/\/ciygifts.com\/wp-content\/uploads\/2024\/08\/Sargi-moodud-16x12.png 16w, https:\/\/ciygifts.com\/wp-content\/uploads\/2024\/08\/Sargi-moodud-82x60.png 82w, https:\/\/ciygifts.com\/wp-content\/uploads\/2024\/08\/Sargi-moodud-122x90.png 122w, https:\/\/ciygifts.com\/wp-content\/uploads\/2024\/08\/Sargi-moodud.png 348w\" sizes=\"(max-width: 195px) 100vw, 195px\" \/><\/p>\n<table class=\"woocommerce-product-attributes shop_attributes\" style=\"height: 141px;\" width=\"436\">\n<tbody>\n<tr class=\"woocommerce-product-attributes-item woocommerce-product-attributes-item--attribute_pa_suurus\">\n<th class=\"woocommerce-product-attributes-item__label\">M\u00f5\u00f5tmed<\/th>\n<td class=\"woocommerce-product-attributes-item__value\">W05\/H05\/H15 (cm)<\/td>\n<\/tr>\n<tr class=\"woocommerce-product-attributes-item woocommerce-product-attributes-item--attribute_pa_materjal\">\n<th class=\"woocommerce-product-attributes-item__label\" style=\"text-align: left;\">9M<\/th>\n<td class=\"woocommerce-product-attributes-item__value\">24,5 \/ 29\u00a0 \/ 8,25<\/td>\n<\/tr>\n<tr class=\"woocommerce-product-attributes-item woocommerce-product-attributes-item--attribute_pa_pesujuhend\">\n<th class=\"woocommerce-product-attributes-item__label\" style=\"text-align: left;\">18M<\/th>\n<td class=\"woocommerce-product-attributes-item__value\">26,75 \/ 32,25 \/ 9,25<\/td>\n<\/tr>\n<tr class=\"woocommerce-product-attributes-item woocommerce-product-attributes-item--attribute_pa_varv\">\n<th class=\"woocommerce-product-attributes-item__label\" style=\"text-align: left;\">2\/4 aastat<\/th>\n<td class=\"woocommerce-product-attributes-item__value\">33 \/ 39,6 \/ 10,35<\/td>\n<\/tr>\n<tr class=\"woocommerce-product-attributes-item woocommerce-product-attributes-item--attribute_pa_moodud\">\n<th class=\"woocommerce-product-attributes-item__label\" style=\"text-align: left;\">4\/6 aastat<\/th>\n<td class=\"woocommerce-product-attributes-item__value\">34,7 \/ 44,40 \/ 12,45<\/td>\n<\/tr>\n<\/tbody>\n<\/table>\n<p>&nbsp;<\/p>\n<p>Kui neid s\u00e4rke vaadates tekib Sul m\u00f5te lasta endale ja oma pisiperele eritellimusena s\u00e4rgid teha, v\u00f5ta meiega julgelt \u00fchendust. Meie kontaktid on leitavad <a href=\"https:\/\/ciygifts.com\/et\/contact\/\" target=\"_blank\" rel=\"noopener\">siit.\u00a0<\/a><\/p>\n<p>J\u00e4lgi meid ka <a href=\"https:\/\/www.facebook.com\/CIYgifts\" target=\"_blank\" rel=\"noopener\">Facebookis<\/a> ja ole kursis k\u00f5ige uuemate uudiste ning parimate kampaaniatega.<\/p>\n<p><img loading=\"lazy\" decoding=\"async\" class=\"wp-image-2319 aligncenter\" src=\"https:\/\/ciygifts.com\/wp-content\/uploads\/2023\/07\/label2.webp\" alt=\"\" width=\"200\" height=\"92\" srcset=\"https:\/\/ciygifts.com\/wp-content\/uploads\/2023\/07\/label2.webp 200w, https:\/\/ciygifts.com\/wp-content\/uploads\/2023\/07\/label2-18x8.webp 18w, https:\/\/ciygifts.com\/wp-content\/uploads\/2023\/07\/label2-130x60.webp 130w, https:\/\/ciygifts.com\/wp-content\/uploads\/2023\/07\/label2-196x90.webp 196w\" sizes=\"(max-width: 200px) 100vw, 200px\" \/>\u00a0 \u00a0 \u00a0 <img loading=\"lazy\" decoding=\"async\" class=\"size-full wp-image-2322 aligncenter\" src=\"https:\/\/ciygifts.com\/wp-content\/uploads\/2023\/07\/label5.webp\" alt=\"\" width=\"99\" height=\"100\" srcset=\"https:\/\/ciygifts.com\/wp-content\/uploads\/2023\/07\/label5.webp 99w, https:\/\/ciygifts.com\/wp-content\/uploads\/2023\/07\/label5-12x12.webp 12w, https:\/\/ciygifts.com\/wp-content\/uploads\/2023\/07\/label5-59x60.webp 59w, https:\/\/ciygifts.com\/wp-content\/uploads\/2023\/07\/label5-89x90.webp 89w\" sizes=\"(max-width: 99px) 100vw, 99px\" \/><\/p>\n<p><img loading=\"lazy\" decoding=\"async\" class=\"wp-image-2321 aligncenter\" src=\"https:\/\/ciygifts.com\/wp-content\/uploads\/2023\/07\/label2.webp\" alt=\"\" width=\"66\" height=\"79\" srcset=\"https:\/\/ciygifts.com\/wp-content\/uploads\/2023\/07\/label2.webp 200w, https:\/\/ciygifts.com\/wp-content\/uploads\/2023\/07\/label2-18x8.webp 18w, https:\/\/ciygifts.com\/wp-content\/uploads\/2023\/07\/label2-130x60.webp 130w, https:\/\/ciygifts.com\/wp-content\/uploads\/2023\/07\/label2-196x90.webp 196w\" sizes=\"(max-width: 66px) 100vw, 66px\" \/><\/p>\n<p><img loading=\"lazy\" decoding=\"async\" class=\"wp-image-2318 aligncenter\" src=\"https:\/\/ciygifts.com\/wp-content\/uploads\/2023\/07\/label1.jpg\" alt=\"\" width=\"157\" height=\"82\" srcset=\"https:\/\/ciygifts.com\/wp-content\/uploads\/2023\/07\/label1.jpg 200w, https:\/\/ciygifts.com\/wp-content\/uploads\/2023\/07\/label1-18x9.jpg 18w, https:\/\/ciygifts.com\/wp-content\/uploads\/2023\/07\/label1-115x60.jpg 115w, https:\/\/ciygifts.com\/wp-content\/uploads\/2023\/07\/label1-173x90.jpg 173w\" sizes=\"(max-width: 157px) 100vw, 157px\" \/><\/p>","protected":false},"excerpt":{"rendered":"<p><strong>PIIRATUD KOGUS!<\/strong> Uued kvaliteetsed <strong>Laste T-s\u00e4rgid<\/strong> k\u00f5ikidele v\u00e4ikestele r\u00f5\u00f5mupallidele ja \u00f5nneseentele, nii poistele, kui t\u00fcdrukutele. Moekad v\u00e4rvid, oman\u00e4oline kujundus ja nahas\u00f5bralik materjal. 100% puuvill. Saadaval 4s erinevas v\u00e4rvitoonis ja 4s suuruses.<br \/>\n<strong>Sobivad suurep\u00e4raselt nii Sinu enda pisiperele, kui kingituseks!<\/strong><\/p>\n<p><strong>Eestimaine disain, k\u00f5rge kvaliteet:<\/strong><\/p>\n<ul>\n<li>pehme ja kvaliteetne puuvill<\/li>\n<li>k\u00fclje\u00f5mblused, s\u00e4rk ei veni v\u00e4lja<\/li>\n<li>sirge l\u00f5ige, sobib k\u00f5igile<\/li>\n<li>nahas\u00f5bralik ja m\u00f5nusalt pehme<\/li>\n<li>ens\u00fc\u00fcmiga pestud kangas<\/li>\n<li>1\u00d71 soonikkoes kaelus<\/li>\n<li>topelt \u00f5mblused varrukatel ja all\u00e4\u00e4rel<\/li>\n<li>paksus: 155 g\/m\u00b2<\/li>\n<\/ul>\n<p>&nbsp;<\/p>","protected":false},"featured_media":2390,"template":"","meta":{"_mi_skip_tracking":false,"_monsterinsights_sitenote_active":false,"_monsterinsights_sitenote_note":"","_monsterinsights_sitenote_category":0},"product_cat":[55],"product_tag":[],"yoast_head":"<!-- This site is optimized with the Yoast SEO plugin v20.11 - https:\/\/yoast.com\/wordpress\/plugins\/seo\/ -->\n<title>Kids\u00b4 T-shirts - both for girls and boys. Perfect for gift! CIY Gifts<\/title>\n<meta name=\"description\" content=\"NEW! Brand new high-quality Kids\u00b4 T-shirts! Made from 100% organic cotton, skin-friendly, cool colors. Fast delivery - order today, sent today!\" \/>\n<meta name=\"robots\" content=\"index, follow, max-snippet:-1, max-image-preview:large, max-video-preview:-1\" \/>\n<link rel=\"canonical\" href=\"https:\/\/ciygifts.com\/et\/toode\/kids-t-shirts\/\" \/>\n<meta property=\"og:locale\" content=\"et_EE\" \/>\n<meta property=\"og:type\" content=\"article\" \/>\n<meta property=\"og:title\" content=\"Kids\u00b4 T-shirts - both for girls and boys. Perfect for gift! CIY Gifts\" \/>\n<meta property=\"og:description\" content=\"NEW! Brand new high-quality Kids\u00b4 T-shirts! Made from 100% organic cotton, skin-friendly, cool colors. Fast delivery - order today, sent today!\" \/>\n<meta property=\"og:url\" content=\"https:\/\/ciygifts.com\/et\/toode\/kids-t-shirts\/\" \/>\n<meta property=\"og:site_name\" content=\"CIY Gifts\" \/>\n<meta property=\"article:modified_time\" content=\"2025-12-15T04:32:20+00:00\" \/>\n<meta property=\"og:image\" content=\"https:\/\/ciygifts.com\/wp-content\/uploads\/2024\/08\/jade-green@petal-rose-e1722854561194.jpg\" \/>\n\t<meta property=\"og:image:width\" content=\"2739\" \/>\n\t<meta property=\"og:image:height\" content=\"2319\" \/>\n\t<meta property=\"og:image:type\" content=\"image\/jpeg\" \/>\n<meta name=\"twitter:card\" content=\"summary_large_image\" \/>\n<meta name=\"twitter:label1\" content=\"Est. reading time\" \/>\n\t<meta name=\"twitter:data1\" content=\"2 minutit\" \/>\n<script type=\"application\/ld+json\" class=\"yoast-schema-graph\">{\"@context\":\"https:\/\/schema.org\",\"@graph\":[{\"@type\":\"WebPage\",\"@id\":\"https:\/\/ciygifts.com\/product\/kids-t-shirts\",\"url\":\"https:\/\/ciygifts.com\/product\/kids-t-shirts\",\"name\":\"Kids\u00b4 T-shirts - both for girls and boys. Perfect for gift! CIY Gifts\",\"isPartOf\":{\"@id\":\"https:\/\/ciygifts.com\/en\/#website\"},\"datePublished\":\"2024-08-05T13:58:22+00:00\",\"dateModified\":\"2025-12-15T04:32:20+00:00\",\"description\":\"NEW! Brand new high-quality Kids\u00b4 T-shirts! Made from 100% organic cotton, skin-friendly, cool colors. Fast delivery - order today, sent today!\",\"breadcrumb\":{\"@id\":\"https:\/\/ciygifts.com\/product\/kids-t-shirts#breadcrumb\"},\"inLanguage\":\"et\",\"potentialAction\":[{\"@type\":\"ReadAction\",\"target\":[\"https:\/\/ciygifts.com\/product\/kids-t-shirts\"]}]},{\"@type\":\"BreadcrumbList\",\"@id\":\"https:\/\/ciygifts.com\/product\/kids-t-shirts#breadcrumb\",\"itemListElement\":[{\"@type\":\"ListItem\",\"position\":1,\"name\":\"Home\",\"item\":\"https:\/\/ciygifts.com\/en\/\"},{\"@type\":\"ListItem\",\"position\":2,\"name\":\"Shop\",\"item\":\"https:\/\/ciygifts.com\/et\/shop\"},{\"@type\":\"ListItem\",\"position\":3,\"name\":\"Kids\u00b4 T-shirts\"}]},{\"@type\":\"WebSite\",\"@id\":\"https:\/\/ciygifts.com\/en\/#website\",\"url\":\"https:\/\/ciygifts.com\/en\/\",\"name\":\"CIY Gifts\",\"description\":\"Colour In Your meaningful moments and memories\",\"publisher\":{\"@id\":\"https:\/\/ciygifts.com\/en\/#organization\"},\"potentialAction\":[{\"@type\":\"SearchAction\",\"target\":{\"@type\":\"EntryPoint\",\"urlTemplate\":\"https:\/\/ciygifts.com\/en\/?s={search_term_string}\"},\"query-input\":\"required name=search_term_string\"}],\"inLanguage\":\"et\"},{\"@type\":\"Organization\",\"@id\":\"https:\/\/ciygifts.com\/en\/#organization\",\"name\":\"CIY Gifts\",\"url\":\"https:\/\/ciygifts.com\/en\/\",\"logo\":{\"@type\":\"ImageObject\",\"inLanguage\":\"et\",\"@id\":\"https:\/\/ciygifts.com\/en\/#\/schema\/logo\/image\/\",\"url\":\"https:\/\/ciygifts.com\/wp-content\/uploads\/2022\/04\/cropped-GIFT-SHOP.png\",\"contentUrl\":\"https:\/\/ciygifts.com\/wp-content\/uploads\/2022\/04\/cropped-GIFT-SHOP.png\",\"width\":300,\"height\":306,\"caption\":\"CIY Gifts\"},\"image\":{\"@id\":\"https:\/\/ciygifts.com\/en\/#\/schema\/logo\/image\/\"}}]}<\/script>\n<!-- \/ Yoast SEO plugin. -->","yoast_head_json":{"title":"Kids\u00b4 T-shirts - both for girls and boys. Perfect for gift! CIY Gifts","description":"NEW! Brand new high-quality Kids\u00b4 T-shirts! Made from 100% organic cotton, skin-friendly, cool colors. Fast delivery - order today, sent today!","robots":{"index":"index","follow":"follow","max-snippet":"max-snippet:-1","max-image-preview":"max-image-preview:large","max-video-preview":"max-video-preview:-1"},"canonical":"https:\/\/ciygifts.com\/et\/toode\/kids-t-shirts\/","og_locale":"et_EE","og_type":"article","og_title":"Kids\u00b4 T-shirts - both for girls and boys. Perfect for gift! CIY Gifts","og_description":"NEW! Brand new high-quality Kids\u00b4 T-shirts! Made from 100% organic cotton, skin-friendly, cool colors. Fast delivery - order today, sent today!","og_url":"https:\/\/ciygifts.com\/et\/toode\/kids-t-shirts\/","og_site_name":"CIY Gifts","article_modified_time":"2025-12-15T04:32:20+00:00","og_image":[{"width":2739,"height":2319,"url":"https:\/\/ciygifts.com\/wp-content\/uploads\/2024\/08\/jade-green@petal-rose-e1722854561194.jpg","type":"image\/jpeg"}],"twitter_card":"summary_large_image","twitter_misc":{"Est. reading time":"2 minutit"},"schema":{"@context":"https:\/\/schema.org","@graph":[{"@type":"WebPage","@id":"https:\/\/ciygifts.com\/product\/kids-t-shirts","url":"https:\/\/ciygifts.com\/product\/kids-t-shirts","name":"Kids\u00b4 T-shirts - both for girls and boys. Perfect for gift! CIY Gifts","isPartOf":{"@id":"https:\/\/ciygifts.com\/en\/#website"},"datePublished":"2024-08-05T13:58:22+00:00","dateModified":"2025-12-15T04:32:20+00:00","description":"NEW! Brand new high-quality Kids\u00b4 T-shirts! Made from 100% organic cotton, skin-friendly, cool colors. Fast delivery - order today, sent today!","breadcrumb":{"@id":"https:\/\/ciygifts.com\/product\/kids-t-shirts#breadcrumb"},"inLanguage":"et","potentialAction":[{"@type":"ReadAction","target":["https:\/\/ciygifts.com\/product\/kids-t-shirts"]}]},{"@type":"BreadcrumbList","@id":"https:\/\/ciygifts.com\/product\/kids-t-shirts#breadcrumb","itemListElement":[{"@type":"ListItem","position":1,"name":"Home","item":"https:\/\/ciygifts.com\/en\/"},{"@type":"ListItem","position":2,"name":"Shop","item":"https:\/\/ciygifts.com\/et\/shop"},{"@type":"ListItem","position":3,"name":"Kids\u00b4 T-shirts"}]},{"@type":"WebSite","@id":"https:\/\/ciygifts.com\/en\/#website","url":"https:\/\/ciygifts.com\/en\/","name":"CIY Gifts","description":"Colour In Your meaningful moments and memories","publisher":{"@id":"https:\/\/ciygifts.com\/en\/#organization"},"potentialAction":[{"@type":"SearchAction","target":{"@type":"EntryPoint","urlTemplate":"https:\/\/ciygifts.com\/en\/?s={search_term_string}"},"query-input":"required name=search_term_string"}],"inLanguage":"et"},{"@type":"Organization","@id":"https:\/\/ciygifts.com\/en\/#organization","name":"CIY Gifts","url":"https:\/\/ciygifts.com\/en\/","logo":{"@type":"ImageObject","inLanguage":"et","@id":"https:\/\/ciygifts.com\/en\/#\/schema\/logo\/image\/","url":"https:\/\/ciygifts.com\/wp-content\/uploads\/2022\/04\/cropped-GIFT-SHOP.png","contentUrl":"https:\/\/ciygifts.com\/wp-content\/uploads\/2022\/04\/cropped-GIFT-SHOP.png","width":300,"height":306,"caption":"CIY Gifts"},"image":{"@id":"https:\/\/ciygifts.com\/en\/#\/schema\/logo\/image\/"}}]}},"_links":{"self":[{"href":"https:\/\/ciygifts.com\/et\/wp-json\/wp\/v2\/product\/2388"}],"collection":[{"href":"https:\/\/ciygifts.com\/et\/wp-json\/wp\/v2\/product"}],"about":[{"href":"https:\/\/ciygifts.com\/et\/wp-json\/wp\/v2\/types\/product"}],"wp:featuredmedia":[{"embeddable":true,"href":"https:\/\/ciygifts.com\/et\/wp-json\/wp\/v2\/media\/2390"}],"wp:attachment":[{"href":"https:\/\/ciygifts.com\/et\/wp-json\/wp\/v2\/media?parent=2388"}],"wp:term":[{"taxonomy":"product_cat","embeddable":true,"href":"https:\/\/ciygifts.com\/et\/wp-json\/wp\/v2\/product_cat?post=2388"},{"taxonomy":"product_tag","embeddable":true,"href":"https:\/\/ciygifts.com\/et\/wp-json\/wp\/v2\/product_tag?post=2388"}],"curies":[{"name":"wp","href":"https:\/\/api.w.org\/{rel}","templated":true}]}}