{"id":2281,"date":"2023-07-14T12:39:23","date_gmt":"2023-07-14T09:39:23","guid":{"rendered":"https:\/\/ciygifts.com\/?post_type=product&#038;p=2281"},"modified":"2024-05-13T00:04:22","modified_gmt":"2024-05-12T21:04:22","slug":"unisex-t-shirt","status":"publish","type":"product","link":"https:\/\/ciygifts.com\/et\/toode\/unisex-t-shirt","title":{"rendered":"UUS! T-s\u00e4rk \"S\u00e4rasilm\""},"content":{"rendered":"<p><strong>Meie k\u00f5ige uuemad tooted - kelmikad, v\u00e4ikese vimkaga T-s\u00e4rgid k\u00f5igile, kes hindavad parimat kvaliteeti ja oman\u00e4olist disaini.\u00a0<\/strong><\/p>\n<table class=\"woocommerce-product-attributes shop_attributes\">\n<tbody>\n<tr class=\"woocommerce-product-attributes-item woocommerce-product-attributes-item--attribute_pa_suurus\">\n<th class=\"woocommerce-product-attributes-item__label\">Suurus<\/th>\n<td class=\"woocommerce-product-attributes-item__value\">Unisex mudel, S, M, L<\/td>\n<\/tr>\n<tr class=\"woocommerce-product-attributes-item woocommerce-product-attributes-item--attribute_pa_materjal\">\n<th class=\"woocommerce-product-attributes-item__label\">Materjal<\/th>\n<td class=\"woocommerce-product-attributes-item__value\">Orgaaniline puuvill, 100%<\/td>\n<\/tr>\n<tr class=\"woocommerce-product-attributes-item woocommerce-product-attributes-item--attribute_pa_pesujuhend\">\n<th class=\"woocommerce-product-attributes-item__label\">V\u00e4rvid<\/th>\n<td class=\"woocommerce-product-attributes-item__value\">valge, must<\/td>\n<\/tr>\n<tr class=\"woocommerce-product-attributes-item woocommerce-product-attributes-item--attribute_pa_moodud\">\n<th class=\"woocommerce-product-attributes-item__label\">Pesemine ja triikimine<\/th>\n<td class=\"woocommerce-product-attributes-item__value\">Soovitame enne pesemist ja triikimist s\u00e4rk tagurpidi p\u00f6\u00f6rata. Valgeid s\u00e4rke pesta v\u00e4rvilistest eraldi.<\/td>\n<\/tr>\n<\/tbody>\n<\/table>\n<p>&nbsp;<\/p>\n<p>Palun kontrolli eelnevalt s\u00e4rkide m\u00f5\u00f5tusid - nii saad olla kindel, et tellid \u00f5ige suuruse. Kui soovid veel mingit m\u00f5\u00f5tu t\u00e4psustada, v\u00f5ta meiega \u00fchendust. V\u00f5rreldes spetsiaalselt naistele disainitud mudelitega on need pigem veidi suuremad, kui tavalised naiste s\u00e4rgid.<\/p>\n<table class=\"woocommerce-product-attributes shop_attributes\" style=\"height: 141px;\" width=\"436\">\n<tbody>\n<tr class=\"woocommerce-product-attributes-item woocommerce-product-attributes-item--attribute_pa_suurus\">\n<th class=\"woocommerce-product-attributes-item__label\">M\u00f5\u00f5tmed<\/th>\n<td class=\"woocommerce-product-attributes-item__value\">Rind\/V\u00f6\u00f6koht\/Kaelus (cm)<\/td>\n<\/tr>\n<tr class=\"woocommerce-product-attributes-item woocommerce-product-attributes-item--attribute_pa_materjal\">\n<th class=\"woocommerce-product-attributes-item__label\">S<\/th>\n<td class=\"woocommerce-product-attributes-item__value\">90-94\/74-78\/36-37<\/td>\n<\/tr>\n<tr class=\"woocommerce-product-attributes-item woocommerce-product-attributes-item--attribute_pa_pesujuhend\">\n<th class=\"woocommerce-product-attributes-item__label\">M<\/th>\n<td class=\"woocommerce-product-attributes-item__value\">98-102\/82-86\/38-39<\/td>\n<\/tr>\n<tr class=\"woocommerce-product-attributes-item woocommerce-product-attributes-item--attribute_pa_varv\">\n<th class=\"woocommerce-product-attributes-item__label\">L<\/th>\n<td class=\"woocommerce-product-attributes-item__value\">102-106\/86-90,5\/39-40<\/td>\n<\/tr>\n<tr class=\"woocommerce-product-attributes-item woocommerce-product-attributes-item--attribute_pa_moodud\">\n<th class=\"woocommerce-product-attributes-item__label\"><\/th>\n<td class=\"woocommerce-product-attributes-item__value\"><\/td>\n<\/tr>\n<\/tbody>\n<\/table>\n<p>Kui neid s\u00e4rke vaadates tekib Sul m\u00f5te lasta endale ja oma tiimile eritellimusena s\u00e4rgid teha, v\u00f5ta meiega julgelt \u00fchendust. Meie kontaktid on leitavad <a href=\"https:\/\/ciygifts.com\/et\/contact\/\" target=\"_blank\" rel=\"noopener\">siit.\u00a0<\/a><\/p>\n<p>J\u00e4lgi meid ka <a href=\"https:\/\/www.facebook.com\/CIYgifts\" target=\"_blank\" rel=\"noopener\">Facebookis<\/a> ja ole kursis k\u00f5ige uuemate uudiste ning parimate kampaaniatega.<\/p>\n<div id='gallery-1' class='gallery galleryid-2281 gallery-columns-4 gallery-size-medium'><figure class='gallery-item'>\n\t\t\t<div class='gallery-icon portrait'>\n\t\t\t\t<a href='https:\/\/ciygifts.com\/et\/?attachment_id=2321'><img loading=\"lazy\" decoding=\"async\" width=\"84\" height=\"100\" src=\"https:\/\/ciygifts.com\/wp-content\/uploads\/2023\/07\/label2.webp\" class=\"attachment-medium size-medium\" alt=\"\" srcset=\"https:\/\/ciygifts.com\/wp-content\/uploads\/2023\/07\/label2.webp 200w, https:\/\/ciygifts.com\/wp-content\/uploads\/2023\/07\/label2-18x8.webp 18w, https:\/\/ciygifts.com\/wp-content\/uploads\/2023\/07\/label2-130x60.webp 130w, https:\/\/ciygifts.com\/wp-content\/uploads\/2023\/07\/label2-196x90.webp 196w\" sizes=\"(max-width: 84px) 100vw, 84px\" \/><\/a>\n\t\t\t<\/div><\/figure><figure class='gallery-item'>\n\t\t\t<div class='gallery-icon landscape'>\n\t\t\t\t<a href='https:\/\/ciygifts.com\/et\/?attachment_id=2319'><img loading=\"lazy\" decoding=\"async\" width=\"200\" height=\"92\" src=\"https:\/\/ciygifts.com\/wp-content\/uploads\/2023\/07\/label2.webp\" class=\"attachment-medium size-medium\" alt=\"\" srcset=\"https:\/\/ciygifts.com\/wp-content\/uploads\/2023\/07\/label2.webp 200w, https:\/\/ciygifts.com\/wp-content\/uploads\/2023\/07\/label2-18x8.webp 18w, https:\/\/ciygifts.com\/wp-content\/uploads\/2023\/07\/label2-130x60.webp 130w, https:\/\/ciygifts.com\/wp-content\/uploads\/2023\/07\/label2-196x90.webp 196w\" sizes=\"(max-width: 200px) 100vw, 200px\" \/><\/a>\n\t\t\t<\/div><\/figure><figure class='gallery-item'>\n\t\t\t<div class='gallery-icon portrait'>\n\t\t\t\t<a href='https:\/\/ciygifts.com\/et\/?attachment_id=2322'><img loading=\"lazy\" decoding=\"async\" width=\"99\" height=\"100\" src=\"https:\/\/ciygifts.com\/wp-content\/uploads\/2023\/07\/label5.webp\" class=\"attachment-medium size-medium\" alt=\"\" srcset=\"https:\/\/ciygifts.com\/wp-content\/uploads\/2023\/07\/label5.webp 99w, https:\/\/ciygifts.com\/wp-content\/uploads\/2023\/07\/label5-12x12.webp 12w, https:\/\/ciygifts.com\/wp-content\/uploads\/2023\/07\/label5-59x60.webp 59w, https:\/\/ciygifts.com\/wp-content\/uploads\/2023\/07\/label5-89x90.webp 89w\" sizes=\"(max-width: 99px) 100vw, 99px\" \/><\/a>\n\t\t\t<\/div><\/figure><figure class='gallery-item'>\n\t\t\t<div class='gallery-icon landscape'>\n\t\t\t\t<a href='https:\/\/ciygifts.com\/et\/?attachment_id=2318'><img loading=\"lazy\" decoding=\"async\" width=\"200\" height=\"104\" src=\"https:\/\/ciygifts.com\/wp-content\/uploads\/2023\/07\/label1.jpg\" class=\"attachment-medium size-medium\" alt=\"\" srcset=\"https:\/\/ciygifts.com\/wp-content\/uploads\/2023\/07\/label1.jpg 200w, https:\/\/ciygifts.com\/wp-content\/uploads\/2023\/07\/label1-18x9.jpg 18w, https:\/\/ciygifts.com\/wp-content\/uploads\/2023\/07\/label1-115x60.jpg 115w, https:\/\/ciygifts.com\/wp-content\/uploads\/2023\/07\/label1-173x90.jpg 173w\" sizes=\"(max-width: 200px) 100vw, 200px\" \/><\/a>\n\t\t\t<\/div><\/figure>\n\t\t<\/div>","protected":false},"excerpt":{"rendered":"<p><strong>Meie tutikad T-s\u00e4rgid on disainitud k\u00f5igile neile, kes hindavad head kvaliteeti ning oman\u00e4olist disaini. Loodud m\u00f5eldes spetsiaalselt neile s\u00e4rasilmsetele naistele, kes armastavad v\u00e4ikese vimkaga s\u00f5numeid ja julgevad teistest eristuda.<br \/>\n<\/strong><br \/>\nNeed nahas\u00f5bralikud ja mugavad s\u00e4rgid on joonistatud meie armsa disaineri Maria poolt ning valmistatud parimast, 100% orgaanilisest puuvillast. Hetkel saadaval kolmes erinevas suuruses (S, M ja L) ning kahes puhtas v\u00e4rvitoonis - s\u00e4ravvalge ja must. <strong>Sobivad suurep\u00e4raselt nii Sinu enda pisiperele, kui kingituseks!\u00a0<\/strong><\/p>","protected":false},"featured_media":2307,"template":"","meta":{"_mi_skip_tracking":false,"_monsterinsights_sitenote_active":false,"_monsterinsights_sitenote_note":"","_monsterinsights_sitenote_category":0},"product_cat":[55],"product_tag":[],"yoast_head":"<!-- This site is optimized with the Yoast SEO plugin v20.11 - https:\/\/yoast.com\/wordpress\/plugins\/seo\/ -->\n<title>NEW! T-shirt &quot;S\u00e4rasilm&quot;- great gift!<\/title>\n<meta name=\"description\" content=\"NEW! Brand new high-quality unisex T-shirt - great gift! Made from 100% organic cotton. Fast delivery - order today, sent today!\" \/>\n<meta name=\"robots\" content=\"index, follow, max-snippet:-1, max-image-preview:large, max-video-preview:-1\" \/>\n<link rel=\"canonical\" href=\"https:\/\/ciygifts.com\/et\/toode\/unisex-t-shirt\/\" \/>\n<meta property=\"og:locale\" content=\"et_EE\" \/>\n<meta property=\"og:type\" content=\"article\" \/>\n<meta property=\"og:title\" content=\"NEW! T-shirt &quot;S\u00e4rasilm&quot;- great gift!\" \/>\n<meta property=\"og:description\" content=\"NEW! Brand new high-quality unisex T-shirt - great gift! Made from 100% organic cotton. Fast delivery - order today, sent today!\" \/>\n<meta property=\"og:url\" content=\"https:\/\/ciygifts.com\/et\/toode\/unisex-t-shirt\/\" \/>\n<meta property=\"og:site_name\" content=\"CIY Gifts\" \/>\n<meta property=\"article:modified_time\" content=\"2024-05-12T21:04:22+00:00\" \/>\n<meta property=\"og:image\" content=\"https:\/\/ciygifts.com\/wp-content\/uploads\/2023\/07\/T-shirt1_front-e1689326674172.jpg\" \/>\n\t<meta property=\"og:image:width\" content=\"1012\" \/>\n\t<meta property=\"og:image:height\" content=\"733\" \/>\n\t<meta property=\"og:image:type\" content=\"image\/jpeg\" \/>\n<meta name=\"twitter:card\" content=\"summary_large_image\" \/>\n<meta name=\"twitter:label1\" content=\"Est. reading time\" \/>\n\t<meta name=\"twitter:data1\" content=\"1 minut\" \/>\n<script type=\"application\/ld+json\" class=\"yoast-schema-graph\">{\"@context\":\"https:\/\/schema.org\",\"@graph\":[{\"@type\":\"WebPage\",\"@id\":\"https:\/\/ciygifts.com\/en\/product\/unisex-t-shirt\",\"url\":\"https:\/\/ciygifts.com\/en\/product\/unisex-t-shirt\",\"name\":\"NEW! T-shirt \\\"S\u00e4rasilm\\\"- great gift!\",\"isPartOf\":{\"@id\":\"https:\/\/ciygifts.com\/en\/#website\"},\"datePublished\":\"2023-07-14T09:39:23+00:00\",\"dateModified\":\"2024-05-12T21:04:22+00:00\",\"description\":\"NEW! Brand new high-quality unisex T-shirt - great gift! Made from 100% organic cotton. Fast delivery - order today, sent today!\",\"breadcrumb\":{\"@id\":\"https:\/\/ciygifts.com\/en\/product\/unisex-t-shirt#breadcrumb\"},\"inLanguage\":\"et\",\"potentialAction\":[{\"@type\":\"ReadAction\",\"target\":[\"https:\/\/ciygifts.com\/en\/product\/unisex-t-shirt\"]}]},{\"@type\":\"BreadcrumbList\",\"@id\":\"https:\/\/ciygifts.com\/en\/product\/unisex-t-shirt#breadcrumb\",\"itemListElement\":[{\"@type\":\"ListItem\",\"position\":1,\"name\":\"Home\",\"item\":\"https:\/\/ciygifts.com\/en\/\"},{\"@type\":\"ListItem\",\"position\":2,\"name\":\"Shop\",\"item\":\"https:\/\/ciygifts.com\/et\/shop\"},{\"@type\":\"ListItem\",\"position\":3,\"name\":\"T-shirt &#8220;S\u00e4rasilm&#8221;\"}]},{\"@type\":\"WebSite\",\"@id\":\"https:\/\/ciygifts.com\/en\/#website\",\"url\":\"https:\/\/ciygifts.com\/en\/\",\"name\":\"CIY Gifts\",\"description\":\"Colour In Your meaningful moments and memories\",\"publisher\":{\"@id\":\"https:\/\/ciygifts.com\/en\/#organization\"},\"potentialAction\":[{\"@type\":\"SearchAction\",\"target\":{\"@type\":\"EntryPoint\",\"urlTemplate\":\"https:\/\/ciygifts.com\/en\/?s={search_term_string}\"},\"query-input\":\"required name=search_term_string\"}],\"inLanguage\":\"et\"},{\"@type\":\"Organization\",\"@id\":\"https:\/\/ciygifts.com\/en\/#organization\",\"name\":\"CIY Gifts\",\"url\":\"https:\/\/ciygifts.com\/en\/\",\"logo\":{\"@type\":\"ImageObject\",\"inLanguage\":\"et\",\"@id\":\"https:\/\/ciygifts.com\/en\/#\/schema\/logo\/image\/\",\"url\":\"https:\/\/ciygifts.com\/wp-content\/uploads\/2022\/04\/cropped-GIFT-SHOP.png\",\"contentUrl\":\"https:\/\/ciygifts.com\/wp-content\/uploads\/2022\/04\/cropped-GIFT-SHOP.png\",\"width\":300,\"height\":306,\"caption\":\"CIY Gifts\"},\"image\":{\"@id\":\"https:\/\/ciygifts.com\/en\/#\/schema\/logo\/image\/\"}}]}<\/script>\n<!-- \/ Yoast SEO plugin. -->","yoast_head_json":{"title":"NEW! T-shirt \"S\u00e4rasilm\"- great gift!","description":"NEW! Brand new high-quality unisex T-shirt - great gift! Made from 100% organic cotton. Fast delivery - order today, sent today!","robots":{"index":"index","follow":"follow","max-snippet":"max-snippet:-1","max-image-preview":"max-image-preview:large","max-video-preview":"max-video-preview:-1"},"canonical":"https:\/\/ciygifts.com\/et\/toode\/unisex-t-shirt\/","og_locale":"et_EE","og_type":"article","og_title":"NEW! T-shirt \"S\u00e4rasilm\"- great gift!","og_description":"NEW! Brand new high-quality unisex T-shirt - great gift! Made from 100% organic cotton. Fast delivery - order today, sent today!","og_url":"https:\/\/ciygifts.com\/et\/toode\/unisex-t-shirt\/","og_site_name":"CIY Gifts","article_modified_time":"2024-05-12T21:04:22+00:00","og_image":[{"width":1012,"height":733,"url":"https:\/\/ciygifts.com\/wp-content\/uploads\/2023\/07\/T-shirt1_front-e1689326674172.jpg","type":"image\/jpeg"}],"twitter_card":"summary_large_image","twitter_misc":{"Est. reading time":"1 minut"},"schema":{"@context":"https:\/\/schema.org","@graph":[{"@type":"WebPage","@id":"https:\/\/ciygifts.com\/en\/product\/unisex-t-shirt","url":"https:\/\/ciygifts.com\/en\/product\/unisex-t-shirt","name":"NEW! T-shirt \"S\u00e4rasilm\"- great gift!","isPartOf":{"@id":"https:\/\/ciygifts.com\/en\/#website"},"datePublished":"2023-07-14T09:39:23+00:00","dateModified":"2024-05-12T21:04:22+00:00","description":"NEW! Brand new high-quality unisex T-shirt - great gift! Made from 100% organic cotton. Fast delivery - order today, sent today!","breadcrumb":{"@id":"https:\/\/ciygifts.com\/en\/product\/unisex-t-shirt#breadcrumb"},"inLanguage":"et","potentialAction":[{"@type":"ReadAction","target":["https:\/\/ciygifts.com\/en\/product\/unisex-t-shirt"]}]},{"@type":"BreadcrumbList","@id":"https:\/\/ciygifts.com\/en\/product\/unisex-t-shirt#breadcrumb","itemListElement":[{"@type":"ListItem","position":1,"name":"Home","item":"https:\/\/ciygifts.com\/en\/"},{"@type":"ListItem","position":2,"name":"Shop","item":"https:\/\/ciygifts.com\/et\/shop"},{"@type":"ListItem","position":3,"name":"T-shirt &#8220;S\u00e4rasilm&#8221;"}]},{"@type":"WebSite","@id":"https:\/\/ciygifts.com\/en\/#website","url":"https:\/\/ciygifts.com\/en\/","name":"CIY Gifts","description":"Colour In Your meaningful moments and memories","publisher":{"@id":"https:\/\/ciygifts.com\/en\/#organization"},"potentialAction":[{"@type":"SearchAction","target":{"@type":"EntryPoint","urlTemplate":"https:\/\/ciygifts.com\/en\/?s={search_term_string}"},"query-input":"required name=search_term_string"}],"inLanguage":"et"},{"@type":"Organization","@id":"https:\/\/ciygifts.com\/en\/#organization","name":"CIY Gifts","url":"https:\/\/ciygifts.com\/en\/","logo":{"@type":"ImageObject","inLanguage":"et","@id":"https:\/\/ciygifts.com\/en\/#\/schema\/logo\/image\/","url":"https:\/\/ciygifts.com\/wp-content\/uploads\/2022\/04\/cropped-GIFT-SHOP.png","contentUrl":"https:\/\/ciygifts.com\/wp-content\/uploads\/2022\/04\/cropped-GIFT-SHOP.png","width":300,"height":306,"caption":"CIY Gifts"},"image":{"@id":"https:\/\/ciygifts.com\/en\/#\/schema\/logo\/image\/"}}]}},"_links":{"self":[{"href":"https:\/\/ciygifts.com\/et\/wp-json\/wp\/v2\/product\/2281"}],"collection":[{"href":"https:\/\/ciygifts.com\/et\/wp-json\/wp\/v2\/product"}],"about":[{"href":"https:\/\/ciygifts.com\/et\/wp-json\/wp\/v2\/types\/product"}],"wp:featuredmedia":[{"embeddable":true,"href":"https:\/\/ciygifts.com\/et\/wp-json\/wp\/v2\/media\/2307"}],"wp:attachment":[{"href":"https:\/\/ciygifts.com\/et\/wp-json\/wp\/v2\/media?parent=2281"}],"wp:term":[{"taxonomy":"product_cat","embeddable":true,"href":"https:\/\/ciygifts.com\/et\/wp-json\/wp\/v2\/product_cat?post=2281"},{"taxonomy":"product_tag","embeddable":true,"href":"https:\/\/ciygifts.com\/et\/wp-json\/wp\/v2\/product_tag?post=2281"}],"curies":[{"name":"wp","href":"https:\/\/api.w.org\/{rel}","templated":true}]}}