{"id":1902,"date":"2022-07-10T12:29:39","date_gmt":"2022-07-10T09:29:39","guid":{"rendered":"https:\/\/ciygifts.com\/en\/?post_type=product&#038;p=1902"},"modified":"2023-11-28T23:06:34","modified_gmt":"2023-11-28T21:06:34","slug":"new-babys-first-year-board","status":"publish","type":"product","link":"https:\/\/ciygifts.com\/et\/toode\/new-babys-first-year-board","title":{"rendered":"UUS! Esimese eluaasta tahvel"},"content":{"rendered":"<p>Uue ilmakodaniku esimene eluaasta on t\u00e4is tormilist arengut, palju p\u00f5nevaid ja hingematvalt ilusaid hetki. Talleta need vahva v\u00e4ikese inimese esimesed m\u00e4rgilised eluhetked <strong>\"Esimese eluaasta tahvlile\".<\/strong><\/p>\n<p>Tahvel on joonistatud kahe lapse ema ja meie disaineri Maria poolt ning sellele said kirja hetked, millede j\u00e4\u00e4dvustamine ka meie endi laste puhul oluline on olnud.<\/p>\n<p>M\u00f5\u00f5dud: A3 (300\u00d7400 mm)<br \/>\nMaterjal: 5 mm kapa<\/p>\n<p>Soovitame kirjutamiseks kasutada veekindlat markerit. Tahvliga on \u00fcks must marker juba ka kaasas. \nKirjutamisel ole ettevaatlik, lase v\u00e4rvil kuivada ja j\u00e4lgi, et see laiali ei l\u00e4heks. Soovi korral saad tahvlit ka v\u00e4rvida.<\/p>\n<p>Sa v\u00f5id olla huvitatud ka meie s\u00fcdamekujulistest \u00fcmbrikest, mida saad telllida <a href=\"https:\/\/ciygifts.com\/et\/toode\/card-set-colour-in-your-money-holder-card\/\" target=\"_blank\" rel=\"noopener\">5- kaardi komplektina<\/a> v\u00f5i ka <a href=\"https:\/\/ciygifts.com\/et\/toode\/money-holder-card\/\" target=\"_blank\" rel=\"noopener\">\u00fchekaupa,<\/a> just nii nagu soovid.<\/p>\n<p>&nbsp;<\/p>\n<p>&nbsp;<\/p>","protected":false},"excerpt":{"rendered":"<p>See beebi esimese eluaasta tahvel sobib h\u00e4sti katsikukingiks v\u00f5i enda lapse esimese eluaasta olulisemate s\u00fcndmuste j\u00e4\u00e4dvustamiseks.\nTahvliga on kaasas ka \u00fcks must veekindel marker ning kaks kinnitusaasa, millega saab tahvli seinale riputada. Soovi korral saad tahvli ka \u00e4ra raamida.<\/p>","protected":false},"featured_media":2082,"template":"","meta":{"_mi_skip_tracking":false,"_monsterinsights_sitenote_active":false,"_monsterinsights_sitenote_note":"","_monsterinsights_sitenote_category":0},"product_cat":[55],"product_tag":[],"yoast_head":"<!-- This site is optimized with the Yoast SEO plugin v20.11 - https:\/\/yoast.com\/wordpress\/plugins\/seo\/ -->\n<title>NEW! Baby\u00b4s first year board, hand-made and unique from CIY Gifts<\/title>\n<meta name=\"robots\" content=\"index, follow, max-snippet:-1, max-image-preview:large, max-video-preview:-1\" \/>\n<link rel=\"canonical\" href=\"https:\/\/ciygifts.com\/et\/toode\/new-babys-first-year-board\/\" \/>\n<meta property=\"og:locale\" content=\"et_EE\" \/>\n<meta property=\"og:type\" content=\"article\" \/>\n<meta property=\"og:title\" content=\"NEW! Baby\u00b4s first year board, hand-made and unique from CIY Gifts\" \/>\n<meta property=\"og:description\" content=\"This baby\u00b4s first year board is a great present for a baby shower and for your own child \u2013 to capture the most important moments of your little-one\u00b4s first year. The set includes one board, 1 black waterproof marker and two small loops for wall mounting.\" \/>\n<meta property=\"og:url\" content=\"https:\/\/ciygifts.com\/et\/toode\/new-babys-first-year-board\/\" \/>\n<meta property=\"og:site_name\" content=\"CIY Gifts\" \/>\n<meta property=\"article:modified_time\" content=\"2023-11-28T21:06:34+00:00\" \/>\n<meta property=\"og:image\" content=\"https:\/\/ciygifts.com\/wp-content\/uploads\/2022\/07\/beebikapa-landscape1.m-e1666116533748.jpg\" \/>\n\t<meta property=\"og:image:width\" content=\"1879\" \/>\n\t<meta property=\"og:image:height\" content=\"1536\" \/>\n\t<meta property=\"og:image:type\" content=\"image\/jpeg\" \/>\n<meta name=\"twitter:card\" content=\"summary_large_image\" \/>\n<meta name=\"twitter:label1\" content=\"Est. reading time\" \/>\n\t<meta name=\"twitter:data1\" content=\"1 minut\" \/>\n<script type=\"application\/ld+json\" class=\"yoast-schema-graph\">{\"@context\":\"https:\/\/schema.org\",\"@graph\":[{\"@type\":\"WebPage\",\"@id\":\"https:\/\/ciygifts.com\/en\/product\/new-babys-first-year-board\",\"url\":\"https:\/\/ciygifts.com\/en\/product\/new-babys-first-year-board\",\"name\":\"NEW! Baby\u00b4s first year board, hand-made and unique from CIY Gifts\",\"isPartOf\":{\"@id\":\"https:\/\/ciygifts.com\/en\/#website\"},\"datePublished\":\"2022-07-10T09:29:39+00:00\",\"dateModified\":\"2023-11-28T21:06:34+00:00\",\"breadcrumb\":{\"@id\":\"https:\/\/ciygifts.com\/en\/product\/new-babys-first-year-board#breadcrumb\"},\"inLanguage\":\"et\",\"potentialAction\":[{\"@type\":\"ReadAction\",\"target\":[\"https:\/\/ciygifts.com\/en\/product\/new-babys-first-year-board\"]}]},{\"@type\":\"BreadcrumbList\",\"@id\":\"https:\/\/ciygifts.com\/en\/product\/new-babys-first-year-board#breadcrumb\",\"itemListElement\":[{\"@type\":\"ListItem\",\"position\":1,\"name\":\"Home\",\"item\":\"https:\/\/ciygifts.com\/en\/\"},{\"@type\":\"ListItem\",\"position\":2,\"name\":\"Shop\",\"item\":\"https:\/\/ciygifts.com\/et\/shop\"},{\"@type\":\"ListItem\",\"position\":3,\"name\":\"NEW! Baby\u00b4s first year board\"}]},{\"@type\":\"WebSite\",\"@id\":\"https:\/\/ciygifts.com\/en\/#website\",\"url\":\"https:\/\/ciygifts.com\/en\/\",\"name\":\"CIY Gifts\",\"description\":\"Colour In Your meaningful moments and memories\",\"publisher\":{\"@id\":\"https:\/\/ciygifts.com\/en\/#organization\"},\"potentialAction\":[{\"@type\":\"SearchAction\",\"target\":{\"@type\":\"EntryPoint\",\"urlTemplate\":\"https:\/\/ciygifts.com\/en\/?s={search_term_string}\"},\"query-input\":\"required name=search_term_string\"}],\"inLanguage\":\"et\"},{\"@type\":\"Organization\",\"@id\":\"https:\/\/ciygifts.com\/en\/#organization\",\"name\":\"CIY Gifts\",\"url\":\"https:\/\/ciygifts.com\/en\/\",\"logo\":{\"@type\":\"ImageObject\",\"inLanguage\":\"et\",\"@id\":\"https:\/\/ciygifts.com\/en\/#\/schema\/logo\/image\/\",\"url\":\"https:\/\/ciygifts.com\/wp-content\/uploads\/2022\/04\/cropped-GIFT-SHOP.png\",\"contentUrl\":\"https:\/\/ciygifts.com\/wp-content\/uploads\/2022\/04\/cropped-GIFT-SHOP.png\",\"width\":300,\"height\":306,\"caption\":\"CIY Gifts\"},\"image\":{\"@id\":\"https:\/\/ciygifts.com\/en\/#\/schema\/logo\/image\/\"}}]}<\/script>\n<!-- \/ Yoast SEO plugin. -->","yoast_head_json":{"title":"NEW! Baby\u00b4s first year board, hand-made and unique from CIY Gifts","robots":{"index":"index","follow":"follow","max-snippet":"max-snippet:-1","max-image-preview":"max-image-preview:large","max-video-preview":"max-video-preview:-1"},"canonical":"https:\/\/ciygifts.com\/et\/toode\/new-babys-first-year-board\/","og_locale":"et_EE","og_type":"article","og_title":"NEW! Baby\u00b4s first year board, hand-made and unique from CIY Gifts","og_description":"This baby\u00b4s first year board is a great present for a baby shower and for your own child \u2013 to capture the most important moments of your little-one\u00b4s first year. The set includes one board, 1 black waterproof marker and two small loops for wall mounting.","og_url":"https:\/\/ciygifts.com\/et\/toode\/new-babys-first-year-board\/","og_site_name":"CIY Gifts","article_modified_time":"2023-11-28T21:06:34+00:00","og_image":[{"width":1879,"height":1536,"url":"https:\/\/ciygifts.com\/wp-content\/uploads\/2022\/07\/beebikapa-landscape1.m-e1666116533748.jpg","type":"image\/jpeg"}],"twitter_card":"summary_large_image","twitter_misc":{"Est. reading time":"1 minut"},"schema":{"@context":"https:\/\/schema.org","@graph":[{"@type":"WebPage","@id":"https:\/\/ciygifts.com\/en\/product\/new-babys-first-year-board","url":"https:\/\/ciygifts.com\/en\/product\/new-babys-first-year-board","name":"NEW! Baby\u00b4s first year board, hand-made and unique from CIY Gifts","isPartOf":{"@id":"https:\/\/ciygifts.com\/en\/#website"},"datePublished":"2022-07-10T09:29:39+00:00","dateModified":"2023-11-28T21:06:34+00:00","breadcrumb":{"@id":"https:\/\/ciygifts.com\/en\/product\/new-babys-first-year-board#breadcrumb"},"inLanguage":"et","potentialAction":[{"@type":"ReadAction","target":["https:\/\/ciygifts.com\/en\/product\/new-babys-first-year-board"]}]},{"@type":"BreadcrumbList","@id":"https:\/\/ciygifts.com\/en\/product\/new-babys-first-year-board#breadcrumb","itemListElement":[{"@type":"ListItem","position":1,"name":"Home","item":"https:\/\/ciygifts.com\/en\/"},{"@type":"ListItem","position":2,"name":"Shop","item":"https:\/\/ciygifts.com\/et\/shop"},{"@type":"ListItem","position":3,"name":"NEW! Baby\u00b4s first year board"}]},{"@type":"WebSite","@id":"https:\/\/ciygifts.com\/en\/#website","url":"https:\/\/ciygifts.com\/en\/","name":"CIY Gifts","description":"Colour In Your meaningful moments and memories","publisher":{"@id":"https:\/\/ciygifts.com\/en\/#organization"},"potentialAction":[{"@type":"SearchAction","target":{"@type":"EntryPoint","urlTemplate":"https:\/\/ciygifts.com\/en\/?s={search_term_string}"},"query-input":"required name=search_term_string"}],"inLanguage":"et"},{"@type":"Organization","@id":"https:\/\/ciygifts.com\/en\/#organization","name":"CIY Gifts","url":"https:\/\/ciygifts.com\/en\/","logo":{"@type":"ImageObject","inLanguage":"et","@id":"https:\/\/ciygifts.com\/en\/#\/schema\/logo\/image\/","url":"https:\/\/ciygifts.com\/wp-content\/uploads\/2022\/04\/cropped-GIFT-SHOP.png","contentUrl":"https:\/\/ciygifts.com\/wp-content\/uploads\/2022\/04\/cropped-GIFT-SHOP.png","width":300,"height":306,"caption":"CIY Gifts"},"image":{"@id":"https:\/\/ciygifts.com\/en\/#\/schema\/logo\/image\/"}}]}},"_links":{"self":[{"href":"https:\/\/ciygifts.com\/et\/wp-json\/wp\/v2\/product\/1902"}],"collection":[{"href":"https:\/\/ciygifts.com\/et\/wp-json\/wp\/v2\/product"}],"about":[{"href":"https:\/\/ciygifts.com\/et\/wp-json\/wp\/v2\/types\/product"}],"wp:featuredmedia":[{"embeddable":true,"href":"https:\/\/ciygifts.com\/et\/wp-json\/wp\/v2\/media\/2082"}],"wp:attachment":[{"href":"https:\/\/ciygifts.com\/et\/wp-json\/wp\/v2\/media?parent=1902"}],"wp:term":[{"taxonomy":"product_cat","embeddable":true,"href":"https:\/\/ciygifts.com\/et\/wp-json\/wp\/v2\/product_cat?post=1902"},{"taxonomy":"product_tag","embeddable":true,"href":"https:\/\/ciygifts.com\/et\/wp-json\/wp\/v2\/product_tag?post=1902"}],"curies":[{"name":"wp","href":"https:\/\/api.w.org\/{rel}","templated":true}]}}