{"id":1378,"date":"2022-02-01T10:44:19","date_gmt":"2022-02-01T08:44:19","guid":{"rendered":"https:\/\/ciygifts.com\/?post_type=product&#038;p=1378"},"modified":"2024-01-05T21:05:41","modified_gmt":"2024-01-05T19:05:41","slug":"gift-reflective-pendant","status":"publish","type":"product","link":"https:\/\/ciygifts.com\/et\/toode\/gift-reflective-pendant","title":{"rendered":"Kingitus \"Helkiv ripats\""},"content":{"rendered":"<p>Ripatsid on teinud <a href=\"https:\/\/krentu.com\" target=\"_blank\" rel=\"noopener\">Krentu<\/a>, k\u00e4sit\u00f6\u00f6na Eestis, Noarootsis.<\/p>\n<p><span class=\"VIiyi\" lang=\"en\"><span class=\"JLqJ4b ChMk0b\" data-language-for-alternatives=\"en\" data-language-to-translate-into=\"et\" data-phrase-index=\"0\" data-number-of-phrases=\"7\">Toote m\u00f5\u00f5tmed:<\/span><br \/>\n<span class=\"JLqJ4b ChMk0b\" data-language-for-alternatives=\"en\" data-language-to-translate-into=\"et\" data-phrase-index=\"2\" data-number-of-phrases=\"7\">Pikkus s\u00f5ltub mudelist. Kui soovid t\u00e4psemaid m\u00f5\u00f5te, kirjuta info@ciygifts.com.klient.veebimajutus.ee. <\/span><br \/>\n<\/span><span class=\"VIiyi\" lang=\"en\"><span class=\"JLqJ4b ChMk0b\" data-language-for-alternatives=\"en\" data-language-to-translate-into=\"et\" data-phrase-index=\"6\" data-number-of-phrases=\"7\">Materjalid: nahk v\u00f5i pol\u00fcprop\u00fcleenist pael, pol\u00fcestervilt, helkurkangas, metall.<br \/>\n<\/span><\/span><\/p>\n<p><span class=\"VIiyi\" lang=\"en\"><span class=\"JLqJ4b ChMk0b\" data-language-for-alternatives=\"en\" data-language-to-translate-into=\"et\" data-phrase-index=\"6\" data-number-of-phrases=\"7\">M\u00e4rka, et vaatamata sellele, et see ripats valgusvihus helgib, ei ole tegu sertifitseeritud helkuriga ehk isikukaitsevahendiga. Kanna koos sertifitseeritud helkuriga.<br \/>\n<\/span><\/span><\/p>","protected":false},"excerpt":{"rendered":"<p>Need k\u00e4sit\u00f6\u00f6na valminud Krentu helkivad ripatsid sobivad h\u00e4sti, kui soovid kinkida kvaliteetset Eesti disaini ja \u00fcllatada oma s\u00f5pra, last v\u00f5i armsamat. Pakendame selle CIY Gifts kaunisse s\u00fcdamekujulisse \u00fcmbrikku. Tutvu valikuga allpool. Vali k\u00f5igepealt \u00fcmbrik ja siis endale sobiv disain.<\/p>\n<p><img loading=\"lazy\" decoding=\"async\" class=\"wp-image-1925 size-thumbnail alignleft\" src=\"https:\/\/ciygifts.com\/wp-content\/uploads\/2021\/05\/rahakaart-3-1-150x150.jpg\" alt=\"diamonds\/rombid\" width=\"150\" height=\"150\" srcset=\"https:\/\/ciygifts.com\/wp-content\/uploads\/2021\/05\/rahakaart-3-1-150x150.jpg 150w, https:\/\/ciygifts.com\/wp-content\/uploads\/2021\/05\/rahakaart-3-1-600x600.jpg 600w, https:\/\/ciygifts.com\/wp-content\/uploads\/2021\/05\/rahakaart-3-1-300x300.jpg 300w, https:\/\/ciygifts.com\/wp-content\/uploads\/2021\/05\/rahakaart-3-1-100x100.jpg 100w\" sizes=\"(max-width: 150px) 100vw, 150px\" \/><\/p>\n<p>&nbsp;<\/p>\n<p>&nbsp;<\/p>\n<p>&nbsp;<\/p>\n<p><em>\u00a0<\/em><\/p>\n<p><em><span style=\"font-size: 14px;\"> rombid\u00a0 \u00a0 \u00a0 \u00a0 \u00a0 \u00a0<\/span><\/em><\/p>\n<p><img loading=\"lazy\" decoding=\"async\" class=\"alignnone wp-image-1924 size-thumbnail\" src=\"https:\/\/ciygifts.com\/wp-content\/uploads\/2021\/05\/rahakaart-2-1-150x150.jpg\" alt=\"feathers\/suled\" width=\"150\" height=\"150\" srcset=\"https:\/\/ciygifts.com\/wp-content\/uploads\/2021\/05\/rahakaart-2-1-150x150.jpg 150w, https:\/\/ciygifts.com\/wp-content\/uploads\/2021\/05\/rahakaart-2-1-600x600.jpg 600w, https:\/\/ciygifts.com\/wp-content\/uploads\/2021\/05\/rahakaart-2-1-300x300.jpg 300w, https:\/\/ciygifts.com\/wp-content\/uploads\/2021\/05\/rahakaart-2-1-100x100.jpg 100w\" sizes=\"(max-width: 150px) 100vw, 150px\" \/><\/p>\n<p><span style=\"font-size: 14px;\"><em>suled<\/em><\/span><\/p>","protected":false},"featured_media":1954,"template":"","meta":{"_mi_skip_tracking":false,"_monsterinsights_sitenote_active":false,"_monsterinsights_sitenote_note":"","_monsterinsights_sitenote_category":0},"product_cat":[55],"product_tag":[],"yoast_head":"<!-- This site is optimized with the Yoast SEO plugin v20.11 - https:\/\/yoast.com\/wordpress\/plugins\/seo\/ -->\n<title>Gift &quot;Reflective pendant&quot; - CIY Gifts<\/title>\n<meta name=\"description\" content=\"Great gift idea Handmade from Estonia - Krentu reflective pendants packaged into the heart-shaped envelope. Different designs.\" \/>\n<meta name=\"robots\" content=\"index, follow, max-snippet:-1, max-image-preview:large, max-video-preview:-1\" \/>\n<link rel=\"canonical\" href=\"https:\/\/ciygifts.com\/et\/toode\/gift-reflective-pendant\/\" \/>\n<meta property=\"og:locale\" content=\"et_EE\" \/>\n<meta property=\"og:type\" content=\"article\" \/>\n<meta property=\"og:title\" content=\"Gift &quot;Reflective pendant&quot; - CIY Gifts\" \/>\n<meta property=\"og:description\" content=\"Great gift idea Handmade from Estonia - Krentu reflective pendants packaged into the heart-shaped envelope. Different designs.\" \/>\n<meta property=\"og:url\" content=\"https:\/\/ciygifts.com\/et\/toode\/gift-reflective-pendant\/\" \/>\n<meta property=\"og:site_name\" content=\"CIY Gifts\" \/>\n<meta property=\"article:modified_time\" content=\"2024-01-05T19:05:41+00:00\" \/>\n<meta property=\"og:image\" content=\"https:\/\/ciygifts.com\/wp-content\/uploads\/2022\/02\/krentu-2-1-e1657608905848.jpg\" \/>\n\t<meta property=\"og:image:width\" content=\"3056\" \/>\n\t<meta property=\"og:image:height\" content=\"2148\" \/>\n\t<meta property=\"og:image:type\" content=\"image\/jpeg\" \/>\n<meta name=\"twitter:card\" content=\"summary_large_image\" \/>\n<meta name=\"twitter:label1\" content=\"Est. reading time\" \/>\n\t<meta name=\"twitter:data1\" content=\"1 minut\" \/>\n<script type=\"application\/ld+json\" class=\"yoast-schema-graph\">{\"@context\":\"https:\/\/schema.org\",\"@graph\":[{\"@type\":\"WebPage\",\"@id\":\"https:\/\/ciygifts.com\/product\/gift-reflective-pendant\",\"url\":\"https:\/\/ciygifts.com\/product\/gift-reflective-pendant\",\"name\":\"Gift \\\"Reflective pendant\\\" - CIY Gifts\",\"isPartOf\":{\"@id\":\"https:\/\/ciygifts.com\/en\/#website\"},\"datePublished\":\"2022-02-01T08:44:19+00:00\",\"dateModified\":\"2024-01-05T19:05:41+00:00\",\"description\":\"Great gift idea Handmade from Estonia - Krentu reflective pendants packaged into the heart-shaped envelope. Different designs.\",\"breadcrumb\":{\"@id\":\"https:\/\/ciygifts.com\/product\/gift-reflective-pendant#breadcrumb\"},\"inLanguage\":\"et\",\"potentialAction\":[{\"@type\":\"ReadAction\",\"target\":[\"https:\/\/ciygifts.com\/product\/gift-reflective-pendant\"]}]},{\"@type\":\"BreadcrumbList\",\"@id\":\"https:\/\/ciygifts.com\/product\/gift-reflective-pendant#breadcrumb\",\"itemListElement\":[{\"@type\":\"ListItem\",\"position\":1,\"name\":\"Home\",\"item\":\"https:\/\/ciygifts.com\/en\/\"},{\"@type\":\"ListItem\",\"position\":2,\"name\":\"Shop\",\"item\":\"https:\/\/ciygifts.com\/et\/shop\"},{\"@type\":\"ListItem\",\"position\":3,\"name\":\"Gift &#8220;Reflective pendant&#8221;\"}]},{\"@type\":\"WebSite\",\"@id\":\"https:\/\/ciygifts.com\/en\/#website\",\"url\":\"https:\/\/ciygifts.com\/en\/\",\"name\":\"CIY Gifts\",\"description\":\"Colour In Your meaningful moments and memories\",\"publisher\":{\"@id\":\"https:\/\/ciygifts.com\/en\/#organization\"},\"potentialAction\":[{\"@type\":\"SearchAction\",\"target\":{\"@type\":\"EntryPoint\",\"urlTemplate\":\"https:\/\/ciygifts.com\/en\/?s={search_term_string}\"},\"query-input\":\"required name=search_term_string\"}],\"inLanguage\":\"et\"},{\"@type\":\"Organization\",\"@id\":\"https:\/\/ciygifts.com\/en\/#organization\",\"name\":\"CIY Gifts\",\"url\":\"https:\/\/ciygifts.com\/en\/\",\"logo\":{\"@type\":\"ImageObject\",\"inLanguage\":\"et\",\"@id\":\"https:\/\/ciygifts.com\/en\/#\/schema\/logo\/image\/\",\"url\":\"https:\/\/ciygifts.com\/wp-content\/uploads\/2022\/04\/cropped-GIFT-SHOP.png\",\"contentUrl\":\"https:\/\/ciygifts.com\/wp-content\/uploads\/2022\/04\/cropped-GIFT-SHOP.png\",\"width\":300,\"height\":306,\"caption\":\"CIY Gifts\"},\"image\":{\"@id\":\"https:\/\/ciygifts.com\/en\/#\/schema\/logo\/image\/\"}}]}<\/script>\n<!-- \/ Yoast SEO plugin. -->","yoast_head_json":{"title":"Gift \"Reflective pendant\" - CIY Gifts","description":"Great gift idea Handmade from Estonia - Krentu reflective pendants packaged into the heart-shaped envelope. Different designs.","robots":{"index":"index","follow":"follow","max-snippet":"max-snippet:-1","max-image-preview":"max-image-preview:large","max-video-preview":"max-video-preview:-1"},"canonical":"https:\/\/ciygifts.com\/et\/toode\/gift-reflective-pendant\/","og_locale":"et_EE","og_type":"article","og_title":"Gift \"Reflective pendant\" - CIY Gifts","og_description":"Great gift idea Handmade from Estonia - Krentu reflective pendants packaged into the heart-shaped envelope. Different designs.","og_url":"https:\/\/ciygifts.com\/et\/toode\/gift-reflective-pendant\/","og_site_name":"CIY Gifts","article_modified_time":"2024-01-05T19:05:41+00:00","og_image":[{"width":3056,"height":2148,"url":"https:\/\/ciygifts.com\/wp-content\/uploads\/2022\/02\/krentu-2-1-e1657608905848.jpg","type":"image\/jpeg"}],"twitter_card":"summary_large_image","twitter_misc":{"Est. reading time":"1 minut"},"schema":{"@context":"https:\/\/schema.org","@graph":[{"@type":"WebPage","@id":"https:\/\/ciygifts.com\/product\/gift-reflective-pendant","url":"https:\/\/ciygifts.com\/product\/gift-reflective-pendant","name":"Gift \"Reflective pendant\" - CIY Gifts","isPartOf":{"@id":"https:\/\/ciygifts.com\/en\/#website"},"datePublished":"2022-02-01T08:44:19+00:00","dateModified":"2024-01-05T19:05:41+00:00","description":"Great gift idea Handmade from Estonia - Krentu reflective pendants packaged into the heart-shaped envelope. Different designs.","breadcrumb":{"@id":"https:\/\/ciygifts.com\/product\/gift-reflective-pendant#breadcrumb"},"inLanguage":"et","potentialAction":[{"@type":"ReadAction","target":["https:\/\/ciygifts.com\/product\/gift-reflective-pendant"]}]},{"@type":"BreadcrumbList","@id":"https:\/\/ciygifts.com\/product\/gift-reflective-pendant#breadcrumb","itemListElement":[{"@type":"ListItem","position":1,"name":"Home","item":"https:\/\/ciygifts.com\/en\/"},{"@type":"ListItem","position":2,"name":"Shop","item":"https:\/\/ciygifts.com\/et\/shop"},{"@type":"ListItem","position":3,"name":"Gift &#8220;Reflective pendant&#8221;"}]},{"@type":"WebSite","@id":"https:\/\/ciygifts.com\/en\/#website","url":"https:\/\/ciygifts.com\/en\/","name":"CIY Gifts","description":"Colour In Your meaningful moments and memories","publisher":{"@id":"https:\/\/ciygifts.com\/en\/#organization"},"potentialAction":[{"@type":"SearchAction","target":{"@type":"EntryPoint","urlTemplate":"https:\/\/ciygifts.com\/en\/?s={search_term_string}"},"query-input":"required name=search_term_string"}],"inLanguage":"et"},{"@type":"Organization","@id":"https:\/\/ciygifts.com\/en\/#organization","name":"CIY Gifts","url":"https:\/\/ciygifts.com\/en\/","logo":{"@type":"ImageObject","inLanguage":"et","@id":"https:\/\/ciygifts.com\/en\/#\/schema\/logo\/image\/","url":"https:\/\/ciygifts.com\/wp-content\/uploads\/2022\/04\/cropped-GIFT-SHOP.png","contentUrl":"https:\/\/ciygifts.com\/wp-content\/uploads\/2022\/04\/cropped-GIFT-SHOP.png","width":300,"height":306,"caption":"CIY Gifts"},"image":{"@id":"https:\/\/ciygifts.com\/en\/#\/schema\/logo\/image\/"}}]}},"_links":{"self":[{"href":"https:\/\/ciygifts.com\/et\/wp-json\/wp\/v2\/product\/1378"}],"collection":[{"href":"https:\/\/ciygifts.com\/et\/wp-json\/wp\/v2\/product"}],"about":[{"href":"https:\/\/ciygifts.com\/et\/wp-json\/wp\/v2\/types\/product"}],"wp:featuredmedia":[{"embeddable":true,"href":"https:\/\/ciygifts.com\/et\/wp-json\/wp\/v2\/media\/1954"}],"wp:attachment":[{"href":"https:\/\/ciygifts.com\/et\/wp-json\/wp\/v2\/media?parent=1378"}],"wp:term":[{"taxonomy":"product_cat","embeddable":true,"href":"https:\/\/ciygifts.com\/et\/wp-json\/wp\/v2\/product_cat?post=1378"},{"taxonomy":"product_tag","embeddable":true,"href":"https:\/\/ciygifts.com\/et\/wp-json\/wp\/v2\/product_tag?post=1378"}],"curies":[{"name":"wp","href":"https:\/\/api.w.org\/{rel}","templated":true}]}}