{"id":1301,"date":"2021-12-06T08:56:25","date_gmt":"2021-12-06T06:56:25","guid":{"rendered":"https:\/\/ciygifts.com\/?post_type=product&#038;p=1301"},"modified":"2023-11-28T23:06:35","modified_gmt":"2023-11-28T21:06:35","slug":"money-holder-card","status":"publish","type":"product","link":"https:\/\/ciygifts.com\/et\/toode\/money-holder-card","title":{"rendered":"\u00dcksikud rahakaardid"},"content":{"rendered":"<p>K\u00f5ik kaardid on joonistanud meie disainer Maria M\u00e4nd. Saad need ise oman\u00e4oliseks v\u00e4rvida ning \u00fcmbrikuks voltida. V\u00e4rvimisr\u00f5\u00f5mu v\u00f5id muidugi j\u00e4tta ka saajale. \nKaardi sisek\u00fcljel on ruumi Sinu personaalseks s\u00f5numiks ja sinna mahuvad kenasti nii rahat\u00e4hed, kui erinevad kinkekaardid.<\/p>\n<p>Kokkuvoldituna on kaardi m\u00f5\u00f5duks 145 x 90 mm. Kaart mahub C6 suuruses \u00fcmbrikusse ning on tr\u00fckitud kvaliteetsele 300 gr paberile. <span title=\"\">Kaartide v\u00e4rvimiseks v\u00f5id kasutada endale meelep\u00e4raseid joonistusvahendeid (v\u00e4rvi,-vilt-, tindipliiatseid vms).<\/span> Kasutamisel soovitame olla ettevaatlik, lasta v\u00e4rvil kuivada ning j\u00e4lgida, et see laiali ei l\u00e4heks.<\/p>","protected":false},"excerpt":{"rendered":"<p>UUS! Rahakaart, mille saad ise oman\u00e4oliseks v\u00e4rvida ning \u00fcmbrikuks voltida. Joonistatud spetsiaalselt j\u00f5uluaega ning aasta l\u00f5pu t\u00e4htp\u00e4evadele m\u00f5eldes. Kaardi sisek\u00fcljel on ruumi Sinu personaalseks s\u00f5numiks.<\/p>","protected":false},"featured_media":1934,"template":"","meta":{"_mi_skip_tracking":false,"_monsterinsights_sitenote_active":false,"_monsterinsights_sitenote_note":"","_monsterinsights_sitenote_category":0},"product_cat":[58],"product_tag":[],"yoast_head":"<!-- This site is optimized with the Yoast SEO plugin v20.11 - https:\/\/yoast.com\/wordpress\/plugins\/seo\/ -->\n<title>Single money holder card - CIY Gifts<\/title>\n<meta name=\"description\" content=\"NEW! Specially for winter time. Money holder card - perfect for your small gifts. Colour in the way you like and fold into an envelope.\" \/>\n<meta name=\"robots\" content=\"index, follow, max-snippet:-1, max-image-preview:large, max-video-preview:-1\" \/>\n<link rel=\"canonical\" href=\"https:\/\/ciygifts.com\/et\/toode\/money-holder-card\" \/>\n<meta property=\"og:locale\" content=\"et_EE\" \/>\n<meta property=\"og:type\" content=\"article\" \/>\n<meta property=\"og:title\" content=\"Single money holder card - CIY Gifts\" \/>\n<meta property=\"og:description\" content=\"NEW! Specially for winter time. Money holder card - perfect for your small gifts. Colour in the way you like and fold into an envelope.\" \/>\n<meta property=\"og:url\" content=\"https:\/\/ciygifts.com\/et\/toode\/money-holder-card\" \/>\n<meta property=\"og:site_name\" content=\"CIY Gifts\" \/>\n<meta property=\"article:modified_time\" content=\"2023-11-28T21:06:35+00:00\" \/>\n<meta property=\"og:image\" content=\"https:\/\/ciygifts.com\/wp-content\/uploads\/2021\/05\/uksik-rahakaart-1-1-e1657460047133.jpg\" \/>\n\t<meta property=\"og:image:width\" content=\"3189\" \/>\n\t<meta property=\"og:image:height\" content=\"2148\" \/>\n\t<meta property=\"og:image:type\" content=\"image\/jpeg\" \/>\n<meta name=\"twitter:card\" content=\"summary_large_image\" \/>\n<meta name=\"twitter:label1\" content=\"Est. reading time\" \/>\n\t<meta name=\"twitter:data1\" content=\"1 minut\" \/>\n<script type=\"application\/ld+json\" class=\"yoast-schema-graph\">{\"@context\":\"https:\/\/schema.org\",\"@graph\":[{\"@type\":\"WebPage\",\"@id\":\"https:\/\/ciygifts.com\/et\/toode\/money-holder-card\",\"url\":\"https:\/\/ciygifts.com\/et\/toode\/money-holder-card\",\"name\":\"Single money holder card - CIY Gifts\",\"isPartOf\":{\"@id\":\"https:\/\/ciygifts.com\/en\/#website\"},\"datePublished\":\"2021-12-06T06:56:25+00:00\",\"dateModified\":\"2023-11-28T21:06:35+00:00\",\"description\":\"NEW! Specially for winter time. Money holder card - perfect for your small gifts. Colour in the way you like and fold into an envelope.\",\"breadcrumb\":{\"@id\":\"https:\/\/ciygifts.com\/et\/toode\/money-holder-card#breadcrumb\"},\"inLanguage\":\"et\",\"potentialAction\":[{\"@type\":\"ReadAction\",\"target\":[\"https:\/\/ciygifts.com\/et\/toode\/money-holder-card\"]}]},{\"@type\":\"BreadcrumbList\",\"@id\":\"https:\/\/ciygifts.com\/et\/toode\/money-holder-card#breadcrumb\",\"itemListElement\":[{\"@type\":\"ListItem\",\"position\":1,\"name\":\"Home\",\"item\":\"https:\/\/ciygifts.com\/en\/\"},{\"@type\":\"ListItem\",\"position\":2,\"name\":\"Shop\",\"item\":\"https:\/\/ciygifts.com\/et\/shop\"},{\"@type\":\"ListItem\",\"position\":3,\"name\":\"Single money holder card\"}]},{\"@type\":\"WebSite\",\"@id\":\"https:\/\/ciygifts.com\/en\/#website\",\"url\":\"https:\/\/ciygifts.com\/en\/\",\"name\":\"CIY Gifts\",\"description\":\"Colour In Your meaningful moments and memories\",\"publisher\":{\"@id\":\"https:\/\/ciygifts.com\/en\/#organization\"},\"potentialAction\":[{\"@type\":\"SearchAction\",\"target\":{\"@type\":\"EntryPoint\",\"urlTemplate\":\"https:\/\/ciygifts.com\/en\/?s={search_term_string}\"},\"query-input\":\"required name=search_term_string\"}],\"inLanguage\":\"et\"},{\"@type\":\"Organization\",\"@id\":\"https:\/\/ciygifts.com\/en\/#organization\",\"name\":\"CIY Gifts\",\"url\":\"https:\/\/ciygifts.com\/en\/\",\"logo\":{\"@type\":\"ImageObject\",\"inLanguage\":\"et\",\"@id\":\"https:\/\/ciygifts.com\/en\/#\/schema\/logo\/image\/\",\"url\":\"https:\/\/ciygifts.com\/wp-content\/uploads\/2022\/04\/cropped-GIFT-SHOP.png\",\"contentUrl\":\"https:\/\/ciygifts.com\/wp-content\/uploads\/2022\/04\/cropped-GIFT-SHOP.png\",\"width\":300,\"height\":306,\"caption\":\"CIY Gifts\"},\"image\":{\"@id\":\"https:\/\/ciygifts.com\/en\/#\/schema\/logo\/image\/\"}}]}<\/script>\n<!-- \/ Yoast SEO plugin. -->","yoast_head_json":{"title":"Single money holder card - CIY Gifts","description":"NEW! Specially for winter time. Money holder card - perfect for your small gifts. Colour in the way you like and fold into an envelope.","robots":{"index":"index","follow":"follow","max-snippet":"max-snippet:-1","max-image-preview":"max-image-preview:large","max-video-preview":"max-video-preview:-1"},"canonical":"https:\/\/ciygifts.com\/et\/toode\/money-holder-card","og_locale":"et_EE","og_type":"article","og_title":"Single money holder card - CIY Gifts","og_description":"NEW! Specially for winter time. Money holder card - perfect for your small gifts. Colour in the way you like and fold into an envelope.","og_url":"https:\/\/ciygifts.com\/et\/toode\/money-holder-card","og_site_name":"CIY Gifts","article_modified_time":"2023-11-28T21:06:35+00:00","og_image":[{"width":3189,"height":2148,"url":"https:\/\/ciygifts.com\/wp-content\/uploads\/2021\/05\/uksik-rahakaart-1-1-e1657460047133.jpg","type":"image\/jpeg"}],"twitter_card":"summary_large_image","twitter_misc":{"Est. reading time":"1 minut"},"schema":{"@context":"https:\/\/schema.org","@graph":[{"@type":"WebPage","@id":"https:\/\/ciygifts.com\/et\/toode\/money-holder-card","url":"https:\/\/ciygifts.com\/et\/toode\/money-holder-card","name":"Single money holder card - CIY Gifts","isPartOf":{"@id":"https:\/\/ciygifts.com\/en\/#website"},"datePublished":"2021-12-06T06:56:25+00:00","dateModified":"2023-11-28T21:06:35+00:00","description":"NEW! Specially for winter time. Money holder card - perfect for your small gifts. Colour in the way you like and fold into an envelope.","breadcrumb":{"@id":"https:\/\/ciygifts.com\/et\/toode\/money-holder-card#breadcrumb"},"inLanguage":"et","potentialAction":[{"@type":"ReadAction","target":["https:\/\/ciygifts.com\/et\/toode\/money-holder-card"]}]},{"@type":"BreadcrumbList","@id":"https:\/\/ciygifts.com\/et\/toode\/money-holder-card#breadcrumb","itemListElement":[{"@type":"ListItem","position":1,"name":"Home","item":"https:\/\/ciygifts.com\/en\/"},{"@type":"ListItem","position":2,"name":"Shop","item":"https:\/\/ciygifts.com\/et\/shop"},{"@type":"ListItem","position":3,"name":"Single money holder card"}]},{"@type":"WebSite","@id":"https:\/\/ciygifts.com\/en\/#website","url":"https:\/\/ciygifts.com\/en\/","name":"CIY Gifts","description":"Colour In Your meaningful moments and memories","publisher":{"@id":"https:\/\/ciygifts.com\/en\/#organization"},"potentialAction":[{"@type":"SearchAction","target":{"@type":"EntryPoint","urlTemplate":"https:\/\/ciygifts.com\/en\/?s={search_term_string}"},"query-input":"required name=search_term_string"}],"inLanguage":"et"},{"@type":"Organization","@id":"https:\/\/ciygifts.com\/en\/#organization","name":"CIY Gifts","url":"https:\/\/ciygifts.com\/en\/","logo":{"@type":"ImageObject","inLanguage":"et","@id":"https:\/\/ciygifts.com\/en\/#\/schema\/logo\/image\/","url":"https:\/\/ciygifts.com\/wp-content\/uploads\/2022\/04\/cropped-GIFT-SHOP.png","contentUrl":"https:\/\/ciygifts.com\/wp-content\/uploads\/2022\/04\/cropped-GIFT-SHOP.png","width":300,"height":306,"caption":"CIY Gifts"},"image":{"@id":"https:\/\/ciygifts.com\/en\/#\/schema\/logo\/image\/"}}]}},"_links":{"self":[{"href":"https:\/\/ciygifts.com\/et\/wp-json\/wp\/v2\/product\/1301"}],"collection":[{"href":"https:\/\/ciygifts.com\/et\/wp-json\/wp\/v2\/product"}],"about":[{"href":"https:\/\/ciygifts.com\/et\/wp-json\/wp\/v2\/types\/product"}],"wp:featuredmedia":[{"embeddable":true,"href":"https:\/\/ciygifts.com\/et\/wp-json\/wp\/v2\/media\/1934"}],"wp:attachment":[{"href":"https:\/\/ciygifts.com\/et\/wp-json\/wp\/v2\/media?parent=1301"}],"wp:term":[{"taxonomy":"product_cat","embeddable":true,"href":"https:\/\/ciygifts.com\/et\/wp-json\/wp\/v2\/product_cat?post=1301"},{"taxonomy":"product_tag","embeddable":true,"href":"https:\/\/ciygifts.com\/et\/wp-json\/wp\/v2\/product_tag?post=1301"}],"curies":[{"name":"wp","href":"https:\/\/api.w.org\/{rel}","templated":true}]}}