{"id":1037,"date":"2021-07-07T10:22:02","date_gmt":"2021-07-07T07:22:02","guid":{"rendered":"https:\/\/ciygifts.com\/?post_type=product&#038;p=1037"},"modified":"2023-11-28T23:06:35","modified_gmt":"2023-11-28T21:06:35","slug":"loooma-board-game","status":"publish","type":"product","link":"https:\/\/ciygifts.com\/et\/toode\/loooma-board-game","title":{"rendered":"LOOOMA lauam\u00e4ng"},"content":{"rendered":"<p>M\u00e4ngulaua v\u00e4rvimiseks kasuta endale sobivaid joonistusvahendeid (v\u00e4rvi-, vilt-, tindipliiatsid vms). Kasutamisel ole ettevaatlik, lase v\u00e4rvil kuivada ja j\u00e4lgi, et see laiali ei l\u00e4heks. V\u00e4rvimiseks vajalikud vahendid ei kuulu komplekti.<\/p>\n<p>Komplektis olev m\u00e4ngujuhend on Sulle abiks nii m\u00e4ngimisel, kui inspiratsiooniks. Loo oma reeglid kasv\u00f5i igaks m\u00e4nguks ja naudi m\u00e4ngulusti koos pere v\u00f5i s\u00f5pradega.<\/p>\n<p><strong>M\u00e4ngukomplekti osad:<\/strong><br \/>\nt\u00e4ring, m\u00e4ngulaud, m\u00e4ngujuhend, 4 x 4 m\u00e4ngunuppu, puuvillasest riidest kott.<br \/>\nM\u00e4ngukomplekti osade v\u00e4rv v\u00f5i kuju v\u00f5ivad erineda pakendil kujutatust. Nupud on valminud k\u00e4sit\u00f6\u00f6na ja iga komplekt on ainulaadne. Need ei ole s\u00f6\u00f6davad (valmistatud pol\u00fcmeersavist) ja v\u00f5ivad j\u00f5u rakendamisel puruneda.<\/p>\n<p>M\u00e4ngulaua on joonistanud ja m\u00e4ngunupud k\u00e4sitsi valmistanud meie imeliselt andekas Maria M\u00e4nd.<\/p>","protected":false},"excerpt":{"rendered":"<p>Tuntud ja armastatud \u00fcmbermaailma reisil p\u00f5hinev lauam\u00e4ng uues ja p\u00f5nevas kuues. V\u00e4rvi oma m\u00e4ngulaud, kasuta olemasolevaid reegleid v\u00f5i loo enda omad. M\u00e4ngi just nii, nagu Sulle meeldib. Ideaalne kingituseks ja \u00fchiseks ajaveetmiseks pere ning s\u00f5pradega.<\/p>","protected":false},"featured_media":1944,"template":"","meta":{"_mi_skip_tracking":false,"_monsterinsights_sitenote_active":false,"_monsterinsights_sitenote_note":"","_monsterinsights_sitenote_category":0},"product_cat":[56],"product_tag":[],"yoast_head":"<!-- This site is optimized with the Yoast SEO plugin v20.11 - https:\/\/yoast.com\/wordpress\/plugins\/seo\/ -->\n<title>LOOOMA board game - CIY Gifts<\/title>\n<meta name=\"description\" content=\"NEW! Colour In Your own board game, just the way you like. Perfect for gifts and spending time with family. Handmade board game buttons.\" \/>\n<meta name=\"robots\" content=\"index, follow, max-snippet:-1, max-image-preview:large, max-video-preview:-1\" \/>\n<link rel=\"canonical\" href=\"https:\/\/ciygifts.com\/et\/toode\/loooma-board-game\" \/>\n<meta property=\"og:locale\" content=\"et_EE\" \/>\n<meta property=\"og:type\" content=\"article\" \/>\n<meta property=\"og:title\" content=\"LOOOMA board game - CIY Gifts\" \/>\n<meta property=\"og:description\" content=\"NEW! Colour In Your own board game, just the way you like. Perfect for gifts and spending time with family. Handmade board game buttons.\" \/>\n<meta property=\"og:url\" content=\"https:\/\/ciygifts.com\/et\/toode\/loooma-board-game\" \/>\n<meta property=\"og:site_name\" content=\"CIY Gifts\" \/>\n<meta property=\"article:modified_time\" content=\"2023-11-28T21:06:35+00:00\" \/>\n<meta property=\"og:image\" content=\"https:\/\/ciygifts.com\/wp-content\/uploads\/2021\/07\/lauamang-2-e1657465112637.jpg\" \/>\n\t<meta property=\"og:image:width\" content=\"3552\" \/>\n\t<meta property=\"og:image:height\" content=\"2148\" \/>\n\t<meta property=\"og:image:type\" content=\"image\/jpeg\" \/>\n<meta name=\"twitter:card\" content=\"summary_large_image\" \/>\n<meta name=\"twitter:label1\" content=\"Est. reading time\" \/>\n\t<meta name=\"twitter:data1\" content=\"1 minut\" \/>\n<script type=\"application\/ld+json\" class=\"yoast-schema-graph\">{\"@context\":\"https:\/\/schema.org\",\"@graph\":[{\"@type\":\"WebPage\",\"@id\":\"https:\/\/ciygifts.com\/et\/toode\/loooma-board-game\",\"url\":\"https:\/\/ciygifts.com\/et\/toode\/loooma-board-game\",\"name\":\"LOOOMA board game - CIY Gifts\",\"isPartOf\":{\"@id\":\"https:\/\/ciygifts.com\/en\/#website\"},\"datePublished\":\"2021-07-07T07:22:02+00:00\",\"dateModified\":\"2023-11-28T21:06:35+00:00\",\"description\":\"NEW! Colour In Your own board game, just the way you like. Perfect for gifts and spending time with family. Handmade board game buttons.\",\"breadcrumb\":{\"@id\":\"https:\/\/ciygifts.com\/et\/toode\/loooma-board-game#breadcrumb\"},\"inLanguage\":\"et\",\"potentialAction\":[{\"@type\":\"ReadAction\",\"target\":[\"https:\/\/ciygifts.com\/et\/toode\/loooma-board-game\"]}]},{\"@type\":\"BreadcrumbList\",\"@id\":\"https:\/\/ciygifts.com\/et\/toode\/loooma-board-game#breadcrumb\",\"itemListElement\":[{\"@type\":\"ListItem\",\"position\":1,\"name\":\"Home\",\"item\":\"https:\/\/ciygifts.com\/en\/\"},{\"@type\":\"ListItem\",\"position\":2,\"name\":\"Shop\",\"item\":\"https:\/\/ciygifts.com\/et\/shop\"},{\"@type\":\"ListItem\",\"position\":3,\"name\":\"LOOOMA board game\"}]},{\"@type\":\"WebSite\",\"@id\":\"https:\/\/ciygifts.com\/en\/#website\",\"url\":\"https:\/\/ciygifts.com\/en\/\",\"name\":\"CIY Gifts\",\"description\":\"Colour In Your meaningful moments and memories\",\"publisher\":{\"@id\":\"https:\/\/ciygifts.com\/en\/#organization\"},\"potentialAction\":[{\"@type\":\"SearchAction\",\"target\":{\"@type\":\"EntryPoint\",\"urlTemplate\":\"https:\/\/ciygifts.com\/en\/?s={search_term_string}\"},\"query-input\":\"required name=search_term_string\"}],\"inLanguage\":\"et\"},{\"@type\":\"Organization\",\"@id\":\"https:\/\/ciygifts.com\/en\/#organization\",\"name\":\"CIY Gifts\",\"url\":\"https:\/\/ciygifts.com\/en\/\",\"logo\":{\"@type\":\"ImageObject\",\"inLanguage\":\"et\",\"@id\":\"https:\/\/ciygifts.com\/en\/#\/schema\/logo\/image\/\",\"url\":\"https:\/\/ciygifts.com\/wp-content\/uploads\/2022\/04\/cropped-GIFT-SHOP.png\",\"contentUrl\":\"https:\/\/ciygifts.com\/wp-content\/uploads\/2022\/04\/cropped-GIFT-SHOP.png\",\"width\":300,\"height\":306,\"caption\":\"CIY Gifts\"},\"image\":{\"@id\":\"https:\/\/ciygifts.com\/en\/#\/schema\/logo\/image\/\"}}]}<\/script>\n<!-- \/ Yoast SEO plugin. -->","yoast_head_json":{"title":"LOOOMA board game - CIY Gifts","description":"NEW! Colour In Your own board game, just the way you like. Perfect for gifts and spending time with family. Handmade board game buttons.","robots":{"index":"index","follow":"follow","max-snippet":"max-snippet:-1","max-image-preview":"max-image-preview:large","max-video-preview":"max-video-preview:-1"},"canonical":"https:\/\/ciygifts.com\/et\/toode\/loooma-board-game","og_locale":"et_EE","og_type":"article","og_title":"LOOOMA board game - CIY Gifts","og_description":"NEW! Colour In Your own board game, just the way you like. Perfect for gifts and spending time with family. Handmade board game buttons.","og_url":"https:\/\/ciygifts.com\/et\/toode\/loooma-board-game","og_site_name":"CIY Gifts","article_modified_time":"2023-11-28T21:06:35+00:00","og_image":[{"width":3552,"height":2148,"url":"https:\/\/ciygifts.com\/wp-content\/uploads\/2021\/07\/lauamang-2-e1657465112637.jpg","type":"image\/jpeg"}],"twitter_card":"summary_large_image","twitter_misc":{"Est. reading time":"1 minut"},"schema":{"@context":"https:\/\/schema.org","@graph":[{"@type":"WebPage","@id":"https:\/\/ciygifts.com\/et\/toode\/loooma-board-game","url":"https:\/\/ciygifts.com\/et\/toode\/loooma-board-game","name":"LOOOMA board game - CIY Gifts","isPartOf":{"@id":"https:\/\/ciygifts.com\/en\/#website"},"datePublished":"2021-07-07T07:22:02+00:00","dateModified":"2023-11-28T21:06:35+00:00","description":"NEW! Colour In Your own board game, just the way you like. Perfect for gifts and spending time with family. Handmade board game buttons.","breadcrumb":{"@id":"https:\/\/ciygifts.com\/et\/toode\/loooma-board-game#breadcrumb"},"inLanguage":"et","potentialAction":[{"@type":"ReadAction","target":["https:\/\/ciygifts.com\/et\/toode\/loooma-board-game"]}]},{"@type":"BreadcrumbList","@id":"https:\/\/ciygifts.com\/et\/toode\/loooma-board-game#breadcrumb","itemListElement":[{"@type":"ListItem","position":1,"name":"Home","item":"https:\/\/ciygifts.com\/en\/"},{"@type":"ListItem","position":2,"name":"Shop","item":"https:\/\/ciygifts.com\/et\/shop"},{"@type":"ListItem","position":3,"name":"LOOOMA board game"}]},{"@type":"WebSite","@id":"https:\/\/ciygifts.com\/en\/#website","url":"https:\/\/ciygifts.com\/en\/","name":"CIY Gifts","description":"Colour In Your meaningful moments and memories","publisher":{"@id":"https:\/\/ciygifts.com\/en\/#organization"},"potentialAction":[{"@type":"SearchAction","target":{"@type":"EntryPoint","urlTemplate":"https:\/\/ciygifts.com\/en\/?s={search_term_string}"},"query-input":"required name=search_term_string"}],"inLanguage":"et"},{"@type":"Organization","@id":"https:\/\/ciygifts.com\/en\/#organization","name":"CIY Gifts","url":"https:\/\/ciygifts.com\/en\/","logo":{"@type":"ImageObject","inLanguage":"et","@id":"https:\/\/ciygifts.com\/en\/#\/schema\/logo\/image\/","url":"https:\/\/ciygifts.com\/wp-content\/uploads\/2022\/04\/cropped-GIFT-SHOP.png","contentUrl":"https:\/\/ciygifts.com\/wp-content\/uploads\/2022\/04\/cropped-GIFT-SHOP.png","width":300,"height":306,"caption":"CIY Gifts"},"image":{"@id":"https:\/\/ciygifts.com\/en\/#\/schema\/logo\/image\/"}}]}},"_links":{"self":[{"href":"https:\/\/ciygifts.com\/et\/wp-json\/wp\/v2\/product\/1037"}],"collection":[{"href":"https:\/\/ciygifts.com\/et\/wp-json\/wp\/v2\/product"}],"about":[{"href":"https:\/\/ciygifts.com\/et\/wp-json\/wp\/v2\/types\/product"}],"wp:featuredmedia":[{"embeddable":true,"href":"https:\/\/ciygifts.com\/et\/wp-json\/wp\/v2\/media\/1944"}],"wp:attachment":[{"href":"https:\/\/ciygifts.com\/et\/wp-json\/wp\/v2\/media?parent=1037"}],"wp:term":[{"taxonomy":"product_cat","embeddable":true,"href":"https:\/\/ciygifts.com\/et\/wp-json\/wp\/v2\/product_cat?post=1037"},{"taxonomy":"product_tag","embeddable":true,"href":"https:\/\/ciygifts.com\/et\/wp-json\/wp\/v2\/product_tag?post=1037"}],"curies":[{"name":"wp","href":"https:\/\/api.w.org\/{rel}","templated":true}]}}