{"id":899,"date":"2021-04-19T13:23:42","date_gmt":"2021-04-19T10:23:42","guid":{"rendered":"https:\/\/ciygifts.com\/?page_id=899"},"modified":"2022-08-09T22:39:19","modified_gmt":"2022-08-09T19:39:19","slug":"thank-you-notes-for-e-shops","status":"publish","type":"page","link":"https:\/\/ciygifts.com\/et\/thank-you-notes-for-e-shops","title":{"rendered":"&#8220;Thank You&#8221; notes for e-shops"},"content":{"rendered":"<div data-elementor-type=\"wp-page\" data-elementor-id=\"899\" class=\"elementor elementor-899\">\n\t\t\t\t\t\t<div class=\"elementor-inner\">\n\t\t\t\t<div class=\"elementor-section-wrap\">\n\t\t\t\t\t\t\t\t\t<section class=\"elementor-section elementor-top-section elementor-element elementor-element-d7a024c elementor-section-boxed elementor-section-height-default elementor-section-height-default\" data-id=\"d7a024c\" data-element_type=\"section\">\n\t\t\t\t\t\t<div class=\"elementor-container elementor-column-gap-default\">\n\t\t\t\t\t\t\t<div class=\"elementor-row\">\n\t\t\t\t\t<div class=\"elementor-column elementor-col-100 elementor-top-column elementor-element elementor-element-7c41fde\" data-id=\"7c41fde\" data-element_type=\"column\">\n\t\t\t<div class=\"elementor-column-wrap elementor-element-populated\">\n\t\t\t\t\t\t\t<div class=\"elementor-widget-wrap\">\n\t\t\t\t\t\t<div class=\"elementor-element elementor-element-8eeef26 elementor-widget elementor-widget-text-editor\" data-id=\"8eeef26\" data-element_type=\"widget\" data-widget_type=\"text-editor.default\">\n\t\t\t\t<div class=\"elementor-widget-container\">\n\t\t\t\t\t\t\t\t<div class=\"elementor-text-editor elementor-clearfix\">\n\t\t\t\t<p style=\"text-align: center;\"><br \/><br \/>&#8220;People will soon forget what you said. They will NEVER forget how you made them feel.\u201d <br \/>\u00a0<strong><em>Dr Maya Angelou<\/em><\/strong><\/p>\t\t\t\t\t<\/div>\n\t\t\t\t\t\t<\/div>\n\t\t\t\t<\/div>\n\t\t\t\t\t\t<\/div>\n\t\t\t\t\t<\/div>\n\t\t<\/div>\n\t\t\t\t\t\t\t\t<\/div>\n\t\t\t\t\t<\/div>\n\t\t<\/section>\n\t\t\t\t<section class=\"elementor-section elementor-top-section elementor-element elementor-element-40bb0a1 elementor-section-boxed elementor-section-height-default elementor-section-height-default\" data-id=\"40bb0a1\" data-element_type=\"section\">\n\t\t\t\t\t\t<div class=\"elementor-container elementor-column-gap-default\">\n\t\t\t\t\t\t\t<div class=\"elementor-row\">\n\t\t\t\t\t<div class=\"elementor-column elementor-col-100 elementor-top-column elementor-element elementor-element-855c557\" data-id=\"855c557\" data-element_type=\"column\">\n\t\t\t<div class=\"elementor-column-wrap elementor-element-populated\">\n\t\t\t\t\t\t\t<div class=\"elementor-widget-wrap\">\n\t\t\t\t\t\t<div class=\"elementor-element elementor-element-6aebc6f elementor-widget elementor-widget-image\" data-id=\"6aebc6f\" data-element_type=\"widget\" data-widget_type=\"image.default\">\n\t\t\t\t<div class=\"elementor-widget-container\">\n\t\t\t\t\t\t\t\t<div class=\"elementor-image\">\n\t\t\t\t\t\t\t\t\t\t\t\t<img loading=\"lazy\" decoding=\"async\" width=\"300\" height=\"169\" src=\"https:\/\/ciygifts.com\/wp-content\/uploads\/2022\/07\/erilahendused--300x169.jpg\" class=\"attachment-medium size-medium wp-image-1975\" alt=\"\" srcset=\"https:\/\/ciygifts.com\/wp-content\/uploads\/2022\/07\/erilahendused--300x169.jpg 300w, https:\/\/ciygifts.com\/wp-content\/uploads\/2022\/07\/erilahendused--1024x576.jpg 1024w, https:\/\/ciygifts.com\/wp-content\/uploads\/2022\/07\/erilahendused--768x432.jpg 768w, https:\/\/ciygifts.com\/wp-content\/uploads\/2022\/07\/erilahendused--1536x864.jpg 1536w, https:\/\/ciygifts.com\/wp-content\/uploads\/2022\/07\/erilahendused--2048x1152.jpg 2048w, https:\/\/ciygifts.com\/wp-content\/uploads\/2022\/07\/erilahendused--18x10.jpg 18w, https:\/\/ciygifts.com\/wp-content\/uploads\/2022\/07\/erilahendused--800x450.jpg 800w, https:\/\/ciygifts.com\/wp-content\/uploads\/2022\/07\/erilahendused--600x338.jpg 600w\" sizes=\"(max-width: 300px) 100vw, 300px\" \/>\t\t\t\t\t\t\t\t\t\t\t\t\t\t<\/div>\n\t\t\t\t\t\t<\/div>\n\t\t\t\t<\/div>\n\t\t\t\t\t\t<\/div>\n\t\t\t\t\t<\/div>\n\t\t<\/div>\n\t\t\t\t\t\t\t\t<\/div>\n\t\t\t\t\t<\/div>\n\t\t<\/section>\n\t\t\t\t<section class=\"elementor-section elementor-top-section elementor-element elementor-element-3b289806 elementor-section-boxed elementor-section-height-default elementor-section-height-default\" data-id=\"3b289806\" data-element_type=\"section\">\n\t\t\t\t\t\t<div class=\"elementor-container elementor-column-gap-default\">\n\t\t\t\t\t\t\t<div class=\"elementor-row\">\n\t\t\t\t\t<div class=\"elementor-column elementor-col-100 elementor-top-column elementor-element elementor-element-4d204674\" data-id=\"4d204674\" data-element_type=\"column\">\n\t\t\t<div class=\"elementor-column-wrap elementor-element-populated\">\n\t\t\t\t\t\t\t<div class=\"elementor-widget-wrap\">\n\t\t\t\t\t\t<div class=\"elementor-element elementor-element-7bb392f7 elementor-widget elementor-widget-text-editor\" data-id=\"7bb392f7\" data-element_type=\"widget\" data-widget_type=\"text-editor.default\">\n\t\t\t\t<div class=\"elementor-widget-container\">\n\t\t\t\t\t\t\t\t<div class=\"elementor-text-editor elementor-clearfix\">\n\t\t\t\t<p>Aitame muuta Sinu e-poe teenindust t\u00e4nasest veelgi personaalsemaks ja paremaks ning klientide e-shoppamise kogemus veelgi meeldej\u00e4\u00e4vamaks.<br \/><strong>Muuda oma kontakt kliendiga emotsionaalselt eriliseks ja \u00fcllata teda \u00fche pisikese, ekstra talle m\u00f5eldud kaardikese ning t\u00e4nus\u00f5numiga.<br \/><br \/><\/strong>Meie <a href=\"https:\/\/ciygifts.com\/et\/about-us\/\" target=\"_blank\" rel=\"noopener\">disainer Maria<\/a> joonistab t\u00e4nukaardi just Sinu ettev\u00f5ttele ning klientidele m\u00f5eldes. Kui leiad sobiva <a href=\"https:\/\/ciygifts.com\/et\/custom-design\/\" target=\"_blank\" rel=\"noopener\">juba tema poolt varem joonistatud kaartidest,<\/a> aitab ta r\u00f5\u00f5muga selle soovi korral oman\u00e4olisemaks muuta.<\/p><p>Vajadusel aitame ka sobiva t\u00e4nus\u00f5numi s\u00f5nastamisel ning oleme avatud Sinu ettepanekutele nii kaardi kujunduse, suuruse, kui v\u00e4rvivaliku osas.<br \/>Meie standardkaardid on must-valged, tr\u00fckitud kvaliteetsele 300 gr paberile, mida saab iga\u00fcks soovi korral endale sobivate joonistusvahenditega oman\u00e4oliseks v\u00e4rvida. Nii saad ka ise soovi korral iga kaardi t\u00e4iesti eriliseks ja personaalseks v\u00e4rvida, lisades v\u00e4rvilaike just t\u00e4pselt nii, nagu hetkeemotsioon \u00fctleb.<br \/>Standardkaardi m\u00f5\u00f5duks on 155*108mm ning see mahub tavalise postkaardi saatmiseks m\u00f5eldud C6 \u00fcmbrikusse. Sobivaid <a href=\"https:\/\/ciygifts.com\/et\/toode\/envelopes\/\" target=\"_blank\" rel=\"noopener\">\u00fcmbrikke<\/a> leiad ka meie valikust.<br \/>Kaarte saad tellida ka v\u00e4rvilisena, kas siis t\u00e4iel m\u00e4\u00e4ral v\u00f5i osaliselt, vastavalt ettev\u00f5tte soovile.<\/p><p style=\"text-align: center;\"><strong>Meile meeldivad oman\u00e4olised ideed, mis puudutavad hinge ja r\u00f5\u00f5mustavad saajat. Jaga meiega oma soove ning n\u00e4gemust ja anname endast parima, et see meeldej\u00e4\u00e4valt teostada.<\/strong><\/p><p style=\"text-align: center;\"><strong>&#8220;Courteous treatment will make a customer a walking advertisement.\u201d\u00a0<\/strong><br \/><em>James Cash Penney, Founder J.C. Penney Stores<\/em><strong><br \/><\/strong><\/p>\t\t\t\t\t<\/div>\n\t\t\t\t\t\t<\/div>\n\t\t\t\t<\/div>\n\t\t\t\t\t\t<\/div>\n\t\t\t\t\t<\/div>\n\t\t<\/div>\n\t\t\t\t\t\t\t\t<\/div>\n\t\t\t\t\t<\/div>\n\t\t<\/section>\n\t\t\t\t<section class=\"elementor-section elementor-top-section elementor-element elementor-element-4d930c7 elementor-section-boxed elementor-section-height-default elementor-section-height-default\" data-id=\"4d930c7\" data-element_type=\"section\">\n\t\t\t\t\t\t<div class=\"elementor-container elementor-column-gap-default\">\n\t\t\t\t\t\t\t<div class=\"elementor-row\">\n\t\t\t\t\t<div class=\"elementor-column elementor-col-25 elementor-top-column elementor-element elementor-element-2cf44f1\" data-id=\"2cf44f1\" data-element_type=\"column\">\n\t\t\t<div class=\"elementor-column-wrap elementor-element-populated\">\n\t\t\t\t\t\t\t<div class=\"elementor-widget-wrap\">\n\t\t\t\t\t\t<div class=\"elementor-element elementor-element-5decc02 elementor-widget elementor-widget-image\" data-id=\"5decc02\" data-element_type=\"widget\" data-widget_type=\"image.default\">\n\t\t\t\t<div class=\"elementor-widget-container\">\n\t\t\t\t\t\t\t\t<div class=\"elementor-image\">\n\t\t\t\t\t\t\t\t\t\t\t\t\t<a href=\"https:\/\/www.maleko.ee\/\" target=\"_blank\">\n\t\t\t\t\t\t\t<img loading=\"lazy\" decoding=\"async\" width=\"1024\" height=\"576\" src=\"https:\/\/ciygifts.com\/wp-content\/uploads\/2022\/07\/maleko-1024x576.jpg\" class=\"attachment-large size-large wp-image-1977\" alt=\"\" srcset=\"https:\/\/ciygifts.com\/wp-content\/uploads\/2022\/07\/maleko-1024x576.jpg 1024w, https:\/\/ciygifts.com\/wp-content\/uploads\/2022\/07\/maleko-300x169.jpg 300w, https:\/\/ciygifts.com\/wp-content\/uploads\/2022\/07\/maleko-768x432.jpg 768w, https:\/\/ciygifts.com\/wp-content\/uploads\/2022\/07\/maleko-1536x864.jpg 1536w, https:\/\/ciygifts.com\/wp-content\/uploads\/2022\/07\/maleko-2048x1152.jpg 2048w, https:\/\/ciygifts.com\/wp-content\/uploads\/2022\/07\/maleko-18x10.jpg 18w, https:\/\/ciygifts.com\/wp-content\/uploads\/2022\/07\/maleko-800x450.jpg 800w, https:\/\/ciygifts.com\/wp-content\/uploads\/2022\/07\/maleko-600x338.jpg 600w\" sizes=\"(max-width: 1024px) 100vw, 1024px\" \/>\t\t\t\t\t\t\t\t<\/a>\n\t\t\t\t\t\t\t\t\t\t\t\t\t\t<\/div>\n\t\t\t\t\t\t<\/div>\n\t\t\t\t<\/div>\n\t\t\t\t\t\t<\/div>\n\t\t\t\t\t<\/div>\n\t\t<\/div>\n\t\t\t\t<div class=\"elementor-column elementor-col-25 elementor-top-column elementor-element elementor-element-f71f712\" data-id=\"f71f712\" data-element_type=\"column\">\n\t\t\t<div class=\"elementor-column-wrap elementor-element-populated\">\n\t\t\t\t\t\t\t<div class=\"elementor-widget-wrap\">\n\t\t\t\t\t\t<div class=\"elementor-element elementor-element-ae07d8e elementor-widget elementor-widget-image\" data-id=\"ae07d8e\" data-element_type=\"widget\" data-widget_type=\"image.default\">\n\t\t\t\t<div class=\"elementor-widget-container\">\n\t\t\t\t\t\t\t\t<div class=\"elementor-image\">\n\t\t\t\t\t\t\t\t\t\t\t\t\t<a href=\"https:\/\/puidubutiik.ee\/\" target=\"_blank\">\n\t\t\t\t\t\t\t<img loading=\"lazy\" decoding=\"async\" width=\"1024\" height=\"576\" src=\"https:\/\/ciygifts.com\/wp-content\/uploads\/2022\/07\/puidubutiik-1024x576.jpg\" class=\"attachment-large size-large wp-image-1983\" alt=\"\" srcset=\"https:\/\/ciygifts.com\/wp-content\/uploads\/2022\/07\/puidubutiik-1024x576.jpg 1024w, https:\/\/ciygifts.com\/wp-content\/uploads\/2022\/07\/puidubutiik-300x169.jpg 300w, https:\/\/ciygifts.com\/wp-content\/uploads\/2022\/07\/puidubutiik-768x432.jpg 768w, https:\/\/ciygifts.com\/wp-content\/uploads\/2022\/07\/puidubutiik-1536x864.jpg 1536w, https:\/\/ciygifts.com\/wp-content\/uploads\/2022\/07\/puidubutiik-2048x1152.jpg 2048w, https:\/\/ciygifts.com\/wp-content\/uploads\/2022\/07\/puidubutiik-18x10.jpg 18w, https:\/\/ciygifts.com\/wp-content\/uploads\/2022\/07\/puidubutiik-800x450.jpg 800w, https:\/\/ciygifts.com\/wp-content\/uploads\/2022\/07\/puidubutiik-600x338.jpg 600w\" sizes=\"(max-width: 1024px) 100vw, 1024px\" \/>\t\t\t\t\t\t\t\t<\/a>\n\t\t\t\t\t\t\t\t\t\t\t\t\t\t<\/div>\n\t\t\t\t\t\t<\/div>\n\t\t\t\t<\/div>\n\t\t\t\t\t\t<\/div>\n\t\t\t\t\t<\/div>\n\t\t<\/div>\n\t\t\t\t<div class=\"elementor-column elementor-col-25 elementor-top-column elementor-element elementor-element-e1d8367\" data-id=\"e1d8367\" data-element_type=\"column\">\n\t\t\t<div class=\"elementor-column-wrap elementor-element-populated\">\n\t\t\t\t\t\t\t<div class=\"elementor-widget-wrap\">\n\t\t\t\t\t\t<div class=\"elementor-element elementor-element-1d27bbf elementor-widget elementor-widget-image\" data-id=\"1d27bbf\" data-element_type=\"widget\" data-widget_type=\"image.default\">\n\t\t\t\t<div class=\"elementor-widget-container\">\n\t\t\t\t\t\t\t\t<div class=\"elementor-image\">\n\t\t\t\t\t\t\t\t\t\t\t\t\t<a href=\"https:\/\/vitamiinikuller.ee\/\" target=\"_blank\">\n\t\t\t\t\t\t\t<img loading=\"lazy\" decoding=\"async\" width=\"1024\" height=\"576\" src=\"https:\/\/ciygifts.com\/wp-content\/uploads\/2022\/07\/vitamiinikuller-1024x576.jpg\" class=\"attachment-large size-large wp-image-1953\" alt=\"\" srcset=\"https:\/\/ciygifts.com\/wp-content\/uploads\/2022\/07\/vitamiinikuller-1024x576.jpg 1024w, https:\/\/ciygifts.com\/wp-content\/uploads\/2022\/07\/vitamiinikuller-300x169.jpg 300w, https:\/\/ciygifts.com\/wp-content\/uploads\/2022\/07\/vitamiinikuller-768x432.jpg 768w, https:\/\/ciygifts.com\/wp-content\/uploads\/2022\/07\/vitamiinikuller-1536x864.jpg 1536w, https:\/\/ciygifts.com\/wp-content\/uploads\/2022\/07\/vitamiinikuller-2048x1152.jpg 2048w, https:\/\/ciygifts.com\/wp-content\/uploads\/2022\/07\/vitamiinikuller-18x10.jpg 18w, https:\/\/ciygifts.com\/wp-content\/uploads\/2022\/07\/vitamiinikuller-800x450.jpg 800w, https:\/\/ciygifts.com\/wp-content\/uploads\/2022\/07\/vitamiinikuller-600x338.jpg 600w\" sizes=\"(max-width: 1024px) 100vw, 1024px\" \/>\t\t\t\t\t\t\t\t<\/a>\n\t\t\t\t\t\t\t\t\t\t\t\t\t\t<\/div>\n\t\t\t\t\t\t<\/div>\n\t\t\t\t<\/div>\n\t\t\t\t\t\t<\/div>\n\t\t\t\t\t<\/div>\n\t\t<\/div>\n\t\t\t\t<div class=\"elementor-column elementor-col-25 elementor-top-column elementor-element elementor-element-a4ea6d6\" data-id=\"a4ea6d6\" data-element_type=\"column\">\n\t\t\t<div class=\"elementor-column-wrap elementor-element-populated\">\n\t\t\t\t\t\t\t<div class=\"elementor-widget-wrap\">\n\t\t\t\t\t\t<div class=\"elementor-element elementor-element-0316930 elementor-widget elementor-widget-image\" data-id=\"0316930\" data-element_type=\"widget\" data-widget_type=\"image.default\">\n\t\t\t\t<div class=\"elementor-widget-container\">\n\t\t\t\t\t\t\t\t<div class=\"elementor-image\">\n\t\t\t\t\t\t\t\t\t\t\t\t\t<a href=\"https:\/\/www.emu.ee\/\" target=\"_blank\">\n\t\t\t\t\t\t\t<img loading=\"lazy\" decoding=\"async\" width=\"1024\" height=\"576\" src=\"https:\/\/ciygifts.com\/wp-content\/uploads\/2022\/07\/maaulikool-1024x576.jpg\" class=\"attachment-large size-large wp-image-1976\" alt=\"\" srcset=\"https:\/\/ciygifts.com\/wp-content\/uploads\/2022\/07\/maaulikool-1024x576.jpg 1024w, https:\/\/ciygifts.com\/wp-content\/uploads\/2022\/07\/maaulikool-300x169.jpg 300w, https:\/\/ciygifts.com\/wp-content\/uploads\/2022\/07\/maaulikool-768x432.jpg 768w, https:\/\/ciygifts.com\/wp-content\/uploads\/2022\/07\/maaulikool-1536x864.jpg 1536w, https:\/\/ciygifts.com\/wp-content\/uploads\/2022\/07\/maaulikool-2048x1152.jpg 2048w, https:\/\/ciygifts.com\/wp-content\/uploads\/2022\/07\/maaulikool-18x10.jpg 18w, https:\/\/ciygifts.com\/wp-content\/uploads\/2022\/07\/maaulikool-800x450.jpg 800w, https:\/\/ciygifts.com\/wp-content\/uploads\/2022\/07\/maaulikool-600x338.jpg 600w\" sizes=\"(max-width: 1024px) 100vw, 1024px\" \/>\t\t\t\t\t\t\t\t<\/a>\n\t\t\t\t\t\t\t\t\t\t\t\t\t\t<\/div>\n\t\t\t\t\t\t<\/div>\n\t\t\t\t<\/div>\n\t\t\t\t\t\t<\/div>\n\t\t\t\t\t<\/div>\n\t\t<\/div>\n\t\t\t\t\t\t\t\t<\/div>\n\t\t\t\t\t<\/div>\n\t\t<\/section>\n\t\t\t\t<section class=\"elementor-section elementor-top-section elementor-element elementor-element-21d2a3d elementor-section-boxed elementor-section-height-default elementor-section-height-default\" data-id=\"21d2a3d\" data-element_type=\"section\">\n\t\t\t\t\t\t<div class=\"elementor-container elementor-column-gap-default\">\n\t\t\t\t\t\t\t<div class=\"elementor-row\">\n\t\t\t\t\t<div class=\"elementor-column elementor-col-33 elementor-top-column elementor-element elementor-element-1064d3a\" data-id=\"1064d3a\" data-element_type=\"column\">\n\t\t\t<div class=\"elementor-column-wrap\">\n\t\t\t\t\t\t\t<div class=\"elementor-widget-wrap\">\n\t\t\t\t\t\t\t\t<\/div>\n\t\t\t\t\t<\/div>\n\t\t<\/div>\n\t\t\t\t<div class=\"elementor-column elementor-col-33 elementor-top-column elementor-element elementor-element-00c70b3\" data-id=\"00c70b3\" data-element_type=\"column\">\n\t\t\t<div class=\"elementor-column-wrap elementor-element-populated\">\n\t\t\t\t\t\t\t<div class=\"elementor-widget-wrap\">\n\t\t\t\t\t\t<div class=\"elementor-element elementor-element-16f39a3 elementor-widget elementor-widget-text-editor\" data-id=\"16f39a3\" data-element_type=\"widget\" data-widget_type=\"text-editor.default\">\n\t\t\t\t<div class=\"elementor-widget-container\">\n\t\t\t\t\t\t\t\t<div class=\"elementor-text-editor elementor-clearfix\">\n\t\t\t\t<p>\n<div class=\"wpcf7 no-js\" id=\"wpcf7-f426-o1\" lang=\"en-GB\" dir=\"ltr\">\n<div class=\"screen-reader-response\"><p role=\"status\" aria-live=\"polite\" aria-atomic=\"true\"><\/p> <ul><\/ul><\/div>\n<form action=\"\/et\/wp-json\/wp\/v2\/pages\/899#wpcf7-f426-o1\" method=\"post\" class=\"wpcf7-form init\" aria-label=\"Contact form\" novalidate=\"novalidate\" data-status=\"init\" data-trp-original-action=\"\/et\/wp-json\/wp\/v2\/pages\/899#wpcf7-f426-o1\">\n<div style=\"display: none;\">\n<input type=\"hidden\" name=\"_wpcf7\" value=\"426\" \/>\n<input type=\"hidden\" name=\"_wpcf7_version\" value=\"5.7.7\" \/>\n<input type=\"hidden\" name=\"_wpcf7_locale\" value=\"en_GB\" \/>\n<input type=\"hidden\" name=\"_wpcf7_unit_tag\" value=\"wpcf7-f426-o1\" \/>\n<input type=\"hidden\" name=\"_wpcf7_container_post\" value=\"0\" \/>\n<input type=\"hidden\" name=\"_wpcf7_posted_data_hash\" value=\"\" \/>\n<\/div>\n<p><label> Nimi (vajalik)<br \/>\n<span class=\"wpcf7-form-control-wrap\" data-name=\"your-name\"><input size=\"40\" class=\"wpcf7-form-control wpcf7-text wpcf7-validates-as-required\" aria-required=\"true\" aria-invalid=\"false\" value=\"\" type=\"text\" name=\"your-name\" \/><\/span> <\/label>\n<\/p>\n<p><label> Meiliaadress (vajalik)<br \/>\n<span class=\"wpcf7-form-control-wrap\" data-name=\"your-email\"><input size=\"40\" class=\"wpcf7-form-control wpcf7-text wpcf7-email wpcf7-validates-as-required wpcf7-validates-as-email\" aria-required=\"true\" aria-invalid=\"false\" value=\"\" type=\"email\" name=\"your-email\" \/><\/span> <\/label>\n<\/p>\n<p><label> Pealkiri<br \/>\n<span class=\"wpcf7-form-control-wrap\" data-name=\"your-subject\"><input size=\"40\" class=\"wpcf7-form-control wpcf7-text\" aria-invalid=\"false\" value=\"\" type=\"text\" name=\"your-subject\" \/><\/span> <\/label>\n<\/p>\n<p><label> Teema<br \/>\n<span class=\"wpcf7-form-control-wrap\" data-name=\"your-message\"><textarea cols=\"40\" rows=\"10\" class=\"wpcf7-form-control wpcf7-textarea\" aria-invalid=\"false\" name=\"your-message\"><\/textarea><\/span> <\/label>\n<\/p>\n<p><input class=\"wpcf7-form-control has-spinner wpcf7-submit\" type=\"submit\" value=\"Saada\" \/>\n<\/p><div class=\"wpcf7-response-output\" aria-hidden=\"true\"><\/div>\n<input type=\"hidden\" name=\"trp-form-language\" value=\"et\"\/><\/form>\n<\/div>\n<\/p>\t\t\t\t\t<\/div>\n\t\t\t\t\t\t<\/div>\n\t\t\t\t<\/div>\n\t\t\t\t\t\t<\/div>\n\t\t\t\t\t<\/div>\n\t\t<\/div>\n\t\t\t\t<div class=\"elementor-column elementor-col-33 elementor-top-column elementor-element elementor-element-42b5f80\" data-id=\"42b5f80\" data-element_type=\"column\">\n\t\t\t<div class=\"elementor-column-wrap\">\n\t\t\t\t\t\t\t<div class=\"elementor-widget-wrap\">\n\t\t\t\t\t\t\t\t<\/div>\n\t\t\t\t\t<\/div>\n\t\t<\/div>\n\t\t\t\t\t\t\t\t<\/div>\n\t\t\t\t\t<\/div>\n\t\t<\/section>\n\t\t\t\t\t\t\t\t\t<\/div>\n\t\t\t<\/div>\n\t\t\t\t\t<\/div>","protected":false},"excerpt":{"rendered":"<p>&#8220;People will soon forget what you said. They will NEVER forget how you made them feel.\u201d \u00a0Dr Maya Angelou We are here to help the e-shop owners to bring their customer service into another level and make the e-shopping more memorable for the customers.Make Your contact with the customers emotionally special and surprise them with [&hellip;]<\/p>","protected":false},"author":1,"featured_media":0,"parent":0,"menu_order":0,"comment_status":"closed","ping_status":"closed","template":"","meta":{"_mi_skip_tracking":false,"_monsterinsights_sitenote_active":false,"_monsterinsights_sitenote_note":"","_monsterinsights_sitenote_category":0,"footnotes":""},"yoast_head":"<!-- This site is optimized with the Yoast SEO plugin v20.11 - https:\/\/yoast.com\/wordpress\/plugins\/seo\/ -->\n<title>&quot;Thank You&quot; notes for e-shops - CIY Gifts<\/title>\n<meta name=\"description\" content=\"Surprise your customers with the personal &quot;Thank You&quot; note and make their shopping experience more memorable.\" \/>\n<meta name=\"robots\" content=\"index, follow, max-snippet:-1, max-image-preview:large, max-video-preview:-1\" \/>\n<link rel=\"canonical\" href=\"https:\/\/ciygifts.com\/et\/thank-you-notes-for-e-shops\/\" \/>\n<meta property=\"og:locale\" content=\"et_EE\" \/>\n<meta property=\"og:type\" content=\"article\" \/>\n<meta property=\"og:title\" content=\"&quot;Thank You&quot; notes for e-shops - CIY Gifts\" \/>\n<meta property=\"og:description\" content=\"Surprise your customers with the personal &quot;Thank You&quot; note and make their shopping experience more memorable.\" \/>\n<meta property=\"og:url\" content=\"https:\/\/ciygifts.com\/et\/thank-you-notes-for-e-shops\/\" \/>\n<meta property=\"og:site_name\" content=\"CIY Gifts\" \/>\n<meta property=\"article:modified_time\" content=\"2022-08-09T19:39:19+00:00\" \/>\n<meta property=\"og:image\" content=\"https:\/\/ciygifts.com\/wp-content\/uploads\/2022\/07\/erilahendused--300x169.jpg\" \/>\n<meta name=\"twitter:card\" content=\"summary_large_image\" \/>\n<meta name=\"twitter:label1\" content=\"Est. reading time\" \/>\n\t<meta name=\"twitter:data1\" content=\"3 minutit\" \/>\n<script type=\"application\/ld+json\" class=\"yoast-schema-graph\">{\"@context\":\"https:\/\/schema.org\",\"@graph\":[{\"@type\":\"WebPage\",\"@id\":\"https:\/\/ciygifts.com\/en\/thank-you-notes-for-e-shops\",\"url\":\"https:\/\/ciygifts.com\/en\/thank-you-notes-for-e-shops\",\"name\":\"\\\"Thank You\\\" notes for e-shops - CIY Gifts\",\"isPartOf\":{\"@id\":\"https:\/\/ciygifts.com\/en\/#website\"},\"datePublished\":\"2021-04-19T10:23:42+00:00\",\"dateModified\":\"2022-08-09T19:39:19+00:00\",\"description\":\"Surprise your customers with the personal \\\"Thank You\\\" note and make their shopping experience more memorable.\",\"breadcrumb\":{\"@id\":\"https:\/\/ciygifts.com\/en\/thank-you-notes-for-e-shops#breadcrumb\"},\"inLanguage\":\"et\",\"potentialAction\":[{\"@type\":\"ReadAction\",\"target\":[\"https:\/\/ciygifts.com\/en\/thank-you-notes-for-e-shops\"]}]},{\"@type\":\"BreadcrumbList\",\"@id\":\"https:\/\/ciygifts.com\/en\/thank-you-notes-for-e-shops#breadcrumb\",\"itemListElement\":[{\"@type\":\"ListItem\",\"position\":1,\"name\":\"Home\",\"item\":\"https:\/\/ciygifts.com\/en\/\"},{\"@type\":\"ListItem\",\"position\":2,\"name\":\"&#8220;Thank You&#8221; notes for e-shops\"}]},{\"@type\":\"WebSite\",\"@id\":\"https:\/\/ciygifts.com\/en\/#website\",\"url\":\"https:\/\/ciygifts.com\/en\/\",\"name\":\"CIY Gifts\",\"description\":\"Colour In Your meaningful moments and memories\",\"publisher\":{\"@id\":\"https:\/\/ciygifts.com\/en\/#organization\"},\"potentialAction\":[{\"@type\":\"SearchAction\",\"target\":{\"@type\":\"EntryPoint\",\"urlTemplate\":\"https:\/\/ciygifts.com\/en\/?s={search_term_string}\"},\"query-input\":\"required name=search_term_string\"}],\"inLanguage\":\"et\"},{\"@type\":\"Organization\",\"@id\":\"https:\/\/ciygifts.com\/en\/#organization\",\"name\":\"CIY Gifts\",\"url\":\"https:\/\/ciygifts.com\/en\/\",\"logo\":{\"@type\":\"ImageObject\",\"inLanguage\":\"et\",\"@id\":\"https:\/\/ciygifts.com\/en\/#\/schema\/logo\/image\/\",\"url\":\"https:\/\/ciygifts.com\/wp-content\/uploads\/2022\/04\/cropped-GIFT-SHOP.png\",\"contentUrl\":\"https:\/\/ciygifts.com\/wp-content\/uploads\/2022\/04\/cropped-GIFT-SHOP.png\",\"width\":300,\"height\":306,\"caption\":\"CIY Gifts\"},\"image\":{\"@id\":\"https:\/\/ciygifts.com\/en\/#\/schema\/logo\/image\/\"}}]}<\/script>\n<!-- \/ Yoast SEO plugin. -->","yoast_head_json":{"title":"\"Thank You\" notes for e-shops - CIY Gifts","description":"Surprise your customers with the personal \"Thank You\" note and make their shopping experience more memorable.","robots":{"index":"index","follow":"follow","max-snippet":"max-snippet:-1","max-image-preview":"max-image-preview:large","max-video-preview":"max-video-preview:-1"},"canonical":"https:\/\/ciygifts.com\/et\/thank-you-notes-for-e-shops\/","og_locale":"et_EE","og_type":"article","og_title":"\"Thank You\" notes for e-shops - CIY Gifts","og_description":"Surprise your customers with the personal \"Thank You\" note and make their shopping experience more memorable.","og_url":"https:\/\/ciygifts.com\/et\/thank-you-notes-for-e-shops\/","og_site_name":"CIY Gifts","article_modified_time":"2022-08-09T19:39:19+00:00","og_image":[{"url":"https:\/\/ciygifts.com\/wp-content\/uploads\/2022\/07\/erilahendused--300x169.jpg"}],"twitter_card":"summary_large_image","twitter_misc":{"Est. reading time":"3 minutit"},"schema":{"@context":"https:\/\/schema.org","@graph":[{"@type":"WebPage","@id":"https:\/\/ciygifts.com\/en\/thank-you-notes-for-e-shops","url":"https:\/\/ciygifts.com\/en\/thank-you-notes-for-e-shops","name":"\"Thank You\" notes for e-shops - CIY Gifts","isPartOf":{"@id":"https:\/\/ciygifts.com\/en\/#website"},"datePublished":"2021-04-19T10:23:42+00:00","dateModified":"2022-08-09T19:39:19+00:00","description":"Surprise your customers with the personal \"Thank You\" note and make their shopping experience more memorable.","breadcrumb":{"@id":"https:\/\/ciygifts.com\/en\/thank-you-notes-for-e-shops#breadcrumb"},"inLanguage":"et","potentialAction":[{"@type":"ReadAction","target":["https:\/\/ciygifts.com\/en\/thank-you-notes-for-e-shops"]}]},{"@type":"BreadcrumbList","@id":"https:\/\/ciygifts.com\/en\/thank-you-notes-for-e-shops#breadcrumb","itemListElement":[{"@type":"ListItem","position":1,"name":"Home","item":"https:\/\/ciygifts.com\/en\/"},{"@type":"ListItem","position":2,"name":"&#8220;Thank You&#8221; notes for e-shops"}]},{"@type":"WebSite","@id":"https:\/\/ciygifts.com\/en\/#website","url":"https:\/\/ciygifts.com\/en\/","name":"CIY Gifts","description":"Colour In Your meaningful moments and memories","publisher":{"@id":"https:\/\/ciygifts.com\/en\/#organization"},"potentialAction":[{"@type":"SearchAction","target":{"@type":"EntryPoint","urlTemplate":"https:\/\/ciygifts.com\/en\/?s={search_term_string}"},"query-input":"required name=search_term_string"}],"inLanguage":"et"},{"@type":"Organization","@id":"https:\/\/ciygifts.com\/en\/#organization","name":"CIY Gifts","url":"https:\/\/ciygifts.com\/en\/","logo":{"@type":"ImageObject","inLanguage":"et","@id":"https:\/\/ciygifts.com\/en\/#\/schema\/logo\/image\/","url":"https:\/\/ciygifts.com\/wp-content\/uploads\/2022\/04\/cropped-GIFT-SHOP.png","contentUrl":"https:\/\/ciygifts.com\/wp-content\/uploads\/2022\/04\/cropped-GIFT-SHOP.png","width":300,"height":306,"caption":"CIY Gifts"},"image":{"@id":"https:\/\/ciygifts.com\/en\/#\/schema\/logo\/image\/"}}]}},"_links":{"self":[{"href":"https:\/\/ciygifts.com\/et\/wp-json\/wp\/v2\/pages\/899"}],"collection":[{"href":"https:\/\/ciygifts.com\/et\/wp-json\/wp\/v2\/pages"}],"about":[{"href":"https:\/\/ciygifts.com\/et\/wp-json\/wp\/v2\/types\/page"}],"author":[{"embeddable":true,"href":"https:\/\/ciygifts.com\/et\/wp-json\/wp\/v2\/users\/1"}],"replies":[{"embeddable":true,"href":"https:\/\/ciygifts.com\/et\/wp-json\/wp\/v2\/comments?post=899"}],"version-history":[{"count":5,"href":"https:\/\/ciygifts.com\/et\/wp-json\/wp\/v2\/pages\/899\/revisions"}],"predecessor-version":[{"id":2055,"href":"https:\/\/ciygifts.com\/et\/wp-json\/wp\/v2\/pages\/899\/revisions\/2055"}],"wp:attachment":[{"href":"https:\/\/ciygifts.com\/et\/wp-json\/wp\/v2\/media?parent=899"}],"curies":[{"name":"wp","href":"https:\/\/api.w.org\/{rel}","templated":true}]}}