{"id":3,"date":"2020-09-13T18:15:08","date_gmt":"2020-09-13T18:15:08","guid":{"rendered":"http:\/\/ciygifts.joyoreesti.ee\/?page_id=3"},"modified":"2020-10-12T07:18:22","modified_gmt":"2020-10-12T07:18:22","slug":"privacy-policy","status":"publish","type":"page","link":"https:\/\/ciygifts.com\/et\/privacy-policy","title":{"rendered":"Privaatsustingimused"},"content":{"rendered":"<div data-elementor-type=\"wp-page\" data-elementor-id=\"3\" class=\"elementor elementor-3\">\n\t\t\t\t\t\t<div class=\"elementor-inner\">\n\t\t\t\t<div class=\"elementor-section-wrap\">\n\t\t\t\t\t\t\t\t\t<section class=\"elementor-section elementor-top-section elementor-element elementor-element-6aa3d052 elementor-section-boxed elementor-section-height-default elementor-section-height-default\" data-id=\"6aa3d052\" data-element_type=\"section\">\n\t\t\t\t\t\t<div class=\"elementor-container elementor-column-gap-default\">\n\t\t\t\t\t\t\t<div class=\"elementor-row\">\n\t\t\t\t\t<div class=\"elementor-column elementor-col-100 elementor-top-column elementor-element elementor-element-3ddaadd3\" data-id=\"3ddaadd3\" data-element_type=\"column\">\n\t\t\t<div class=\"elementor-column-wrap elementor-element-populated\">\n\t\t\t\t\t\t\t<div class=\"elementor-widget-wrap\">\n\t\t\t\t\t\t<div class=\"elementor-element elementor-element-c6a7361 elementor-widget elementor-widget-text-editor\" data-id=\"c6a7361\" data-element_type=\"widget\" data-widget_type=\"text-editor.default\">\n\t\t\t\t<div class=\"elementor-widget-container\">\n\t\t\t\t\t\t\t\t<div class=\"elementor-text-editor elementor-clearfix\">\n\t\t\t\t<p style=\"text-align: left;\">\u00a0<\/p>\n<p class=\"MsoNormal\"><strong style=\"font-size: 14px; color: var( --e-global-color-text );\">PRIVAATSUSTINGIMUSED<\/strong><\/p>\n<p>E-poe www.CIYgifts.com isikuandmete vastutav t\u00f6\u00f6tleja on O\u00dc Solutions Lab (registrikood 12294395).<\/p>\n<p><span style=\"font-size: 14px; color: var( --e-global-color-text );\"><b>1. Milliseid isikuandmeid t\u00f6\u00f6deldakse<br \/><\/b><\/span><span style=\"font-size: 14px; color: var( --e-global-color-text );\">-        nimi, telefoninumber ja e-posti aadress;\u00a0<br \/><\/span><span style=\"font-size: 14px; color: var( --e-global-color-text );\">-        kauba kohaletoimetamise aadress;<br \/><\/span><span style=\"font-size: 14px; color: var( --e-global-color-text );\">-        pangakonto number;\u00a0<br \/><\/span><span style=\"font-size: 14px; color: var( --e-global-color-text );\">-        kaupade maksumus ja maksetega seotud andmed (ostuajalugu).<\/span><\/p>\n<p><b>2. Mis eesm\u00e4rgil isikuandmeid t\u00f6\u00f6deldakse<br \/><\/b>O\u00dc Solutions Lab on isikuandmete vastutav t\u00f6\u00f6tleja ja edastab maksete teostamiseks vajalikud isikuandmed vajadusel vaid volitatud t\u00f6\u00f6tlejatele (pangad). \nPangakonto numbrit kasutatakse kliendile maksete tagastamiseks.\nIsikuandmeid kasutatakse kliendi tellimuste haldamiseks ja kauba kohaletoimetamiseks.\nOstuajaloo andmeid (ostu kuup\u00e4ev, kaup, kogus, kliendi andmed) kasutatakse ostetud kaupade \u00fclevaate koostamiseks ning kliendieelistuste anal\u00fc\u00fcsimiseks.<\/p>\n<p><strong>3. Isikuandmete t\u00f6\u00f6tlemine<br \/><\/strong>Isikuandmeid nagu e-post, telefoni nr, kliendi nimi, t\u00f6\u00f6deldakse selleks, et lahendada kaupade ja teenuste osutamisega seonduvaid k\u00fcsimusi (klienditugi).\nE-poe kasutaja IP-aadressi v\u00f5i teisi v\u00f5rguidentifikaatoreid t\u00f6\u00f6deldakse e-poe kui info\u00fchiskonna teenuse osutamiseks ning veebikasutusstatistika tegemiseks. <\/p>\n<p><strong>4. \u00d5iguslik alus<br \/><\/strong>Isikuandmete t\u00f6\u00f6tlemine toimub kliendiga s\u00f5lmitud lepingu t\u00e4itmise eesm\u00e4rgil, kauba m\u00fc\u00fcja juriidilise kohustuse t\u00e4itmiseks (raamatupidamine ja tarbijavaidluste lahendamine) ning veebikasutusstatistika tegemiseks.\nNimi, telefoninumber ja e-posti aadress edastatakse kliendi poolt valitud transporditeenuse pakkujale (Omniva, DPD v\u00f5i SmartPOST) kauba kohaletoimetamiseks. Kui tegemist on kulleriga kohale toimetatava kaubaga, siis edastatakse lisaks kontaktandmetele ka kliendi aadress.\nNimi ja kauba maksumus edastatakse kliendi poolt valitud makseteenuse pakkujale (pangad).\nE-poe kasutaja IP-aadressi v\u00f5i teisi v\u00f5rguidentifikaatoreid edastatakse e-poe kui info\u00fchiskonna teenuse osutamiseks ning veebikasutusstatistika tegemiseks (Google, Facebook).<\/p>\n<p><strong>5. Isiku n\u00f5usolek<br \/><\/strong>Kui isikundmete t\u00f6\u00f6tlemine toimub kliendi n\u00f5usoleku alusel, siis on kliendil \u00f5igus n\u00f5usolek tagasi v\u00f5tta, teavitades sellest kliendituge e-posti teel.\nE-poes ostu sooritades s\u00e4ilitatakse ostuajalugu kolm aastat. \nMaksetega ja tarbijavaidlustega seotud vaidluste korral s\u00e4ilitatakse isikuandmed kuni n\u00f5ude t\u00e4itmiseni v\u00f5i aegumist\u00e4htaja l\u00f5puni.\nRaamatupidamise jaoks vajalikud isikuandmed s\u00e4ilitatakse seitse aastat. \nIsikuandmete kustutamiseks tuleb v\u00f5tta \u00fchendust klienditoega e-posti teel. Kustutamistaotlusele vastatakse mitte hiljem kui kuu aja jooksul ning t\u00e4psustakse andmete kustutamise perioodi.<\/p>\n<p><strong>6.\u00a0<\/strong><strong>6. Vaidluste lahendamine<br \/><\/strong>Isikuandmete t\u00f6\u00f6tlemisega seotud vaidluste lahendamine toimub CIYgifts e-poe klienditoe vahendusel (info@ciygifts.com.klient.veebimajutus.ee). J\u00e4relevalveasutus on Eesti Andmekaitse Inspektsioon.<\/p>\n<p>Soovime parimat ostuelamust!<\/p>\n<p>\u00a0<\/p>\n<p>\u00a0<\/p>\t\t\t\t\t<\/div>\n\t\t\t\t\t\t<\/div>\n\t\t\t\t<\/div>\n\t\t\t\t\t\t<\/div>\n\t\t\t\t\t<\/div>\n\t\t<\/div>\n\t\t\t\t\t\t\t\t<\/div>\n\t\t\t\t\t<\/div>\n\t\t<\/section>\n\t\t\t\t\t\t\t\t\t<\/div>\n\t\t\t<\/div>\n\t\t\t\t\t<\/div>","protected":false},"excerpt":{"rendered":"<p>\u00a0 PRIVACY POLICY Solutions Lab O\u00dc (CIYgifts.com) is committed to protecting the privacy of customers and users. Based on this, we have developed the following privacy policy principles for collecting, using, publishing, transmitting and storing customer data. Our activities on the Internet are in accordance with all the laws of the Republic of Estonia and [&hellip;]<\/p>","protected":false},"author":1,"featured_media":0,"parent":0,"menu_order":0,"comment_status":"closed","ping_status":"open","template":"","meta":{"_mi_skip_tracking":false,"_monsterinsights_sitenote_active":false,"_monsterinsights_sitenote_note":"","_monsterinsights_sitenote_category":0,"footnotes":""},"yoast_head":"<!-- This site is optimized with the Yoast SEO plugin v20.11 - https:\/\/yoast.com\/wordpress\/plugins\/seo\/ -->\n<title>Privacy Policy - CIY Gifts<\/title>\n<meta name=\"robots\" content=\"index, follow, max-snippet:-1, max-image-preview:large, max-video-preview:-1\" \/>\n<link rel=\"canonical\" href=\"https:\/\/ciygifts.com\/et\/privacy-policy\/\" \/>\n<meta property=\"og:locale\" content=\"et_EE\" \/>\n<meta property=\"og:type\" content=\"article\" \/>\n<meta property=\"og:title\" content=\"Privacy Policy - CIY Gifts\" \/>\n<meta property=\"og:description\" content=\"\u00a0 PRIVACY POLICY Solutions Lab O\u00dc (CIYgifts.com) is committed to protecting the privacy of customers and users. Based on this, we have developed the following privacy policy principles for collecting, using, publishing, transmitting and storing customer data. Our activities on the Internet are in accordance with all the laws of the Republic of Estonia and [&hellip;]\" \/>\n<meta property=\"og:url\" content=\"https:\/\/ciygifts.com\/et\/privacy-policy\/\" \/>\n<meta property=\"og:site_name\" content=\"CIY Gifts\" \/>\n<meta property=\"article:modified_time\" content=\"2020-10-12T07:18:22+00:00\" \/>\n<meta name=\"twitter:card\" content=\"summary_large_image\" \/>\n<meta name=\"twitter:label1\" content=\"Est. reading time\" \/>\n\t<meta name=\"twitter:data1\" content=\"3 minutit\" \/>\n<script type=\"application\/ld+json\" class=\"yoast-schema-graph\">{\"@context\":\"https:\/\/schema.org\",\"@graph\":[{\"@type\":\"WebPage\",\"@id\":\"https:\/\/ciygifts.com\/en\/privacy-policy\",\"url\":\"https:\/\/ciygifts.com\/en\/privacy-policy\",\"name\":\"Privacy Policy - CIY Gifts\",\"isPartOf\":{\"@id\":\"https:\/\/ciygifts.com\/en\/#website\"},\"datePublished\":\"2020-09-13T18:15:08+00:00\",\"dateModified\":\"2020-10-12T07:18:22+00:00\",\"breadcrumb\":{\"@id\":\"https:\/\/ciygifts.com\/en\/privacy-policy#breadcrumb\"},\"inLanguage\":\"et\",\"potentialAction\":[{\"@type\":\"ReadAction\",\"target\":[\"https:\/\/ciygifts.com\/en\/privacy-policy\"]}]},{\"@type\":\"BreadcrumbList\",\"@id\":\"https:\/\/ciygifts.com\/en\/privacy-policy#breadcrumb\",\"itemListElement\":[{\"@type\":\"ListItem\",\"position\":1,\"name\":\"Home\",\"item\":\"https:\/\/ciygifts.com\/en\/\"},{\"@type\":\"ListItem\",\"position\":2,\"name\":\"Privacy Policy\"}]},{\"@type\":\"WebSite\",\"@id\":\"https:\/\/ciygifts.com\/en\/#website\",\"url\":\"https:\/\/ciygifts.com\/en\/\",\"name\":\"CIY Gifts\",\"description\":\"Colour In Your meaningful moments and memories\",\"publisher\":{\"@id\":\"https:\/\/ciygifts.com\/en\/#organization\"},\"potentialAction\":[{\"@type\":\"SearchAction\",\"target\":{\"@type\":\"EntryPoint\",\"urlTemplate\":\"https:\/\/ciygifts.com\/en\/?s={search_term_string}\"},\"query-input\":\"required name=search_term_string\"}],\"inLanguage\":\"et\"},{\"@type\":\"Organization\",\"@id\":\"https:\/\/ciygifts.com\/en\/#organization\",\"name\":\"CIY Gifts\",\"url\":\"https:\/\/ciygifts.com\/en\/\",\"logo\":{\"@type\":\"ImageObject\",\"inLanguage\":\"et\",\"@id\":\"https:\/\/ciygifts.com\/en\/#\/schema\/logo\/image\/\",\"url\":\"https:\/\/ciygifts.com\/wp-content\/uploads\/2022\/04\/cropped-GIFT-SHOP.png\",\"contentUrl\":\"https:\/\/ciygifts.com\/wp-content\/uploads\/2022\/04\/cropped-GIFT-SHOP.png\",\"width\":300,\"height\":306,\"caption\":\"CIY Gifts\"},\"image\":{\"@id\":\"https:\/\/ciygifts.com\/en\/#\/schema\/logo\/image\/\"}}]}<\/script>\n<!-- \/ Yoast SEO plugin. -->","yoast_head_json":{"title":"Privacy Policy - CIY Gifts","robots":{"index":"index","follow":"follow","max-snippet":"max-snippet:-1","max-image-preview":"max-image-preview:large","max-video-preview":"max-video-preview:-1"},"canonical":"https:\/\/ciygifts.com\/et\/privacy-policy\/","og_locale":"et_EE","og_type":"article","og_title":"Privacy Policy - CIY Gifts","og_description":"\u00a0 PRIVACY POLICY Solutions Lab O\u00dc (CIYgifts.com) is committed to protecting the privacy of customers and users. Based on this, we have developed the following privacy policy principles for collecting, using, publishing, transmitting and storing customer data. Our activities on the Internet are in accordance with all the laws of the Republic of Estonia and [&hellip;]","og_url":"https:\/\/ciygifts.com\/et\/privacy-policy\/","og_site_name":"CIY Gifts","article_modified_time":"2020-10-12T07:18:22+00:00","twitter_card":"summary_large_image","twitter_misc":{"Est. reading time":"3 minutit"},"schema":{"@context":"https:\/\/schema.org","@graph":[{"@type":"WebPage","@id":"https:\/\/ciygifts.com\/en\/privacy-policy","url":"https:\/\/ciygifts.com\/en\/privacy-policy","name":"Privacy Policy - CIY Gifts","isPartOf":{"@id":"https:\/\/ciygifts.com\/en\/#website"},"datePublished":"2020-09-13T18:15:08+00:00","dateModified":"2020-10-12T07:18:22+00:00","breadcrumb":{"@id":"https:\/\/ciygifts.com\/en\/privacy-policy#breadcrumb"},"inLanguage":"et","potentialAction":[{"@type":"ReadAction","target":["https:\/\/ciygifts.com\/en\/privacy-policy"]}]},{"@type":"BreadcrumbList","@id":"https:\/\/ciygifts.com\/en\/privacy-policy#breadcrumb","itemListElement":[{"@type":"ListItem","position":1,"name":"Home","item":"https:\/\/ciygifts.com\/en\/"},{"@type":"ListItem","position":2,"name":"Privacy Policy"}]},{"@type":"WebSite","@id":"https:\/\/ciygifts.com\/en\/#website","url":"https:\/\/ciygifts.com\/en\/","name":"CIY Gifts","description":"Colour In Your meaningful moments and memories","publisher":{"@id":"https:\/\/ciygifts.com\/en\/#organization"},"potentialAction":[{"@type":"SearchAction","target":{"@type":"EntryPoint","urlTemplate":"https:\/\/ciygifts.com\/en\/?s={search_term_string}"},"query-input":"required name=search_term_string"}],"inLanguage":"et"},{"@type":"Organization","@id":"https:\/\/ciygifts.com\/en\/#organization","name":"CIY Gifts","url":"https:\/\/ciygifts.com\/en\/","logo":{"@type":"ImageObject","inLanguage":"et","@id":"https:\/\/ciygifts.com\/en\/#\/schema\/logo\/image\/","url":"https:\/\/ciygifts.com\/wp-content\/uploads\/2022\/04\/cropped-GIFT-SHOP.png","contentUrl":"https:\/\/ciygifts.com\/wp-content\/uploads\/2022\/04\/cropped-GIFT-SHOP.png","width":300,"height":306,"caption":"CIY Gifts"},"image":{"@id":"https:\/\/ciygifts.com\/en\/#\/schema\/logo\/image\/"}}]}},"_links":{"self":[{"href":"https:\/\/ciygifts.com\/et\/wp-json\/wp\/v2\/pages\/3"}],"collection":[{"href":"https:\/\/ciygifts.com\/et\/wp-json\/wp\/v2\/pages"}],"about":[{"href":"https:\/\/ciygifts.com\/et\/wp-json\/wp\/v2\/types\/page"}],"author":[{"embeddable":true,"href":"https:\/\/ciygifts.com\/et\/wp-json\/wp\/v2\/users\/1"}],"replies":[{"embeddable":true,"href":"https:\/\/ciygifts.com\/et\/wp-json\/wp\/v2\/comments?post=3"}],"version-history":[{"count":5,"href":"https:\/\/ciygifts.com\/et\/wp-json\/wp\/v2\/pages\/3\/revisions"}],"predecessor-version":[{"id":419,"href":"https:\/\/ciygifts.com\/et\/wp-json\/wp\/v2\/pages\/3\/revisions\/419"}],"wp:attachment":[{"href":"https:\/\/ciygifts.com\/et\/wp-json\/wp\/v2\/media?parent=3"}],"curies":[{"name":"wp","href":"https:\/\/api.w.org\/{rel}","templated":true}]}}