{"id":2086,"date":"2022-10-27T20:35:14","date_gmt":"2022-10-27T17:35:14","guid":{"rendered":"https:\/\/ciygifts.com\/?page_id=2086"},"modified":"2022-10-27T20:49:25","modified_gmt":"2022-10-27T17:49:25","slug":"new-personalised-notebook","status":"publish","type":"page","link":"https:\/\/ciygifts.com\/et\/new-personalised-notebook","title":{"rendered":"NEW! Personalised notebook"},"content":{"rendered":"<div data-elementor-type=\"wp-page\" data-elementor-id=\"2086\" class=\"elementor elementor-2086\">\n\t\t\t\t\t\t<div class=\"elementor-inner\">\n\t\t\t\t<div class=\"elementor-section-wrap\">\n\t\t\t\t\t\t\t\t\t<section class=\"elementor-section elementor-top-section elementor-element elementor-element-f01ce91 elementor-section-boxed elementor-section-height-default elementor-section-height-default\" data-id=\"f01ce91\" data-element_type=\"section\">\n\t\t\t\t\t\t<div class=\"elementor-container elementor-column-gap-default\">\n\t\t\t\t\t\t\t<div class=\"elementor-row\">\n\t\t\t\t\t<div class=\"elementor-column elementor-col-100 elementor-top-column elementor-element elementor-element-2e8a90e\" data-id=\"2e8a90e\" data-element_type=\"column\">\n\t\t\t<div class=\"elementor-column-wrap elementor-element-populated\">\n\t\t\t\t\t\t\t<div class=\"elementor-widget-wrap\">\n\t\t\t\t\t\t<div class=\"elementor-element elementor-element-c272df3 elementor-widget elementor-widget-text-editor\" data-id=\"c272df3\" data-element_type=\"widget\" data-widget_type=\"text-editor.default\">\n\t\t\t\t<div class=\"elementor-widget-container\">\n\t\t\t\t\t\t\t\t<div class=\"elementor-text-editor elementor-clearfix\">\n\t\t\t\t<p style=\"text-align: center;\"><strong><span style=\"font-size: 18px;\">UUS! Nimeline m\u00e4rkmik <\/span><br \/><\/strong><\/p><p style=\"text-align: center;\"><strong> eriline ja praktiline kingitus nii sinu tiimiliikmetele, klientidele kui partneritele<br \/><\/strong><\/p>\t\t\t\t\t<\/div>\n\t\t\t\t\t\t<\/div>\n\t\t\t\t<\/div>\n\t\t\t\t\t\t<\/div>\n\t\t\t\t\t<\/div>\n\t\t<\/div>\n\t\t\t\t\t\t\t\t<\/div>\n\t\t\t\t\t<\/div>\n\t\t<\/section>\n\t\t\t\t<section class=\"elementor-section elementor-top-section elementor-element elementor-element-76b83a3 elementor-section-boxed elementor-section-height-default elementor-section-height-default\" data-id=\"76b83a3\" data-element_type=\"section\">\n\t\t\t\t\t\t<div class=\"elementor-container elementor-column-gap-default\">\n\t\t\t\t\t\t\t<div class=\"elementor-row\">\n\t\t\t\t\t<div class=\"elementor-column elementor-col-16 elementor-top-column elementor-element elementor-element-8e5007d\" data-id=\"8e5007d\" data-element_type=\"column\">\n\t\t\t<div class=\"elementor-column-wrap\">\n\t\t\t\t\t\t\t<div class=\"elementor-widget-wrap\">\n\t\t\t\t\t\t\t\t<\/div>\n\t\t\t\t\t<\/div>\n\t\t<\/div>\n\t\t\t\t<div class=\"elementor-column elementor-col-66 elementor-top-column elementor-element elementor-element-f9fcb3b\" data-id=\"f9fcb3b\" data-element_type=\"column\">\n\t\t\t<div class=\"elementor-column-wrap elementor-element-populated\">\n\t\t\t\t\t\t\t<div class=\"elementor-widget-wrap\">\n\t\t\t\t\t\t<div class=\"elementor-element elementor-element-6ca67c0 elementor-widget elementor-widget-image\" data-id=\"6ca67c0\" data-element_type=\"widget\" data-widget_type=\"image.default\">\n\t\t\t\t<div class=\"elementor-widget-container\">\n\t\t\t\t\t\t\t\t<div class=\"elementor-image\">\n\t\t\t\t\t\t\t\t\t\t\t\t<img loading=\"lazy\" decoding=\"async\" width=\"300\" height=\"156\" src=\"https:\/\/ciygifts.com\/wp-content\/uploads\/2022\/10\/Maigis-notes-FB-e1689702907868-300x156.png\" class=\"attachment-medium size-medium wp-image-2088\" alt=\"\" srcset=\"https:\/\/ciygifts.com\/wp-content\/uploads\/2022\/10\/Maigis-notes-FB-e1689702907868-300x156.png 300w, https:\/\/ciygifts.com\/wp-content\/uploads\/2022\/10\/Maigis-notes-FB-e1689702907868-768x399.png 768w, https:\/\/ciygifts.com\/wp-content\/uploads\/2022\/10\/Maigis-notes-FB-e1689702907868-18x9.png 18w, https:\/\/ciygifts.com\/wp-content\/uploads\/2022\/10\/Maigis-notes-FB-e1689702907868-600x311.png 600w, https:\/\/ciygifts.com\/wp-content\/uploads\/2022\/10\/Maigis-notes-FB-e1689702907868.png 940w\" sizes=\"(max-width: 300px) 100vw, 300px\" \/>\t\t\t\t\t\t\t\t\t\t\t\t\t\t<\/div>\n\t\t\t\t\t\t<\/div>\n\t\t\t\t<\/div>\n\t\t\t\t\t\t<\/div>\n\t\t\t\t\t<\/div>\n\t\t<\/div>\n\t\t\t\t<div class=\"elementor-column elementor-col-16 elementor-top-column elementor-element elementor-element-a27ad79\" data-id=\"a27ad79\" data-element_type=\"column\">\n\t\t\t<div class=\"elementor-column-wrap\">\n\t\t\t\t\t\t\t<div class=\"elementor-widget-wrap\">\n\t\t\t\t\t\t\t\t<\/div>\n\t\t\t\t\t<\/div>\n\t\t<\/div>\n\t\t\t\t\t\t\t\t<\/div>\n\t\t\t\t\t<\/div>\n\t\t<\/section>\n\t\t\t\t<section class=\"elementor-section elementor-top-section elementor-element elementor-element-168152e elementor-section-boxed elementor-section-height-default elementor-section-height-default\" data-id=\"168152e\" data-element_type=\"section\">\n\t\t\t\t\t\t<div class=\"elementor-container elementor-column-gap-default\">\n\t\t\t\t\t\t\t<div class=\"elementor-row\">\n\t\t\t\t\t<div class=\"elementor-column elementor-col-100 elementor-top-column elementor-element elementor-element-300eec3\" data-id=\"300eec3\" data-element_type=\"column\">\n\t\t\t<div class=\"elementor-column-wrap elementor-element-populated\">\n\t\t\t\t\t\t\t<div class=\"elementor-widget-wrap\">\n\t\t\t\t\t\t<div class=\"elementor-element elementor-element-7264555 elementor-widget elementor-widget-text-editor\" data-id=\"7264555\" data-element_type=\"widget\" data-widget_type=\"text-editor.default\">\n\t\t\t\t<div class=\"elementor-widget-container\">\n\t\t\t\t\t\t\t\t<div class=\"elementor-text-editor elementor-clearfix\">\n\t\t\t\t<p>See lihtne, kuid samas eristuv ja personaalne A5 m\u00e4rkmik sobib kinkimiseks k\u00f5igile.<\/p><p>Esikaas pildil on illustratiivne - selle kujunduse saad soovi korral ise m\u00e4\u00e4rata. M\u00e4rkmiku teeb unikaalseks v\u00f5imalus igale m\u00e4rkmikule selle saaja nimi v\u00f5i oluline s\u00f5num tr\u00fckkida. \nPane t\u00e4hele, et hetkel pakume seda eritellimusena neile, kes tellivad korraga suuremas koguses (alates 50 m\u00e4rkmikust). \u00dcksikult me neid hetkel ei paku.<\/p><p>M\u00e4rkmiku m\u00f5\u00f5dud: A5 (148x210 mm)<br \/>Esi- ja tagakaas: tugev 300 gr kvaliteetpaber<br \/>M\u00e4rkmikus on 60 valget\/kreemikat m\u00e4rkmepaberi lehte\/120 lehek\u00fclge<br \/>Kinnitus: spiraalk\u00f6ide<br \/><br \/><a href=\"https:\/\/ciygifts.com\/et\/contact\/\" target=\"_blank\" rel=\"noopener\">V\u00f5ta meiega \u00fchendust <\/a>ja teeme sulle personaalse pakkumise. <\/p>\t\t\t\t\t<\/div>\n\t\t\t\t\t\t<\/div>\n\t\t\t\t<\/div>\n\t\t\t\t\t\t<\/div>\n\t\t\t\t\t<\/div>\n\t\t<\/div>\n\t\t\t\t\t\t\t\t<\/div>\n\t\t\t\t\t<\/div>\n\t\t<\/section>\n\t\t\t\t\t\t\t\t\t<\/div>\n\t\t\t<\/div>\n\t\t\t\t\t<\/div>","protected":false},"excerpt":{"rendered":"<p>NEW! Custom-made personalised notebook great idea for a business gift\u00a0 &#8211; to your customers, partners or employees This custom-made, simple, but unique notebook is a perfect addition to your desk, a gift for your team-members or customers you care. You can personalise the notebook by adding the person\u00b4s name or a message and ordering a [&hellip;]<\/p>","protected":false},"author":1,"featured_media":0,"parent":0,"menu_order":0,"comment_status":"closed","ping_status":"closed","template":"","meta":{"_mi_skip_tracking":false,"_monsterinsights_sitenote_active":false,"_monsterinsights_sitenote_note":"","_monsterinsights_sitenote_category":0,"footnotes":""},"yoast_head":"<!-- This site is optimized with the Yoast SEO plugin v20.11 - https:\/\/yoast.com\/wordpress\/plugins\/seo\/ -->\n<title>NEW! Personalised notebook - CIY Gifts<\/title>\n<meta name=\"robots\" content=\"index, follow, max-snippet:-1, max-image-preview:large, max-video-preview:-1\" \/>\n<link rel=\"canonical\" href=\"https:\/\/ciygifts.com\/et\/new-personalised-notebook\/\" \/>\n<meta property=\"og:locale\" content=\"et_EE\" \/>\n<meta property=\"og:type\" content=\"article\" \/>\n<meta property=\"og:title\" content=\"NEW! Personalised notebook - CIY Gifts\" \/>\n<meta property=\"og:description\" content=\"NEW! Custom-made personalised notebook great idea for a business gift\u00a0 &#8211; to your customers, partners or employees This custom-made, simple, but unique notebook is a perfect addition to your desk, a gift for your team-members or customers you care. You can personalise the notebook by adding the person\u00b4s name or a message and ordering a [&hellip;]\" \/>\n<meta property=\"og:url\" content=\"https:\/\/ciygifts.com\/et\/new-personalised-notebook\/\" \/>\n<meta property=\"og:site_name\" content=\"CIY Gifts\" \/>\n<meta property=\"article:modified_time\" content=\"2022-10-27T17:49:25+00:00\" \/>\n<meta property=\"og:image\" content=\"https:\/\/ciygifts.com\/wp-content\/uploads\/2022\/10\/Maigis-notes-FB-e1666890288703-300x178.png\" \/>\n<meta name=\"twitter:card\" content=\"summary_large_image\" \/>\n<meta name=\"twitter:label1\" content=\"Est. reading time\" \/>\n\t<meta name=\"twitter:data1\" content=\"1 minut\" \/>\n<script type=\"application\/ld+json\" class=\"yoast-schema-graph\">{\"@context\":\"https:\/\/schema.org\",\"@graph\":[{\"@type\":\"WebPage\",\"@id\":\"https:\/\/ciygifts.com\/en\/new-personalised-notebook\",\"url\":\"https:\/\/ciygifts.com\/en\/new-personalised-notebook\",\"name\":\"NEW! Personalised notebook - CIY Gifts\",\"isPartOf\":{\"@id\":\"https:\/\/ciygifts.com\/en\/#website\"},\"datePublished\":\"2022-10-27T17:35:14+00:00\",\"dateModified\":\"2022-10-27T17:49:25+00:00\",\"breadcrumb\":{\"@id\":\"https:\/\/ciygifts.com\/en\/new-personalised-notebook#breadcrumb\"},\"inLanguage\":\"et\",\"potentialAction\":[{\"@type\":\"ReadAction\",\"target\":[\"https:\/\/ciygifts.com\/en\/new-personalised-notebook\"]}]},{\"@type\":\"BreadcrumbList\",\"@id\":\"https:\/\/ciygifts.com\/en\/new-personalised-notebook#breadcrumb\",\"itemListElement\":[{\"@type\":\"ListItem\",\"position\":1,\"name\":\"Home\",\"item\":\"https:\/\/ciygifts.com\/en\/\"},{\"@type\":\"ListItem\",\"position\":2,\"name\":\"NEW! Personalised notebook\"}]},{\"@type\":\"WebSite\",\"@id\":\"https:\/\/ciygifts.com\/en\/#website\",\"url\":\"https:\/\/ciygifts.com\/en\/\",\"name\":\"CIY Gifts\",\"description\":\"Colour In Your meaningful moments and memories\",\"publisher\":{\"@id\":\"https:\/\/ciygifts.com\/en\/#organization\"},\"potentialAction\":[{\"@type\":\"SearchAction\",\"target\":{\"@type\":\"EntryPoint\",\"urlTemplate\":\"https:\/\/ciygifts.com\/en\/?s={search_term_string}\"},\"query-input\":\"required name=search_term_string\"}],\"inLanguage\":\"et\"},{\"@type\":\"Organization\",\"@id\":\"https:\/\/ciygifts.com\/en\/#organization\",\"name\":\"CIY Gifts\",\"url\":\"https:\/\/ciygifts.com\/en\/\",\"logo\":{\"@type\":\"ImageObject\",\"inLanguage\":\"et\",\"@id\":\"https:\/\/ciygifts.com\/en\/#\/schema\/logo\/image\/\",\"url\":\"https:\/\/ciygifts.com\/wp-content\/uploads\/2022\/04\/cropped-GIFT-SHOP.png\",\"contentUrl\":\"https:\/\/ciygifts.com\/wp-content\/uploads\/2022\/04\/cropped-GIFT-SHOP.png\",\"width\":300,\"height\":306,\"caption\":\"CIY Gifts\"},\"image\":{\"@id\":\"https:\/\/ciygifts.com\/en\/#\/schema\/logo\/image\/\"}}]}<\/script>\n<!-- \/ Yoast SEO plugin. -->","yoast_head_json":{"title":"NEW! Personalised notebook - CIY Gifts","robots":{"index":"index","follow":"follow","max-snippet":"max-snippet:-1","max-image-preview":"max-image-preview:large","max-video-preview":"max-video-preview:-1"},"canonical":"https:\/\/ciygifts.com\/et\/new-personalised-notebook\/","og_locale":"et_EE","og_type":"article","og_title":"NEW! Personalised notebook - CIY Gifts","og_description":"NEW! Custom-made personalised notebook great idea for a business gift\u00a0 &#8211; to your customers, partners or employees This custom-made, simple, but unique notebook is a perfect addition to your desk, a gift for your team-members or customers you care. You can personalise the notebook by adding the person\u00b4s name or a message and ordering a [&hellip;]","og_url":"https:\/\/ciygifts.com\/et\/new-personalised-notebook\/","og_site_name":"CIY Gifts","article_modified_time":"2022-10-27T17:49:25+00:00","og_image":[{"url":"https:\/\/ciygifts.com\/wp-content\/uploads\/2022\/10\/Maigis-notes-FB-e1666890288703-300x178.png"}],"twitter_card":"summary_large_image","twitter_misc":{"Est. reading time":"1 minut"},"schema":{"@context":"https:\/\/schema.org","@graph":[{"@type":"WebPage","@id":"https:\/\/ciygifts.com\/en\/new-personalised-notebook","url":"https:\/\/ciygifts.com\/en\/new-personalised-notebook","name":"NEW! Personalised notebook - CIY Gifts","isPartOf":{"@id":"https:\/\/ciygifts.com\/en\/#website"},"datePublished":"2022-10-27T17:35:14+00:00","dateModified":"2022-10-27T17:49:25+00:00","breadcrumb":{"@id":"https:\/\/ciygifts.com\/en\/new-personalised-notebook#breadcrumb"},"inLanguage":"et","potentialAction":[{"@type":"ReadAction","target":["https:\/\/ciygifts.com\/en\/new-personalised-notebook"]}]},{"@type":"BreadcrumbList","@id":"https:\/\/ciygifts.com\/en\/new-personalised-notebook#breadcrumb","itemListElement":[{"@type":"ListItem","position":1,"name":"Home","item":"https:\/\/ciygifts.com\/en\/"},{"@type":"ListItem","position":2,"name":"NEW! Personalised notebook"}]},{"@type":"WebSite","@id":"https:\/\/ciygifts.com\/en\/#website","url":"https:\/\/ciygifts.com\/en\/","name":"CIY Gifts","description":"Colour In Your meaningful moments and memories","publisher":{"@id":"https:\/\/ciygifts.com\/en\/#organization"},"potentialAction":[{"@type":"SearchAction","target":{"@type":"EntryPoint","urlTemplate":"https:\/\/ciygifts.com\/en\/?s={search_term_string}"},"query-input":"required name=search_term_string"}],"inLanguage":"et"},{"@type":"Organization","@id":"https:\/\/ciygifts.com\/en\/#organization","name":"CIY Gifts","url":"https:\/\/ciygifts.com\/en\/","logo":{"@type":"ImageObject","inLanguage":"et","@id":"https:\/\/ciygifts.com\/en\/#\/schema\/logo\/image\/","url":"https:\/\/ciygifts.com\/wp-content\/uploads\/2022\/04\/cropped-GIFT-SHOP.png","contentUrl":"https:\/\/ciygifts.com\/wp-content\/uploads\/2022\/04\/cropped-GIFT-SHOP.png","width":300,"height":306,"caption":"CIY Gifts"},"image":{"@id":"https:\/\/ciygifts.com\/en\/#\/schema\/logo\/image\/"}}]}},"_links":{"self":[{"href":"https:\/\/ciygifts.com\/et\/wp-json\/wp\/v2\/pages\/2086"}],"collection":[{"href":"https:\/\/ciygifts.com\/et\/wp-json\/wp\/v2\/pages"}],"about":[{"href":"https:\/\/ciygifts.com\/et\/wp-json\/wp\/v2\/types\/page"}],"author":[{"embeddable":true,"href":"https:\/\/ciygifts.com\/et\/wp-json\/wp\/v2\/users\/1"}],"replies":[{"embeddable":true,"href":"https:\/\/ciygifts.com\/et\/wp-json\/wp\/v2\/comments?post=2086"}],"version-history":[{"count":4,"href":"https:\/\/ciygifts.com\/et\/wp-json\/wp\/v2\/pages\/2086\/revisions"}],"predecessor-version":[{"id":2091,"href":"https:\/\/ciygifts.com\/et\/wp-json\/wp\/v2\/pages\/2086\/revisions\/2091"}],"wp:attachment":[{"href":"https:\/\/ciygifts.com\/et\/wp-json\/wp\/v2\/media?parent=2086"}],"curies":[{"name":"wp","href":"https:\/\/api.w.org\/{rel}","templated":true}]}}