{"id":1104,"date":"2021-08-17T20:55:54","date_gmt":"2021-08-17T17:55:54","guid":{"rendered":"https:\/\/ciygifts.com\/?page_id=1104"},"modified":"2023-01-23T18:10:23","modified_gmt":"2023-01-23T16:10:23","slug":"resellers","status":"publish","type":"page","link":"https:\/\/ciygifts.com\/et\/resellers","title":{"rendered":"Edasim\u00fc\u00fcjad"},"content":{"rendered":"<div data-elementor-type=\"wp-page\" data-elementor-id=\"1104\" class=\"elementor elementor-1104\">\n\t\t\t\t\t\t<div class=\"elementor-inner\">\n\t\t\t\t<div class=\"elementor-section-wrap\">\n\t\t\t\t\t\t\t\t\t<section class=\"elementor-section elementor-top-section elementor-element elementor-element-30effb98 elementor-section-boxed elementor-section-height-default elementor-section-height-default\" data-id=\"30effb98\" data-element_type=\"section\">\n\t\t\t\t\t\t<div class=\"elementor-container elementor-column-gap-default\">\n\t\t\t\t\t\t\t<div class=\"elementor-row\">\n\t\t\t\t\t<div class=\"elementor-column elementor-col-100 elementor-top-column elementor-element elementor-element-58a69a41\" data-id=\"58a69a41\" data-element_type=\"column\">\n\t\t\t<div class=\"elementor-column-wrap elementor-element-populated\">\n\t\t\t\t\t\t\t<div class=\"elementor-widget-wrap\">\n\t\t\t\t\t\t<div class=\"elementor-element elementor-element-2835b8bd elementor-widget elementor-widget-text-editor\" data-id=\"2835b8bd\" data-element_type=\"widget\" data-widget_type=\"text-editor.default\">\n\t\t\t\t<div class=\"elementor-widget-container\">\n\t\t\t\t\t\t\t\t<div class=\"elementor-text-editor elementor-clearfix\">\n\t\t\t\t<p><span style=\"font-size: 14px; color: var( --e-global-color-text );\"><br>Valik meie tooteid on saadaval ka valitud poodides \u00fcle Eesti. Kui Sulle samuti meie tooted meeldivad ja sooviksid neid edasi m\u00fc\u00fca, palun <\/span><strong style=\"font-size: 14px; color: var( --e-global-color-text );\"><a href=\"https:\/\/ciygifts.com\/et\/contact\/\" target=\"_blank\" rel=\"noopener noreferrer\">v\u00f5ta meiega \u00fchendust<\/a>.&nbsp;<\/strong><\/p>\n<p><strong>TALLINN<br>P\u00e4rl shop Solaris, <\/strong>Estonia pst 9, Solaris Keskus<br>Rohkem infot leiad nende kodulehelt <a href=\"https:\/\/parlpood.ee\/\" target=\"_blank\" rel=\"noopener\">p\u00e4rlpood.ee<\/a><\/p>\n<p><strong>P\u00c4RNU<br>Kink ja Viik<\/strong>, R\u00fc\u00fctli 33, P\u00e4rnu, P\u00e4rnu county<br>Tutvu nendega FB kaudu:&nbsp;<a href=\"https:\/\/www.facebook.com\/kinkjaviik\" target=\"_blank\" rel=\"noopener noreferrer\">Kink ja Viik <\/a><\/p>\n<p><strong>TARTU<br><\/strong><\/p>\n<p><strong>Roosiait<\/strong>, Poe 10, Tartu, Tartu county<br>Rohkem infot leiad nende kodulehelt&nbsp;<a href=\"http:\/\/www.roosiait.ee\/\" target=\"_blank\" rel=\"noopener noreferrer\">Roosiait<\/a><\/p>\t\t\t\t\t<\/div>\n\t\t\t\t\t\t<\/div>\n\t\t\t\t<\/div>\n\t\t\t\t\t\t<\/div>\n\t\t\t\t\t<\/div>\n\t\t<\/div>\n\t\t\t\t\t\t\t\t<\/div>\n\t\t\t\t\t<\/div>\n\t\t<\/section>\n\t\t\t\t\t\t\t\t\t<\/div>\n\t\t\t<\/div>\n\t\t\t\t\t<\/div>","protected":false},"excerpt":{"rendered":"<p>The selection of our products can also be found from the following resellers in Estonia. If you find our products interesting and would like to be part of this list, please contact us.&nbsp; TALLINNP\u00e4rl shop Solaris, Estonia pst 9, Solaris CentreLook for more from their webpage p\u00e4rlpood.ee P\u00c4RNUKink ja Viik, R\u00fc\u00fctli 33, P\u00e4rnu, P\u00e4rnu countyLook [&hellip;]<\/p>","protected":false},"author":1,"featured_media":0,"parent":0,"menu_order":0,"comment_status":"closed","ping_status":"closed","template":"","meta":{"_mi_skip_tracking":false,"_monsterinsights_sitenote_active":false,"_monsterinsights_sitenote_note":"","_monsterinsights_sitenote_category":0,"footnotes":""},"yoast_head":"<!-- This site is optimized with the Yoast SEO plugin v20.11 - https:\/\/yoast.com\/wordpress\/plugins\/seo\/ -->\n<title>Resellers - CIY Gifts<\/title>\n<meta name=\"robots\" content=\"index, follow, max-snippet:-1, max-image-preview:large, max-video-preview:-1\" \/>\n<link rel=\"canonical\" href=\"https:\/\/ciygifts.com\/et\/resellers\" \/>\n<meta property=\"og:locale\" content=\"et_EE\" \/>\n<meta property=\"og:type\" content=\"article\" \/>\n<meta property=\"og:title\" content=\"Resellers - CIY Gifts\" \/>\n<meta property=\"og:description\" content=\"The selection of our products can also be found from the following resellers in Estonia. If you find our products interesting and would like to be part of this list, please contact us.&nbsp; TALLINNP\u00e4rl shop Solaris, Estonia pst 9, Solaris CentreLook for more from their webpage p\u00e4rlpood.ee P\u00c4RNUKink ja Viik, R\u00fc\u00fctli 33, P\u00e4rnu, P\u00e4rnu countyLook [&hellip;]\" \/>\n<meta property=\"og:url\" content=\"https:\/\/ciygifts.com\/et\/resellers\" \/>\n<meta property=\"og:site_name\" content=\"CIY Gifts\" \/>\n<meta property=\"article:modified_time\" content=\"2023-01-23T16:10:23+00:00\" \/>\n<meta name=\"twitter:card\" content=\"summary_large_image\" \/>\n<meta name=\"twitter:label1\" content=\"Est. reading time\" \/>\n\t<meta name=\"twitter:data1\" content=\"1 minut\" \/>\n<script type=\"application\/ld+json\" class=\"yoast-schema-graph\">{\"@context\":\"https:\/\/schema.org\",\"@graph\":[{\"@type\":\"WebPage\",\"@id\":\"https:\/\/ciygifts.com\/et\/resellers\",\"url\":\"https:\/\/ciygifts.com\/et\/resellers\",\"name\":\"Resellers - CIY Gifts\",\"isPartOf\":{\"@id\":\"https:\/\/ciygifts.com\/en\/#website\"},\"datePublished\":\"2021-08-17T17:55:54+00:00\",\"dateModified\":\"2023-01-23T16:10:23+00:00\",\"breadcrumb\":{\"@id\":\"https:\/\/ciygifts.com\/et\/resellers#breadcrumb\"},\"inLanguage\":\"et\",\"potentialAction\":[{\"@type\":\"ReadAction\",\"target\":[\"https:\/\/ciygifts.com\/et\/resellers\"]}]},{\"@type\":\"BreadcrumbList\",\"@id\":\"https:\/\/ciygifts.com\/et\/resellers#breadcrumb\",\"itemListElement\":[{\"@type\":\"ListItem\",\"position\":1,\"name\":\"Home\",\"item\":\"https:\/\/ciygifts.com\/en\/\"},{\"@type\":\"ListItem\",\"position\":2,\"name\":\"Resellers\"}]},{\"@type\":\"WebSite\",\"@id\":\"https:\/\/ciygifts.com\/en\/#website\",\"url\":\"https:\/\/ciygifts.com\/en\/\",\"name\":\"CIY Gifts\",\"description\":\"Colour In Your meaningful moments and memories\",\"publisher\":{\"@id\":\"https:\/\/ciygifts.com\/en\/#organization\"},\"potentialAction\":[{\"@type\":\"SearchAction\",\"target\":{\"@type\":\"EntryPoint\",\"urlTemplate\":\"https:\/\/ciygifts.com\/en\/?s={search_term_string}\"},\"query-input\":\"required name=search_term_string\"}],\"inLanguage\":\"et\"},{\"@type\":\"Organization\",\"@id\":\"https:\/\/ciygifts.com\/en\/#organization\",\"name\":\"CIY Gifts\",\"url\":\"https:\/\/ciygifts.com\/en\/\",\"logo\":{\"@type\":\"ImageObject\",\"inLanguage\":\"et\",\"@id\":\"https:\/\/ciygifts.com\/en\/#\/schema\/logo\/image\/\",\"url\":\"https:\/\/ciygifts.com\/wp-content\/uploads\/2022\/04\/cropped-GIFT-SHOP.png\",\"contentUrl\":\"https:\/\/ciygifts.com\/wp-content\/uploads\/2022\/04\/cropped-GIFT-SHOP.png\",\"width\":300,\"height\":306,\"caption\":\"CIY Gifts\"},\"image\":{\"@id\":\"https:\/\/ciygifts.com\/en\/#\/schema\/logo\/image\/\"}}]}<\/script>\n<!-- \/ Yoast SEO plugin. -->","yoast_head_json":{"title":"Resellers - CIY Gifts","robots":{"index":"index","follow":"follow","max-snippet":"max-snippet:-1","max-image-preview":"max-image-preview:large","max-video-preview":"max-video-preview:-1"},"canonical":"https:\/\/ciygifts.com\/et\/resellers","og_locale":"et_EE","og_type":"article","og_title":"Resellers - CIY Gifts","og_description":"The selection of our products can also be found from the following resellers in Estonia. If you find our products interesting and would like to be part of this list, please contact us.&nbsp; TALLINNP\u00e4rl shop Solaris, Estonia pst 9, Solaris CentreLook for more from their webpage p\u00e4rlpood.ee P\u00c4RNUKink ja Viik, R\u00fc\u00fctli 33, P\u00e4rnu, P\u00e4rnu countyLook [&hellip;]","og_url":"https:\/\/ciygifts.com\/et\/resellers","og_site_name":"CIY Gifts","article_modified_time":"2023-01-23T16:10:23+00:00","twitter_card":"summary_large_image","twitter_misc":{"Est. reading time":"1 minut"},"schema":{"@context":"https:\/\/schema.org","@graph":[{"@type":"WebPage","@id":"https:\/\/ciygifts.com\/et\/resellers","url":"https:\/\/ciygifts.com\/et\/resellers","name":"Resellers - CIY Gifts","isPartOf":{"@id":"https:\/\/ciygifts.com\/en\/#website"},"datePublished":"2021-08-17T17:55:54+00:00","dateModified":"2023-01-23T16:10:23+00:00","breadcrumb":{"@id":"https:\/\/ciygifts.com\/et\/resellers#breadcrumb"},"inLanguage":"et","potentialAction":[{"@type":"ReadAction","target":["https:\/\/ciygifts.com\/et\/resellers"]}]},{"@type":"BreadcrumbList","@id":"https:\/\/ciygifts.com\/et\/resellers#breadcrumb","itemListElement":[{"@type":"ListItem","position":1,"name":"Home","item":"https:\/\/ciygifts.com\/en\/"},{"@type":"ListItem","position":2,"name":"Resellers"}]},{"@type":"WebSite","@id":"https:\/\/ciygifts.com\/en\/#website","url":"https:\/\/ciygifts.com\/en\/","name":"CIY Gifts","description":"Colour In Your meaningful moments and memories","publisher":{"@id":"https:\/\/ciygifts.com\/en\/#organization"},"potentialAction":[{"@type":"SearchAction","target":{"@type":"EntryPoint","urlTemplate":"https:\/\/ciygifts.com\/en\/?s={search_term_string}"},"query-input":"required name=search_term_string"}],"inLanguage":"et"},{"@type":"Organization","@id":"https:\/\/ciygifts.com\/en\/#organization","name":"CIY Gifts","url":"https:\/\/ciygifts.com\/en\/","logo":{"@type":"ImageObject","inLanguage":"et","@id":"https:\/\/ciygifts.com\/en\/#\/schema\/logo\/image\/","url":"https:\/\/ciygifts.com\/wp-content\/uploads\/2022\/04\/cropped-GIFT-SHOP.png","contentUrl":"https:\/\/ciygifts.com\/wp-content\/uploads\/2022\/04\/cropped-GIFT-SHOP.png","width":300,"height":306,"caption":"CIY Gifts"},"image":{"@id":"https:\/\/ciygifts.com\/en\/#\/schema\/logo\/image\/"}}]}},"_links":{"self":[{"href":"https:\/\/ciygifts.com\/et\/wp-json\/wp\/v2\/pages\/1104"}],"collection":[{"href":"https:\/\/ciygifts.com\/et\/wp-json\/wp\/v2\/pages"}],"about":[{"href":"https:\/\/ciygifts.com\/et\/wp-json\/wp\/v2\/types\/page"}],"author":[{"embeddable":true,"href":"https:\/\/ciygifts.com\/et\/wp-json\/wp\/v2\/users\/1"}],"replies":[{"embeddable":true,"href":"https:\/\/ciygifts.com\/et\/wp-json\/wp\/v2\/comments?post=1104"}],"version-history":[{"count":5,"href":"https:\/\/ciygifts.com\/et\/wp-json\/wp\/v2\/pages\/1104\/revisions"}],"predecessor-version":[{"id":2266,"href":"https:\/\/ciygifts.com\/et\/wp-json\/wp\/v2\/pages\/1104\/revisions\/2266"}],"wp:attachment":[{"href":"https:\/\/ciygifts.com\/et\/wp-json\/wp\/v2\/media?parent=1104"}],"curies":[{"name":"wp","href":"https:\/\/api.w.org\/{rel}","templated":true}]}}